{"id":4129,"date":"2026-01-18T17:01:39","date_gmt":"2026-01-18T17:01:39","guid":{"rendered":"https:\/\/allpack-gmbh.eu\/nadruk"},"modified":"2026-01-26T15:45:52","modified_gmt":"2026-01-26T15:45:52","slug":"nadruk","status":"publish","type":"page","link":"https:\/\/allpack-gmbh.eu\/pl\/nadruk","title":{"rendered":"Nadruk"},"content":{"rendered":"\t\t<div data-elementor-type=\"wp-page\" data-elementor-id=\"4129\" class=\"elementor elementor-4129 elementor-3537\" data-elementor-post-type=\"page\">\n\t\t\t\t<div class=\"elementor-element elementor-element-099e9f7 e-flex e-con-boxed wpr-particle-no wpr-jarallax-no wpr-parallax-no wpr-sticky-section-no e-con e-parent\" data-id=\"099e9f7\" data-element_type=\"container\" data-e-type=\"container\" data-settings=\"{&quot;background_background&quot;:&quot;classic&quot;}\">\n\t\t\t\t\t<div class=\"e-con-inner\">\n\t\t\t\t<div class=\"elementor-element elementor-element-4870ff9 elementor-widget__width-initial elementor-widget elementor-widget-heading\" data-id=\"4870ff9\" data-element_type=\"widget\" data-e-type=\"widget\" data-widget_type=\"heading.default\">\n\t\t\t\t\t<h1 class=\"elementor-heading-title elementor-size-default\">Nadruk<\/h1>\t\t\t\t<\/div>\n\t\t\t\t\t<\/div>\n\t\t\t\t<\/div>\n\t\t<div class=\"elementor-element elementor-element-c40892a e-flex e-con-boxed wpr-particle-no wpr-jarallax-no wpr-parallax-no wpr-sticky-section-no e-con e-parent\" data-id=\"c40892a\" data-element_type=\"container\" data-e-type=\"container\" data-settings=\"{&quot;background_background&quot;:&quot;classic&quot;}\">\n\t\t\t\t\t<div class=\"e-con-inner\">\n\t\t\t\t<div class=\"elementor-element elementor-element-878a7de elementor-widget__width-initial elementor-widget-mobile__width-inherit elementor-widget-tablet__width-inherit elementor-widget elementor-widget-text-editor\" data-id=\"878a7de\" data-element_type=\"widget\" data-e-type=\"widget\" data-widget_type=\"text-editor.default\">\n\t\t\t\t\t\t\t\t\t<section class=\"l-section wpb_row height_medium\"><div class=\"l-section-h i-cf\"><div class=\"g-cols vc_row type_default valign_top\"><div class=\"vc_col-sm-12 wpb_column vc_column_container\"><div class=\"vc_column-inner\"><div class=\"wpb_wrapper\"><div class=\"wpb_text_column\"><div class=\"wpb_wrapper\"><h2>Nadruk<\/h2><p><strong>Siedziba firmy:<\/strong><br>Sophienstrasse 44<br>60487 Frankfurt<\/p><p><strong>Adres pocztowy:<\/strong><br>Sophienstrasse 44<br>60487 Frankfurt<\/p><p>Dyrektorzy zarz\u0105dzaj\u0105cy: J\u00f6rg Bach i Stefanie Bach<\/p><p>Telefon: 069 &#8211; 13 82 81 46<br>Faks: 069 &#8211; 63 14 39 1<br>E-mail: info@allpack-gmbh.eu<\/p><p>Rejestr handlowy: HRB 126458 Frankfurt nad Menem<br>St.-Nr.: 014 228 22522<\/p><\/div><\/div><\/div><\/div><\/div><\/div><\/div><\/section><section class=\"l-section wpb_row height_medium\"><div class=\"l-section-h i-cf\"><div class=\"g-cols vc_row type_default valign_top\"><div class=\"vc_col-sm-12 wpb_column vc_column_container\"><div class=\"vc_column-inner\"><div class=\"wpb_wrapper\"><div class=\"wpb_text_column\"><div class=\"wpb_wrapper\"><h2>Zastrze\u017cenie<\/h2><p><strong>1. tre\u015b\u0107 oferty online<\/strong><\/p><p>Autor nie ponosi jakiejkolwiek odpowiedzialno\u015bci za aktualno\u015b\u0107, poprawno\u015b\u0107, kompletno\u015b\u0107 i jako\u015b\u0107 udost\u0119pnianych informacji. Roszczenia z tytu\u0142u odpowiedzialno\u015bci wobec autora, odnosz\u0105ce si\u0119 do szk\u00f3d materialnych lub niematerialnych, powsta\u0142ych w wyniku korzystania lub niekorzystania z przedstawionych informacji b\u0105d\u017a korzystania z informacji b\u0142\u0119dnych lub niekompletnych, s\u0105 zasadniczo wykluczone, o ile po stronie autora nie mo\u017cna wykaza\u0107 umy\u015blnego dzia\u0142ania lub ra\u017c\u0105cego niedbalstwa.<br>Wszystkie oferty s\u0105 niezobowi\u0105zuj\u0105ce i niewi\u0105\u017c\u0105ce. Autor zastrzega sobie wyra\u017anie prawo do zmiany, uzupe\u0142niania lub usuwania cz\u0119\u015bci stron lub ca\u0142ej oferty bez uprzedzenia, a tak\u017ce do czasowego lub ostatecznego zaprzestania publikacji.<\/p><p>2. Odes\u0142ania i linki<br>W przypadku bezpo\u015brednich lub po\u015brednich odes\u0142a\u0144 do obcych stron internetowych (\u201ehiperlink\u00f3w\u201d), kt\u00f3re znajduj\u0105 si\u0119 poza zakresem odpowiedzialno\u015bci autora, odpowiedzialno\u015b\u0107 mog\u0142aby powsta\u0107 wy\u0142\u0105cznie w sytuacji, gdy autor mia\u0142by wiedz\u0119 o ich tre\u015bci oraz gdyby by\u0142o technicznie mo\u017cliwe i uzasadnione zapobie\u017cenie korzystaniu z nich w przypadku tre\u015bci niezgodnych z prawem.<br>Autor niniejszym wyra\u017anie o\u015bwiadcza, \u017ce w momencie umieszczania link\u00f3w na stronach, do kt\u00f3rych one prowadzi\u0142y, nie by\u0142y widoczne \u017cadne tre\u015bci nielegalne. Autor nie ma wp\u0142ywu na aktualny lub przysz\u0142y kszta\u0142t, tre\u015b\u0107 lub autorstwo stron, do kt\u00f3rych odsy\u0142aj\u0105 zamieszczone przez niego linki. Z tego powodu dystansuje si\u0119 on niniejszym wyra\u017anie od wszelkich tre\u015bci wszystkich stron, do kt\u00f3rych odsy\u0142aj\u0105 opublikowane linki, kt\u00f3re zosta\u0142y zmienione po ich publikacji. To stwierdzenie dotyczy wszystkich link\u00f3w i odsy\u0142aczy umieszczonych na w\u0142asnej witrynie internetowej, jak r\u00f3wnie\u017c obcych wpis\u00f3w w ksi\u0119gach go\u015bci, forach dyskusyjnych, katalogach z linkami, listach mailingowych i wszystkich form baz danych utworzonych przez autora, kt\u00f3rych edycja jest mo\u017cliwa z zewn\u0105trz. Za nielegalne, b\u0142\u0119dne lub niekompletne tre\u015bci, w szczeg\u00f3lno\u015bci za szkody powsta\u0142e w wyniku wykorzystania lub niewykorzystania takich tre\u015bci, odpowiada wy\u0142\u0105cznie oferent danej strony, a nie osoba, kt\u00f3ra jedynie odsy\u0142a do danej publikacji za pomoc\u0105 link\u00f3w.<\/p><p>3. Prawa autorskie i prawo znak\u00f3w towarowych<br>Autor dok\u0142ada wszelkich stara\u0144, aby we wszystkich publikacjach przestrzega\u0107 praw autorskich do wykorzystywanych obraz\u00f3w, grafik, materia\u0142\u00f3w d\u017awi\u0119kowych, sekwencji wideo oraz tekst\u00f3w, korzysta\u0107 z materia\u0142\u00f3w stworzonych przez siebie lub si\u0119ga\u0107 po grafiki, materia\u0142y d\u017awi\u0119kowe, sekwencje wideo i teksty wolne od licencji.<br>Wszystkie nazwy marek i znaki towarowe wymienione w ramach oferty internetowej, kt\u00f3re mog\u0105 by\u0107 chronione przez osoby trzecie, podlegaj\u0105 bez ogranicze\u0144 przepisom obowi\u0105zuj\u0105cego prawa znak\u00f3w towarowych oraz prawom w\u0142asno\u015bci odpowiednich zarejestrowanych w\u0142a\u015bcicieli. Samo wymienienie znaku towarowego nie oznacza, \u017ce nie jest on chroniony prawami os\u00f3b trzecich!<br>Prawa autorskie do opublikowanych obiekt\u00f3w stworzonych przez samego autora nale\u017c\u0105 wy\u0142\u0105cznie do autora stron. Jakiekolwiek powielanie lub wykorzystywanie obiekt\u00f3w takich jak diagramy, d\u017awi\u0119ki lub teksty w innych publikacjach elektronicznych lub drukowanych jest niedozwolone bez zgody autora. <\/p><p>4. Ochrona danych<br>Je\u017celi w ramach oferty internetowej istnieje mo\u017cliwo\u015b\u0107 wprowadzania danych osobowych lub firmowych (adres\u00f3w e-mail, nazwisk, adres\u00f3w), podanie tych danych przez u\u017cytkownika odbywa si\u0119 wyra\u017anie na zasadzie dobrowolno\u015bci. Korzystanie i op\u0142acanie wszystkich oferowanych us\u0142ug jest dozwolone &#8211; o ile jest to technicznie mo\u017cliwe i uzasadnione &#8211; bez podawania danych osobowych lub z podaniem danych anonimowych lub pseudonimu. Wykorzystanie danych kontaktowych, takich jak adres\u00f3w pocztowych, numer\u00f3w telefonu i faksu oraz adres\u00f3w e-mail podanych w niniejszej nocie prawnej lub podobnych danych przez osoby trzecie w celu przesy\u0142ania informacji, kt\u00f3re nie zosta\u0142y wyra\u017anie za\u017c\u0105dane, jest niedozwolone. Wyra\u017anie zastrzegamy sobie prawo do podj\u0119cia krok\u00f3w prawnych przeciwko nadawcom tzw. spamu w przypadku naruszenia tego zakazu.<\/p><p>5. Wa\u017cno\u015b\u0107 prawna niniejszego wy\u0142\u0105czenia odpowiedzialno\u015bci<br>Niniejsze wy\u0142\u0105czenie odpowiedzialno\u015bci nale\u017cy traktowa\u0107 jako cz\u0119\u015b\u0107 oferty internetowej, z kt\u00f3rej nast\u0105pi\u0142o odes\u0142anie do tej strony. Je\u017celi jakie\u015b cz\u0119\u015bci lub poszczeg\u00f3lne sformu\u0142owania niniejszego tekstu nie s\u0105 (ju\u017c) zgodne z prawem lub s\u0105 niepe\u0142ne, to nie ma to wp\u0142ywu na tre\u015b\u0107 i obowi\u0105zywanie pozosta\u0142ych cz\u0119\u015bci.<\/p><\/div><\/div><\/div><\/div><\/div><\/div><\/div><\/section>\t\t\t\t\t\t\t\t<\/div>\n\t\t\t\t\t<\/div>\n\t\t\t\t<\/div>\n\t\t\t\t<\/div>\n\t\t","protected":false},"excerpt":{"rendered":"<p>Nadruk Nadruk Siedziba firmy:Sophienstrasse 4460487 Frankfurt Adres pocztowy:Sophienstrasse 4460487 Frankfurt Dyrektorzy zarz\u0105dzaj\u0105cy: J\u00f6rg Bach i Stefanie Bach Telefon: 069 &#8211; 13 82 81 46Faks: 069 &#8211; 63 14 39 1E-mail: info@allpack-gmbh.eu Rejestr handlowy: HRB 126458 Frankfurt nad MenemSt.-Nr.: 014 228 22522 Zastrze\u017cenie 1. tre\u015b\u0107 oferty online Autor nie ponosi jakiejkolwiek odpowiedzialno\u015bci za aktualno\u015b\u0107, poprawno\u015b\u0107, kompletno\u015b\u0107 i jako\u015b\u0107 udost\u0119pnianych informacji. Roszczenia z tytu\u0142u odpowiedzialno\u015bci wobec autora, odnosz\u0105ce si\u0119 do szk\u00f3d materialnych lub niematerialnych, powsta\u0142ych w wyniku korzystania lub niekorzystania z przedstawionych informacji b\u0105d\u017a korzystania z informacji b\u0142\u0119dnych lub niekompletnych, s\u0105 zasadniczo wykluczone, o ile po stronie autora nie mo\u017cna wykaza\u0107 umy\u015blnego dzia\u0142ania lub ra\u017c\u0105cego niedbalstwa.Wszystkie oferty s\u0105 niezobowi\u0105zuj\u0105ce i niewi\u0105\u017c\u0105ce. Autor zastrzega sobie wyra\u017anie prawo do zmiany, uzupe\u0142niania lub usuwania cz\u0119\u015bci stron lub ca\u0142ej oferty bez uprzedzenia, a tak\u017ce do czasowego lub ostatecznego zaprzestania publikacji. 2. Odes\u0142ania i linkiW przypadku bezpo\u015brednich lub po\u015brednich odes\u0142a\u0144 do obcych stron internetowych (\u201ehiperlink\u00f3w\u201d), kt\u00f3re znajduj\u0105 si\u0119 poza zakresem odpowiedzialno\u015bci autora, odpowiedzialno\u015b\u0107 mog\u0142aby powsta\u0107 wy\u0142\u0105cznie w sytuacji, gdy autor mia\u0142by wiedz\u0119 o ich tre\u015bci oraz gdyby by\u0142o technicznie mo\u017cliwe i uzasadnione zapobie\u017cenie korzystaniu z nich w przypadku tre\u015bci niezgodnych z prawem.Autor niniejszym wyra\u017anie o\u015bwiadcza, \u017ce w momencie umieszczania link\u00f3w na stronach, do kt\u00f3rych one prowadzi\u0142y, nie by\u0142y widoczne \u017cadne tre\u015bci nielegalne. Autor nie ma wp\u0142ywu na aktualny lub przysz\u0142y kszta\u0142t, tre\u015b\u0107 lub autorstwo stron, do kt\u00f3rych odsy\u0142aj\u0105 zamieszczone przez niego linki. Z tego powodu dystansuje si\u0119 on niniejszym wyra\u017anie od wszelkich tre\u015bci wszystkich stron, do kt\u00f3rych odsy\u0142aj\u0105 opublikowane linki, kt\u00f3re zosta\u0142y zmienione po ich publikacji. To stwierdzenie dotyczy wszystkich link\u00f3w i odsy\u0142aczy umieszczonych na w\u0142asnej witrynie internetowej, jak r\u00f3wnie\u017c obcych wpis\u00f3w w ksi\u0119gach go\u015bci, forach dyskusyjnych, katalogach z linkami, listach mailingowych i wszystkich form baz danych utworzonych przez autora, kt\u00f3rych edycja jest mo\u017cliwa z zewn\u0105trz. Za nielegalne, b\u0142\u0119dne lub niekompletne tre\u015bci, w szczeg\u00f3lno\u015bci za szkody powsta\u0142e w wyniku wykorzystania lub niewykorzystania takich tre\u015bci, odpowiada wy\u0142\u0105cznie oferent danej strony, a nie osoba, kt\u00f3ra jedynie odsy\u0142a do danej publikacji za pomoc\u0105 link\u00f3w. 3. Prawa autorskie i prawo znak\u00f3w towarowychAutor dok\u0142ada wszelkich stara\u0144, aby we wszystkich publikacjach przestrzega\u0107 praw autorskich do wykorzystywanych obraz\u00f3w, grafik, materia\u0142\u00f3w d\u017awi\u0119kowych, sekwencji wideo oraz tekst\u00f3w, korzysta\u0107 z materia\u0142\u00f3w stworzonych przez siebie lub si\u0119ga\u0107 po grafiki, materia\u0142y d\u017awi\u0119kowe, sekwencje wideo i teksty wolne od licencji.Wszystkie nazwy marek i znaki towarowe wymienione w ramach oferty internetowej, kt\u00f3re mog\u0105 by\u0107 chronione przez osoby trzecie, podlegaj\u0105 bez ogranicze\u0144 przepisom obowi\u0105zuj\u0105cego prawa znak\u00f3w towarowych oraz prawom w\u0142asno\u015bci odpowiednich zarejestrowanych w\u0142a\u015bcicieli. Samo wymienienie znaku towarowego nie oznacza, \u017ce nie jest on chroniony prawami os\u00f3b trzecich!Prawa autorskie do opublikowanych obiekt\u00f3w stworzonych przez samego autora nale\u017c\u0105 wy\u0142\u0105cznie do autora stron. Jakiekolwiek powielanie lub wykorzystywanie obiekt\u00f3w takich jak diagramy, d\u017awi\u0119ki lub teksty w innych publikacjach elektronicznych lub drukowanych jest niedozwolone bez zgody autora. 4. Ochrona danychJe\u017celi w ramach oferty internetowej istnieje mo\u017cliwo\u015b\u0107 wprowadzania danych osobowych lub firmowych (adres\u00f3w e-mail, nazwisk, adres\u00f3w), podanie tych danych przez u\u017cytkownika odbywa si\u0119 wyra\u017anie na zasadzie dobrowolno\u015bci. Korzystanie i op\u0142acanie wszystkich oferowanych us\u0142ug jest dozwolone &#8211; o ile jest to technicznie mo\u017cliwe i uzasadnione &#8211; bez podawania danych osobowych lub z podaniem danych anonimowych lub pseudonimu. Wykorzystanie danych kontaktowych, takich jak adres\u00f3w pocztowych, numer\u00f3w telefonu i faksu oraz adres\u00f3w e-mail podanych w niniejszej nocie prawnej lub podobnych danych przez osoby trzecie w celu przesy\u0142ania informacji, kt\u00f3re nie zosta\u0142y wyra\u017anie za\u017c\u0105dane, jest niedozwolone. Wyra\u017anie zastrzegamy sobie prawo do podj\u0119cia krok\u00f3w prawnych przeciwko nadawcom tzw. spamu w przypadku naruszenia tego zakazu. 5. Wa\u017cno\u015b\u0107 prawna niniejszego wy\u0142\u0105czenia odpowiedzialno\u015bciNiniejsze wy\u0142\u0105czenie odpowiedzialno\u015bci nale\u017cy traktowa\u0107 jako cz\u0119\u015b\u0107 oferty internetowej, z kt\u00f3rej nast\u0105pi\u0142o odes\u0142anie do tej strony. Je\u017celi jakie\u015b cz\u0119\u015bci lub poszczeg\u00f3lne sformu\u0142owania niniejszego tekstu nie s\u0105 (ju\u017c) zgodne z prawem lub s\u0105 niepe\u0142ne, to nie ma to wp\u0142ywu na tre\u015b\u0107 i obowi\u0105zywanie pozosta\u0142ych cz\u0119\u015bci.<\/p>\n","protected":false},"author":3,"featured_media":0,"parent":0,"menu_order":0,"comment_status":"closed","ping_status":"closed","template":"","meta":{"footnotes":""},"class_list":["post-4129","page","type-page","status-publish","hentry"],"yoast_head":"<!-- This site is optimized with the Yoast SEO plugin v27.2 - https:\/\/yoast.com\/product\/yoast-seo-wordpress\/ -->\n<title>Nadruk - Allpack GmbH<\/title>\n<meta name=\"description\" content=\"Ankauf und Verkauf von IBC-Containern, Paletten und Gitterboxen sowie professionelle Lohnreinigung und Rebottling.\" \/>\n<meta name=\"robots\" content=\"index, follow, max-snippet:-1, max-image-preview:large, max-video-preview:-1\" \/>\n<link rel=\"canonical\" href=\"https:\/\/allpack-gmbh.eu\/pl\/nadruk\" \/>\n<meta property=\"og:locale\" content=\"pl_PL\" \/>\n<meta property=\"og:type\" content=\"article\" \/>\n<meta property=\"og:title\" content=\"Nadruk - Allpack GmbH\" \/>\n<meta property=\"og:description\" content=\"Ankauf und Verkauf von IBC-Containern, Paletten und Gitterboxen sowie professionelle Lohnreinigung und Rebottling.\" \/>\n<meta property=\"og:url\" content=\"https:\/\/allpack-gmbh.eu\/pl\/nadruk\" \/>\n<meta property=\"og:site_name\" content=\"Allpack GmbH\" \/>\n<meta property=\"article:modified_time\" content=\"2026-01-26T15:45:52+00:00\" \/>\n<meta property=\"og:image\" content=\"https:\/\/allpack-gmbh.eu\/wp-content\/uploads\/2026\/01\/Banner-Allpack-GmbH.webp\" \/>\n\t<meta property=\"og:image:width\" content=\"1200\" \/>\n\t<meta property=\"og:image:height\" content=\"675\" \/>\n\t<meta property=\"og:image:type\" content=\"image\/webp\" \/>\n<meta name=\"twitter:card\" content=\"summary_large_image\" \/>\n<meta name=\"twitter:label1\" content=\"Szacowany czas czytania\" \/>\n\t<meta name=\"twitter:data1\" content=\"4 minuty\" \/>\n<script type=\"application\/ld+json\" class=\"yoast-schema-graph\">{\"@context\":\"https:\/\/schema.org\",\"@graph\":[{\"@type\":\"WebPage\",\"@id\":\"https:\/\/allpack-gmbh.eu\/pl\/nadruk\",\"url\":\"https:\/\/allpack-gmbh.eu\/pl\/nadruk\",\"name\":\"Nadruk - Allpack GmbH\",\"isPartOf\":{\"@id\":\"https:\/\/allpack-gmbh.eu\/pl#website\"},\"datePublished\":\"2026-01-18T17:01:39+00:00\",\"dateModified\":\"2026-01-26T15:45:52+00:00\",\"description\":\"Ankauf und Verkauf von IBC-Containern, Paletten und Gitterboxen sowie professionelle Lohnreinigung und Rebottling.\",\"breadcrumb\":{\"@id\":\"https:\/\/allpack-gmbh.eu\/pl\/nadruk#breadcrumb\"},\"inLanguage\":\"pl-PL\",\"potentialAction\":[{\"@type\":\"ReadAction\",\"target\":[\"https:\/\/allpack-gmbh.eu\/pl\/nadruk\"]}]},{\"@type\":\"BreadcrumbList\",\"@id\":\"https:\/\/allpack-gmbh.eu\/pl\/nadruk#breadcrumb\",\"itemListElement\":[{\"@type\":\"ListItem\",\"position\":1,\"name\":\"Startseite\",\"item\":\"https:\/\/allpack-gmbh.eu\/pl\/home-v4\"},{\"@type\":\"ListItem\",\"position\":2,\"name\":\"Nadruk\"}]},{\"@type\":\"WebSite\",\"@id\":\"https:\/\/allpack-gmbh.eu\/pl#website\",\"url\":\"https:\/\/allpack-gmbh.eu\/pl\",\"name\":\"Allpack GmbH\",\"description\":\"Ihr B2B Partner rund um IBC-Container, Paletten und Gitterboxen\",\"publisher\":{\"@id\":\"https:\/\/allpack-gmbh.eu\/pl#organization\"},\"potentialAction\":[{\"@type\":\"SearchAction\",\"target\":{\"@type\":\"EntryPoint\",\"urlTemplate\":\"https:\/\/allpack-gmbh.eu\/pl?s={search_term_string}\"},\"query-input\":{\"@type\":\"PropertyValueSpecification\",\"valueRequired\":true,\"valueName\":\"search_term_string\"}}],\"inLanguage\":\"pl-PL\"},{\"@type\":\"Organization\",\"@id\":\"https:\/\/allpack-gmbh.eu\/pl#organization\",\"name\":\"Allpack GmbH\",\"url\":\"https:\/\/allpack-gmbh.eu\/pl\",\"logo\":{\"@type\":\"ImageObject\",\"inLanguage\":\"pl-PL\",\"@id\":\"https:\/\/allpack-gmbh.eu\/pl#\/schema\/logo\/image\/\",\"url\":\"https:\/\/allpack-gmbh.eu\/wp-content\/uploads\/2021\/02\/allpack-gmbh-icon.png\",\"contentUrl\":\"https:\/\/allpack-gmbh.eu\/wp-content\/uploads\/2021\/02\/allpack-gmbh-icon.png\",\"width\":99,\"height\":119,\"caption\":\"Allpack GmbH\"},\"image\":{\"@id\":\"https:\/\/allpack-gmbh.eu\/pl#\/schema\/logo\/image\/\"}}]}<\/script>\n<!-- \/ Yoast SEO plugin. -->","yoast_head_json":{"title":"Nadruk - Allpack GmbH","description":"Ankauf und Verkauf von IBC-Containern, Paletten und Gitterboxen sowie professionelle Lohnreinigung und Rebottling.","robots":{"index":"index","follow":"follow","max-snippet":"max-snippet:-1","max-image-preview":"max-image-preview:large","max-video-preview":"max-video-preview:-1"},"canonical":"https:\/\/allpack-gmbh.eu\/pl\/nadruk","og_locale":"pl_PL","og_type":"article","og_title":"Nadruk - Allpack GmbH","og_description":"Ankauf und Verkauf von IBC-Containern, Paletten und Gitterboxen sowie professionelle Lohnreinigung und Rebottling.","og_url":"https:\/\/allpack-gmbh.eu\/pl\/nadruk","og_site_name":"Allpack GmbH","article_modified_time":"2026-01-26T15:45:52+00:00","og_image":[{"width":1200,"height":675,"url":"https:\/\/allpack-gmbh.eu\/wp-content\/uploads\/2026\/01\/Banner-Allpack-GmbH.webp","type":"image\/webp"}],"twitter_card":"summary_large_image","twitter_misc":{"Szacowany czas czytania":"4 minuty"},"schema":{"@context":"https:\/\/schema.org","@graph":[{"@type":"WebPage","@id":"https:\/\/allpack-gmbh.eu\/pl\/nadruk","url":"https:\/\/allpack-gmbh.eu\/pl\/nadruk","name":"Nadruk - Allpack GmbH","isPartOf":{"@id":"https:\/\/allpack-gmbh.eu\/pl#website"},"datePublished":"2026-01-18T17:01:39+00:00","dateModified":"2026-01-26T15:45:52+00:00","description":"Ankauf und Verkauf von IBC-Containern, Paletten und Gitterboxen sowie professionelle Lohnreinigung und Rebottling.","breadcrumb":{"@id":"https:\/\/allpack-gmbh.eu\/pl\/nadruk#breadcrumb"},"inLanguage":"pl-PL","potentialAction":[{"@type":"ReadAction","target":["https:\/\/allpack-gmbh.eu\/pl\/nadruk"]}]},{"@type":"BreadcrumbList","@id":"https:\/\/allpack-gmbh.eu\/pl\/nadruk#breadcrumb","itemListElement":[{"@type":"ListItem","position":1,"name":"Startseite","item":"https:\/\/allpack-gmbh.eu\/pl\/home-v4"},{"@type":"ListItem","position":2,"name":"Nadruk"}]},{"@type":"WebSite","@id":"https:\/\/allpack-gmbh.eu\/pl#website","url":"https:\/\/allpack-gmbh.eu\/pl","name":"Allpack GmbH","description":"Ihr B2B Partner rund um IBC-Container, Paletten und Gitterboxen","publisher":{"@id":"https:\/\/allpack-gmbh.eu\/pl#organization"},"potentialAction":[{"@type":"SearchAction","target":{"@type":"EntryPoint","urlTemplate":"https:\/\/allpack-gmbh.eu\/pl?s={search_term_string}"},"query-input":{"@type":"PropertyValueSpecification","valueRequired":true,"valueName":"search_term_string"}}],"inLanguage":"pl-PL"},{"@type":"Organization","@id":"https:\/\/allpack-gmbh.eu\/pl#organization","name":"Allpack GmbH","url":"https:\/\/allpack-gmbh.eu\/pl","logo":{"@type":"ImageObject","inLanguage":"pl-PL","@id":"https:\/\/allpack-gmbh.eu\/pl#\/schema\/logo\/image\/","url":"https:\/\/allpack-gmbh.eu\/wp-content\/uploads\/2021\/02\/allpack-gmbh-icon.png","contentUrl":"https:\/\/allpack-gmbh.eu\/wp-content\/uploads\/2021\/02\/allpack-gmbh-icon.png","width":99,"height":119,"caption":"Allpack GmbH"},"image":{"@id":"https:\/\/allpack-gmbh.eu\/pl#\/schema\/logo\/image\/"}}]}},"_links":{"self":[{"href":"https:\/\/allpack-gmbh.eu\/pl\/wp-json\/wp\/v2\/pages\/4129","targetHints":{"allow":["GET"]}}],"collection":[{"href":"https:\/\/allpack-gmbh.eu\/pl\/wp-json\/wp\/v2\/pages"}],"about":[{"href":"https:\/\/allpack-gmbh.eu\/pl\/wp-json\/wp\/v2\/types\/page"}],"author":[{"embeddable":true,"href":"https:\/\/allpack-gmbh.eu\/pl\/wp-json\/wp\/v2\/users\/3"}],"replies":[{"embeddable":true,"href":"https:\/\/allpack-gmbh.eu\/pl\/wp-json\/wp\/v2\/comments?post=4129"}],"version-history":[{"count":0,"href":"https:\/\/allpack-gmbh.eu\/pl\/wp-json\/wp\/v2\/pages\/4129\/revisions"}],"wp:attachment":[{"href":"https:\/\/allpack-gmbh.eu\/pl\/wp-json\/wp\/v2\/media?parent=4129"}],"curies":[{"name":"wp","href":"https:\/\/api.w.org\/{rel}","templated":true}]}}