{"id":4045,"date":"2026-01-18T17:01:30","date_gmt":"2026-01-18T17:01:30","guid":{"rendered":"https:\/\/allpack-gmbh.eu\/ponowne-butelkowanie-wymiana-babelkow"},"modified":"2026-01-26T15:41:07","modified_gmt":"2026-01-26T15:41:07","slug":"ponowne-butelkowanie-wymiana-babelkow","status":"publish","type":"page","link":"https:\/\/allpack-gmbh.eu\/pl\/ponowne-butelkowanie-wymiana-babelkow","title":{"rendered":"Przelewanie \/ wymiana wk\u0142adu"},"content":{"rendered":"\t\t<div data-elementor-type=\"wp-page\" data-elementor-id=\"4045\" class=\"elementor elementor-4045 elementor-2874\" data-elementor-post-type=\"page\">\n\t\t\t\t<div class=\"elementor-element elementor-element-7a6506d e-flex e-con-boxed wpr-particle-no wpr-jarallax-no wpr-parallax-no wpr-sticky-section-no e-con e-parent\" data-id=\"7a6506d\" data-element_type=\"container\" data-e-type=\"container\" data-settings=\"{&quot;background_background&quot;:&quot;classic&quot;}\">\n\t\t\t\t\t<div class=\"e-con-inner\">\n\t\t\t\t<div class=\"elementor-element elementor-element-fcb0b76 elementor-widget__width-initial elementor-widget elementor-widget-heading\" data-id=\"fcb0b76\" data-element_type=\"widget\" data-e-type=\"widget\" data-widget_type=\"heading.default\">\n\t\t\t\t\t<h1 class=\"elementor-heading-title elementor-size-default\">Przelewanie \/ wymiana wk\u0142adu<\/h1>\t\t\t\t<\/div>\n\t\t\t\t<div class=\"elementor-element elementor-element-a257d62 elementor-widget__width-initial elementor-widget elementor-widget-text-editor\" data-id=\"a257d62\" data-element_type=\"widget\" data-e-type=\"widget\" data-widget_type=\"text-editor.default\">\n\t\t\t\t\t\t\t\t\t<p>Profesjonalna regeneracja i wymiana wewn\u0119trznego wk\u0142adu \u2013 z dopuszczeniem do materia\u0142\u00f3w niebezpiecznych i bez niego, dla wszystkich bran\u017c przemys\u0142owych.<\/p>\t\t\t\t\t\t\t\t<\/div>\n\t\t\t\t\t<\/div>\n\t\t\t\t<\/div>\n\t\t<div class=\"elementor-element elementor-element-fa842d4 e-flex e-con-boxed wpr-particle-no wpr-jarallax-no wpr-parallax-no wpr-sticky-section-no e-con e-parent\" data-id=\"fa842d4\" data-element_type=\"container\" data-e-type=\"container\">\n\t\t\t\t\t<div class=\"e-con-inner\">\n\t\t<div class=\"elementor-element elementor-element-baa909b e-con-full e-flex wpr-particle-no wpr-jarallax-no wpr-parallax-no wpr-sticky-section-no e-con e-child\" data-id=\"baa909b\" data-element_type=\"container\" data-e-type=\"container\">\n\t\t<div class=\"elementor-element elementor-element-dd5cfb3 e-con-full e-flex wpr-particle-no wpr-jarallax-no wpr-parallax-no wpr-sticky-section-no e-con e-child\" data-id=\"dd5cfb3\" data-element_type=\"container\" data-e-type=\"container\">\n\t\t\t\t<div class=\"elementor-element elementor-element-0c7cd2d elementor-widget__width-inherit elementor-widget-mobile__width-initial elementor-widget elementor-widget-heading\" data-id=\"0c7cd2d\" data-element_type=\"widget\" data-e-type=\"widget\" data-widget_type=\"heading.default\">\n\t\t\t\t\t<h4 class=\"elementor-heading-title elementor-size-default\">Zr\u00f3wnowa\u017cony. Wydajno\u015b\u0107. Zapewniona jako\u015b\u0107.  <\/h4>\t\t\t\t<\/div>\n\t\t\t\t<div class=\"elementor-element elementor-element-20245be elementor-widget__width-initial elementor-widget elementor-widget-text-editor\" data-id=\"20245be\" data-element_type=\"widget\" data-e-type=\"widget\" data-widget_type=\"text-editor.default\">\n\t\t\t\t\t\t\t\t\t<p>Nadajemy u\u017cywanym kontenerom IBC nowe \u017cycie dzi\u0119ki profesjonalnemu rebottlingowi (wymianie wk\u0142adu) oraz dok\u0142adnemu czyszczeniu.<br data-start=\"536\" data-end=\"539\">Dzi\u0119ki temu nasi klienci oszcz\u0119dzaj\u0105 koszty i zasoby, bez kompromis\u00f3w w zakresie bezpiecze\u0144stwa i jako\u015bci.<\/p>\t\t\t\t\t\t\t\t<\/div>\n\t\t\t\t<\/div>\n\t\t<div class=\"elementor-element elementor-element-b12c193 e-con-full e-flex wpr-particle-no wpr-jarallax-no wpr-parallax-no wpr-sticky-section-no e-con e-child\" data-id=\"b12c193\" data-element_type=\"container\" data-e-type=\"container\" data-settings=\"{&quot;background_background&quot;:&quot;classic&quot;}\">\n\t\t\t\t<\/div>\n\t\t\t\t<\/div>\n\t\t<div class=\"elementor-element elementor-element-8168621 e-con-full e-flex wpr-particle-no wpr-jarallax-no wpr-parallax-no wpr-sticky-section-no e-con e-child\" data-id=\"8168621\" data-element_type=\"container\" data-e-type=\"container\">\n\t\t<div class=\"elementor-element elementor-element-9c9e374 e-con-full e-flex wpr-particle-no wpr-jarallax-no wpr-parallax-no wpr-sticky-section-no e-con e-child\" data-id=\"9c9e374\" data-element_type=\"container\" data-e-type=\"container\" data-settings=\"{&quot;background_background&quot;:&quot;classic&quot;}\">\n\t\t\t\t<\/div>\n\t\t<div class=\"elementor-element elementor-element-8305eb7 e-con-full e-flex wpr-particle-no wpr-jarallax-no wpr-parallax-no wpr-sticky-section-no e-con e-child\" data-id=\"8305eb7\" data-element_type=\"container\" data-e-type=\"container\">\n\t\t\t\t<div class=\"elementor-element elementor-element-7247bae elementor-widget__width-inherit elementor-widget-mobile__width-initial elementor-widget elementor-widget-heading\" data-id=\"7247bae\" data-element_type=\"widget\" data-e-type=\"widget\" data-widget_type=\"heading.default\">\n\t\t\t\t\t<h4 class=\"elementor-heading-title elementor-size-default\">Przelewanie \/ wymiana wk\u0142adu<\/h4>\t\t\t\t<\/div>\n\t\t\t\t<div class=\"elementor-element elementor-element-9ccd66a elementor-icon-list--layout-traditional elementor-list-item-link-full_width elementor-widget elementor-widget-icon-list\" data-id=\"9ccd66a\" data-element_type=\"widget\" data-e-type=\"widget\" data-widget_type=\"icon-list.default\">\n\t\t\t\t\t\t\t<ul class=\"elementor-icon-list-items\">\n\t\t\t\t\t\t\t<li class=\"elementor-icon-list-item\">\n\t\t\t\t\t\t\t\t\t\t\t<span class=\"elementor-icon-list-icon\">\n\t\t\t\t\t\t\t<svg xmlns=\"http:\/\/www.w3.org\/2000\/svg\" width=\"24\" height=\"24\" viewBox=\"0 0 24 24\" fill=\"none\" stroke=\"#0C8E37\" stroke-width=\"2\" stroke-linecap=\"round\" stroke-linejoin=\"round\" class=\"lucide lucide-badge-check-icon lucide-badge-check\"><path d=\"M3.85 8.62a4 4 0 0 1 4.78-4.77 4 4 0 0 1 6.74 0 4 4 0 0 1 4.78 4.78 4 4 0 0 1 0 6.74 4 4 0 0 1-4.77 4.78 4 4 0 0 1-6.75 0 4 4 0 0 1-4.78-4.77 4 4 0 0 1 0-6.76Z\"><\/path><path d=\"m9 12 2 2 4-4\"><\/path><\/svg>\t\t\t\t\t\t<\/span>\n\t\t\t\t\t\t\t\t\t\t<span class=\"elementor-icon-list-text\">Wymiana p\u0119cherza wewn\u0119trznego w pojemnikach IBC na towary niebezpieczne i inne ni\u017c niebezpieczne<\/span>\n\t\t\t\t\t\t\t\t\t<\/li>\n\t\t\t\t\t\t\t\t<li class=\"elementor-icon-list-item\">\n\t\t\t\t\t\t\t\t\t\t\t<span class=\"elementor-icon-list-icon\">\n\t\t\t\t\t\t\t<svg xmlns=\"http:\/\/www.w3.org\/2000\/svg\" width=\"24\" height=\"24\" viewBox=\"0 0 24 24\" fill=\"none\" stroke=\"#0C8E37\" stroke-width=\"2\" stroke-linecap=\"round\" stroke-linejoin=\"round\" class=\"lucide lucide-badge-check-icon lucide-badge-check\"><path d=\"M3.85 8.62a4 4 0 0 1 4.78-4.77 4 4 0 0 1 6.74 0 4 4 0 0 1 4.78 4.78 4 4 0 0 1 0 6.74 4 4 0 0 1-4.77 4.78 4 4 0 0 1-6.75 0 4 4 0 0 1-4.78-4.77 4 4 0 0 1 0-6.76Z\"><\/path><path d=\"m9 12 2 2 4-4\"><\/path><\/svg>\t\t\t\t\t\t<\/span>\n\t\t\t\t\t\t\t\t\t\t<span class=\"elementor-icon-list-text\">Korzystanie z oryginalnych lub uniwersalnych p\u0119cherzy (unibutelek)<\/span>\n\t\t\t\t\t\t\t\t\t<\/li>\n\t\t\t\t\t\t\t\t<li class=\"elementor-icon-list-item\">\n\t\t\t\t\t\t\t\t\t\t\t<span class=\"elementor-icon-list-icon\">\n\t\t\t\t\t\t\t<svg xmlns=\"http:\/\/www.w3.org\/2000\/svg\" width=\"24\" height=\"24\" viewBox=\"0 0 24 24\" fill=\"none\" stroke=\"#0C8E37\" stroke-width=\"2\" stroke-linecap=\"round\" stroke-linejoin=\"round\" class=\"lucide lucide-badge-check-icon lucide-badge-check\"><path d=\"M3.85 8.62a4 4 0 0 1 4.78-4.77 4 4 0 0 1 6.74 0 4 4 0 0 1 4.78 4.78 4 4 0 0 1 0 6.74 4 4 0 0 1-4.77 4.78 4 4 0 0 1-6.75 0 4 4 0 0 1-4.78-4.77 4 4 0 0 1 0-6.76Z\"><\/path><path d=\"m9 12 2 2 4-4\"><\/path><\/svg>\t\t\t\t\t\t<\/span>\n\t\t\t\t\t\t\t\t\t\t<span class=\"elementor-icon-list-text\">Naprawa i regeneracja koszy drucianych i palet<\/span>\n\t\t\t\t\t\t\t\t\t<\/li>\n\t\t\t\t\t\t\t\t<li class=\"elementor-icon-list-item\">\n\t\t\t\t\t\t\t\t\t\t\t<span class=\"elementor-icon-list-icon\">\n\t\t\t\t\t\t\t<svg xmlns=\"http:\/\/www.w3.org\/2000\/svg\" width=\"24\" height=\"24\" viewBox=\"0 0 24 24\" fill=\"none\" stroke=\"#0C8E37\" stroke-width=\"2\" stroke-linecap=\"round\" stroke-linejoin=\"round\" class=\"lucide lucide-badge-check-icon lucide-badge-check\"><path d=\"M3.85 8.62a4 4 0 0 1 4.78-4.77 4 4 0 0 1 6.74 0 4 4 0 0 1 4.78 4.78 4 4 0 0 1 0 6.74 4 4 0 0 1-4.77 4.78 4 4 0 0 1-6.75 0 4 4 0 0 1-4.78-4.77 4 4 0 0 1 0-6.76Z\"><\/path><path d=\"m9 12 2 2 4-4\"><\/path><\/svg>\t\t\t\t\t\t<\/span>\n\t\t\t\t\t\t\t\t\t\t<span class=\"elementor-icon-list-text\">Czyszczenie, testowanie i ponowne u\u017cycie zgodnie z najwy\u017cszymi standardami<\/span>\n\t\t\t\t\t\t\t\t\t<\/li>\n\t\t\t\t\t\t<\/ul>\n\t\t\t\t\t\t<\/div>\n\t\t\t\t<\/div>\n\t\t\t\t<\/div>\n\t\t\t\t<div class=\"elementor-element elementor-element-a058136 elementor-align-justify elementor-widget__width-inherit elementor-widget elementor-widget-button\" data-id=\"a058136\" data-element_type=\"widget\" data-e-type=\"widget\" data-widget_type=\"button.default\">\n\t\t\t\t\t\t\t\t\t\t<a class=\"elementor-button elementor-button-link elementor-size-sm\" href=\"https:\/\/allpack-gmbh.eu\/pl\/formularz-zapytania\">\n\t\t\t\t\t\t<span class=\"elementor-button-content-wrapper\">\n\t\t\t\t\t\t<span class=\"elementor-button-icon\">\n\t\t\t\t<i aria-hidden=\"true\" class=\"icon icon-chevron-right\"><\/i>\t\t\t<\/span>\n\t\t\t\t\t\t\t\t\t<span class=\"elementor-button-text\">Przejd\u017a do formularza zapytania<\/span>\n\t\t\t\t\t<\/span>\n\t\t\t\t\t<\/a>\n\t\t\t\t\t\t\t\t<\/div>\n\t\t\t\t\t<\/div>\n\t\t\t\t<\/div>\n\t\t\t\t<\/div>\n\t\t","protected":false},"excerpt":{"rendered":"<p>Przelewanie \/ wymiana wk\u0142adu Profesjonalna regeneracja i wymiana wewn\u0119trznego wk\u0142adu \u2013 z dopuszczeniem do materia\u0142\u00f3w niebezpiecznych i bez niego, dla wszystkich bran\u017c przemys\u0142owych. Zr\u00f3wnowa\u017cony. Wydajno\u015b\u0107. Zapewniona jako\u015b\u0107. Nadajemy u\u017cywanym kontenerom IBC nowe \u017cycie dzi\u0119ki profesjonalnemu rebottlingowi (wymianie wk\u0142adu) oraz dok\u0142adnemu czyszczeniu.Dzi\u0119ki temu nasi klienci oszcz\u0119dzaj\u0105 koszty i zasoby, bez kompromis\u00f3w w zakresie bezpiecze\u0144stwa i jako\u015bci. Przelewanie \/ wymiana wk\u0142adu Wymiana p\u0119cherza wewn\u0119trznego w pojemnikach IBC na towary niebezpieczne i inne ni\u017c niebezpieczne Korzystanie z oryginalnych lub uniwersalnych p\u0119cherzy (unibutelek) Naprawa i regeneracja koszy drucianych i palet Czyszczenie, testowanie i ponowne u\u017cycie zgodnie z najwy\u017cszymi standardami Przejd\u017a do formularza zapytania<\/p>\n","protected":false},"author":3,"featured_media":0,"parent":0,"menu_order":0,"comment_status":"closed","ping_status":"closed","template":"","meta":{"footnotes":""},"class_list":["post-4045","page","type-page","status-publish","hentry"],"yoast_head":"<!-- This site is optimized with the Yoast SEO plugin v27.2 - https:\/\/yoast.com\/product\/yoast-seo-wordpress\/ -->\n<title>Przelewanie \/ wymiana wk\u0142adu - Allpack GmbH<\/title>\n<meta name=\"description\" content=\"Ankauf und Verkauf von IBC-Containern, Paletten und Gitterboxen sowie professionelle Lohnreinigung und Rebottling.\" \/>\n<meta name=\"robots\" content=\"index, follow, max-snippet:-1, max-image-preview:large, max-video-preview:-1\" \/>\n<link rel=\"canonical\" href=\"https:\/\/allpack-gmbh.eu\/pl\/ponowne-butelkowanie-wymiana-babelkow\" \/>\n<meta property=\"og:locale\" content=\"pl_PL\" \/>\n<meta property=\"og:type\" content=\"article\" \/>\n<meta property=\"og:title\" content=\"Przelewanie \/ wymiana wk\u0142adu - Allpack GmbH\" \/>\n<meta property=\"og:description\" content=\"Ankauf und Verkauf von IBC-Containern, Paletten und Gitterboxen sowie professionelle Lohnreinigung und Rebottling.\" \/>\n<meta property=\"og:url\" content=\"https:\/\/allpack-gmbh.eu\/pl\/ponowne-butelkowanie-wymiana-babelkow\" \/>\n<meta property=\"og:site_name\" content=\"Allpack GmbH\" \/>\n<meta property=\"article:modified_time\" content=\"2026-01-26T15:41:07+00:00\" \/>\n<meta property=\"og:image\" content=\"https:\/\/allpack-gmbh.eu\/wp-content\/uploads\/2026\/01\/Banner-Allpack-GmbH.webp\" \/>\n\t<meta property=\"og:image:width\" content=\"1200\" \/>\n\t<meta property=\"og:image:height\" content=\"675\" \/>\n\t<meta property=\"og:image:type\" content=\"image\/webp\" \/>\n<meta name=\"twitter:card\" content=\"summary_large_image\" \/>\n<meta name=\"twitter:label1\" content=\"Szacowany czas czytania\" \/>\n\t<meta name=\"twitter:data1\" content=\"1 minuta\" \/>\n<script type=\"application\/ld+json\" class=\"yoast-schema-graph\">{\"@context\":\"https:\/\/schema.org\",\"@graph\":[{\"@type\":\"WebPage\",\"@id\":\"https:\/\/allpack-gmbh.eu\/pl\/ponowne-butelkowanie-wymiana-babelkow\",\"url\":\"https:\/\/allpack-gmbh.eu\/pl\/ponowne-butelkowanie-wymiana-babelkow\",\"name\":\"Przelewanie \/ wymiana wk\u0142adu - Allpack GmbH\",\"isPartOf\":{\"@id\":\"https:\/\/allpack-gmbh.eu\/pl#website\"},\"datePublished\":\"2026-01-18T17:01:30+00:00\",\"dateModified\":\"2026-01-26T15:41:07+00:00\",\"description\":\"Ankauf und Verkauf von IBC-Containern, Paletten und Gitterboxen sowie professionelle Lohnreinigung und Rebottling.\",\"breadcrumb\":{\"@id\":\"https:\/\/allpack-gmbh.eu\/pl\/ponowne-butelkowanie-wymiana-babelkow#breadcrumb\"},\"inLanguage\":\"pl-PL\",\"potentialAction\":[{\"@type\":\"ReadAction\",\"target\":[\"https:\/\/allpack-gmbh.eu\/pl\/ponowne-butelkowanie-wymiana-babelkow\"]}]},{\"@type\":\"BreadcrumbList\",\"@id\":\"https:\/\/allpack-gmbh.eu\/pl\/ponowne-butelkowanie-wymiana-babelkow#breadcrumb\",\"itemListElement\":[{\"@type\":\"ListItem\",\"position\":1,\"name\":\"Startseite\",\"item\":\"https:\/\/allpack-gmbh.eu\/pl\/home-v4\"},{\"@type\":\"ListItem\",\"position\":2,\"name\":\"Przelewanie \/ wymiana wk\u0142adu\"}]},{\"@type\":\"WebSite\",\"@id\":\"https:\/\/allpack-gmbh.eu\/pl#website\",\"url\":\"https:\/\/allpack-gmbh.eu\/pl\",\"name\":\"Allpack GmbH\",\"description\":\"Ihr B2B Partner rund um IBC-Container, Paletten und Gitterboxen\",\"publisher\":{\"@id\":\"https:\/\/allpack-gmbh.eu\/pl#organization\"},\"potentialAction\":[{\"@type\":\"SearchAction\",\"target\":{\"@type\":\"EntryPoint\",\"urlTemplate\":\"https:\/\/allpack-gmbh.eu\/pl?s={search_term_string}\"},\"query-input\":{\"@type\":\"PropertyValueSpecification\",\"valueRequired\":true,\"valueName\":\"search_term_string\"}}],\"inLanguage\":\"pl-PL\"},{\"@type\":\"Organization\",\"@id\":\"https:\/\/allpack-gmbh.eu\/pl#organization\",\"name\":\"Allpack GmbH\",\"url\":\"https:\/\/allpack-gmbh.eu\/pl\",\"logo\":{\"@type\":\"ImageObject\",\"inLanguage\":\"pl-PL\",\"@id\":\"https:\/\/allpack-gmbh.eu\/pl#\/schema\/logo\/image\/\",\"url\":\"https:\/\/allpack-gmbh.eu\/wp-content\/uploads\/2021\/02\/allpack-gmbh-icon.png\",\"contentUrl\":\"https:\/\/allpack-gmbh.eu\/wp-content\/uploads\/2021\/02\/allpack-gmbh-icon.png\",\"width\":99,\"height\":119,\"caption\":\"Allpack GmbH\"},\"image\":{\"@id\":\"https:\/\/allpack-gmbh.eu\/pl#\/schema\/logo\/image\/\"}}]}<\/script>\n<!-- \/ Yoast SEO plugin. -->","yoast_head_json":{"title":"Przelewanie \/ wymiana wk\u0142adu - Allpack GmbH","description":"Ankauf und Verkauf von IBC-Containern, Paletten und Gitterboxen sowie professionelle Lohnreinigung und Rebottling.","robots":{"index":"index","follow":"follow","max-snippet":"max-snippet:-1","max-image-preview":"max-image-preview:large","max-video-preview":"max-video-preview:-1"},"canonical":"https:\/\/allpack-gmbh.eu\/pl\/ponowne-butelkowanie-wymiana-babelkow","og_locale":"pl_PL","og_type":"article","og_title":"Przelewanie \/ wymiana wk\u0142adu - Allpack GmbH","og_description":"Ankauf und Verkauf von IBC-Containern, Paletten und Gitterboxen sowie professionelle Lohnreinigung und Rebottling.","og_url":"https:\/\/allpack-gmbh.eu\/pl\/ponowne-butelkowanie-wymiana-babelkow","og_site_name":"Allpack GmbH","article_modified_time":"2026-01-26T15:41:07+00:00","og_image":[{"width":1200,"height":675,"url":"https:\/\/allpack-gmbh.eu\/wp-content\/uploads\/2026\/01\/Banner-Allpack-GmbH.webp","type":"image\/webp"}],"twitter_card":"summary_large_image","twitter_misc":{"Szacowany czas czytania":"1 minuta"},"schema":{"@context":"https:\/\/schema.org","@graph":[{"@type":"WebPage","@id":"https:\/\/allpack-gmbh.eu\/pl\/ponowne-butelkowanie-wymiana-babelkow","url":"https:\/\/allpack-gmbh.eu\/pl\/ponowne-butelkowanie-wymiana-babelkow","name":"Przelewanie \/ wymiana wk\u0142adu - Allpack GmbH","isPartOf":{"@id":"https:\/\/allpack-gmbh.eu\/pl#website"},"datePublished":"2026-01-18T17:01:30+00:00","dateModified":"2026-01-26T15:41:07+00:00","description":"Ankauf und Verkauf von IBC-Containern, Paletten und Gitterboxen sowie professionelle Lohnreinigung und Rebottling.","breadcrumb":{"@id":"https:\/\/allpack-gmbh.eu\/pl\/ponowne-butelkowanie-wymiana-babelkow#breadcrumb"},"inLanguage":"pl-PL","potentialAction":[{"@type":"ReadAction","target":["https:\/\/allpack-gmbh.eu\/pl\/ponowne-butelkowanie-wymiana-babelkow"]}]},{"@type":"BreadcrumbList","@id":"https:\/\/allpack-gmbh.eu\/pl\/ponowne-butelkowanie-wymiana-babelkow#breadcrumb","itemListElement":[{"@type":"ListItem","position":1,"name":"Startseite","item":"https:\/\/allpack-gmbh.eu\/pl\/home-v4"},{"@type":"ListItem","position":2,"name":"Przelewanie \/ wymiana wk\u0142adu"}]},{"@type":"WebSite","@id":"https:\/\/allpack-gmbh.eu\/pl#website","url":"https:\/\/allpack-gmbh.eu\/pl","name":"Allpack GmbH","description":"Ihr B2B Partner rund um IBC-Container, Paletten und Gitterboxen","publisher":{"@id":"https:\/\/allpack-gmbh.eu\/pl#organization"},"potentialAction":[{"@type":"SearchAction","target":{"@type":"EntryPoint","urlTemplate":"https:\/\/allpack-gmbh.eu\/pl?s={search_term_string}"},"query-input":{"@type":"PropertyValueSpecification","valueRequired":true,"valueName":"search_term_string"}}],"inLanguage":"pl-PL"},{"@type":"Organization","@id":"https:\/\/allpack-gmbh.eu\/pl#organization","name":"Allpack GmbH","url":"https:\/\/allpack-gmbh.eu\/pl","logo":{"@type":"ImageObject","inLanguage":"pl-PL","@id":"https:\/\/allpack-gmbh.eu\/pl#\/schema\/logo\/image\/","url":"https:\/\/allpack-gmbh.eu\/wp-content\/uploads\/2021\/02\/allpack-gmbh-icon.png","contentUrl":"https:\/\/allpack-gmbh.eu\/wp-content\/uploads\/2021\/02\/allpack-gmbh-icon.png","width":99,"height":119,"caption":"Allpack GmbH"},"image":{"@id":"https:\/\/allpack-gmbh.eu\/pl#\/schema\/logo\/image\/"}}]}},"_links":{"self":[{"href":"https:\/\/allpack-gmbh.eu\/pl\/wp-json\/wp\/v2\/pages\/4045","targetHints":{"allow":["GET"]}}],"collection":[{"href":"https:\/\/allpack-gmbh.eu\/pl\/wp-json\/wp\/v2\/pages"}],"about":[{"href":"https:\/\/allpack-gmbh.eu\/pl\/wp-json\/wp\/v2\/types\/page"}],"author":[{"embeddable":true,"href":"https:\/\/allpack-gmbh.eu\/pl\/wp-json\/wp\/v2\/users\/3"}],"replies":[{"embeddable":true,"href":"https:\/\/allpack-gmbh.eu\/pl\/wp-json\/wp\/v2\/comments?post=4045"}],"version-history":[{"count":0,"href":"https:\/\/allpack-gmbh.eu\/pl\/wp-json\/wp\/v2\/pages\/4045\/revisions"}],"wp:attachment":[{"href":"https:\/\/allpack-gmbh.eu\/pl\/wp-json\/wp\/v2\/media?parent=4045"}],"curies":[{"name":"wp","href":"https:\/\/api.w.org\/{rel}","templated":true}]}}