{"id":4028,"date":"2026-01-18T17:01:29","date_gmt":"2026-01-18T17:01:29","guid":{"rendered":"https:\/\/allpack-gmbh.eu\/sprzatanie-na-zlecenie"},"modified":"2026-01-26T15:43:06","modified_gmt":"2026-01-26T15:43:06","slug":"sprzatanie-na-zlecenie","status":"publish","type":"page","link":"https:\/\/allpack-gmbh.eu\/pl\/sprzatanie-na-zlecenie","title":{"rendered":"Czyszczenie na zlecenie"},"content":{"rendered":"\t\t<div data-elementor-type=\"wp-page\" data-elementor-id=\"4028\" class=\"elementor elementor-4028 elementor-2785\" data-elementor-post-type=\"page\">\n\t\t\t\t<div class=\"elementor-element elementor-element-099e9f7 e-flex e-con-boxed wpr-particle-no wpr-jarallax-no wpr-parallax-no wpr-sticky-section-no e-con e-parent\" data-id=\"099e9f7\" data-element_type=\"container\" data-e-type=\"container\" data-settings=\"{&quot;background_background&quot;:&quot;classic&quot;}\">\n\t\t\t\t\t<div class=\"e-con-inner\">\n\t\t\t\t<div class=\"elementor-element elementor-element-4870ff9 elementor-widget__width-initial elementor-widget elementor-widget-heading\" data-id=\"4870ff9\" data-element_type=\"widget\" data-e-type=\"widget\" data-widget_type=\"heading.default\">\n\t\t\t\t\t<h1 class=\"elementor-heading-title elementor-size-default\">Czyszczenie na zlecenie<\/h1>\t\t\t\t<\/div>\n\t\t\t\t<div class=\"elementor-element elementor-element-cfc2d11 elementor-widget__width-initial elementor-widget elementor-widget-text-editor\" data-id=\"cfc2d11\" data-element_type=\"widget\" data-e-type=\"widget\" data-widget_type=\"text-editor.default\">\n\t\t\t\t\t\t\t\t\t<p>Najwy\u017csze standardy jako\u015bci w zakresie czyszczenia i regeneracji opakowa\u0144 zbiorczych IBC. Z dopuszczeniem i bez dopuszczenia dla towar\u00f3w niebezpiecznych &#8211; dla wszystkich ga\u0142\u0119zi przemys\u0142u. <\/p>\t\t\t\t\t\t\t\t<\/div>\n\t\t\t\t\t<\/div>\n\t\t\t\t<\/div>\n\t\t<div class=\"elementor-element elementor-element-c40892a e-flex e-con-boxed wpr-particle-no wpr-jarallax-no wpr-parallax-no wpr-sticky-section-no e-con e-parent\" data-id=\"c40892a\" data-element_type=\"container\" data-e-type=\"container\" data-settings=\"{&quot;background_background&quot;:&quot;classic&quot;}\">\n\t\t\t\t\t<div class=\"e-con-inner\">\n\t\t\t\t<div class=\"elementor-element elementor-element-b1a54e5 elementor-widget__width-inherit elementor-widget-mobile__width-initial elementor-widget elementor-widget-heading\" data-id=\"b1a54e5\" data-element_type=\"widget\" data-e-type=\"widget\" data-widget_type=\"heading.default\">\n\t\t\t\t\t<h2 class=\"elementor-heading-title elementor-size-default\">Czyszczenie opakowa\u0144 zbiorczych IBC  <\/h2>\t\t\t\t<\/div>\n\t\t\t\t<div class=\"elementor-element elementor-element-878a7de elementor-widget__width-initial elementor-widget-mobile__width-inherit elementor-widget-tablet__width-inherit elementor-widget elementor-widget-text-editor\" data-id=\"878a7de\" data-element_type=\"widget\" data-e-type=\"widget\" data-widget_type=\"text-editor.default\">\n\t\t\t\t\t\t\t\t\t<p class=\"p1\">Nasz\u0105 podstawow\u0105 dzia\u0142alno\u015bci\u0105 jest zakup, sprzeda\u017c, regeneracja i kontraktowe czyszczenie opakowa\u0144 zbiorczych IBC z zezwoleniem na obr\u00f3t materia\u0142ami niebezpiecznymi i bez takiego zezwolenia, pochodz\u0105cych z niemal wszystkich ga\u0142\u0119zi przemys\u0142u.<span class=\"Apple-converted-space\"> <\/span><\/p><p class=\"p1\">Dzi\u0119ki kilku certyfikowanym lokalizacjom dostaw w ca\u0142ych Niemczech, opr\u00f3cz du\u017cego zapasu towar\u00f3w, mamy zazwyczaj kr\u00f3tkie trasy transportowe i dlatego mo\u017cemy zagwarantowa\u0107 dobry stosunek ceny do wydajno\u015bci.<\/p>\t\t\t\t\t\t\t\t<\/div>\n\t\t<div class=\"elementor-element elementor-element-9180e14 e-grid e-con-full wpr-particle-no wpr-jarallax-no wpr-parallax-no wpr-sticky-section-no e-con e-child\" data-id=\"9180e14\" data-element_type=\"container\" data-e-type=\"container\">\n\t\t<div class=\"elementor-element elementor-element-95e4fb0 e-con-full e-flex wpr-particle-no wpr-jarallax-no wpr-parallax-no wpr-sticky-section-no e-con e-child\" data-id=\"95e4fb0\" data-element_type=\"container\" data-e-type=\"container\">\n\t\t<div class=\"elementor-element elementor-element-c3b0b0c e-con-full e-flex wpr-particle-no wpr-jarallax-no wpr-parallax-no wpr-sticky-section-no e-con e-child\" data-id=\"c3b0b0c\" data-element_type=\"container\" data-e-type=\"container\">\n\t\t\t\t<div class=\"elementor-element elementor-element-8083fc4 elementor-widget__width-initial elementor-widget elementor-widget-text-editor\" data-id=\"8083fc4\" data-element_type=\"widget\" data-e-type=\"widget\" data-widget_type=\"text-editor.default\">\n\t\t\t\t\t\t\t\t\t<div class=\"rounded-lg border bg-card text-card-foreground shadow-sm text-center\"><div class=\"p-6 pt-6\"><p class=\"text-sm text-muted-foreground\">Czyszczenie pojemnik\u00f3w na substancje i roztwory chemiczne<\/p><\/div><\/div>\t\t\t\t\t\t\t\t<\/div>\n\t\t\t\t<div class=\"elementor-element elementor-element-ebc630f elementor-widget elementor-widget-heading\" data-id=\"ebc630f\" data-element_type=\"widget\" data-e-type=\"widget\" data-widget_type=\"heading.default\">\n\t\t\t\t\t<h2 class=\"elementor-heading-title elementor-size-default\">Przemys\u0142 chemiczny<\/h2>\t\t\t\t<\/div>\n\t\t\t\t<div class=\"elementor-element elementor-element-0f7e936 elementor-view-default elementor-widget elementor-widget-icon\" data-id=\"0f7e936\" data-element_type=\"widget\" data-e-type=\"widget\" data-widget_type=\"icon.default\">\n\t\t\t\t\t\t\t<div class=\"elementor-icon-wrapper\">\n\t\t\t<div class=\"elementor-icon\">\n\t\t\t<i aria-hidden=\"true\" class=\"icon icon-atomic\"><\/i>\t\t\t<\/div>\n\t\t<\/div>\n\t\t\t\t\t\t<\/div>\n\t\t\t\t<\/div>\n\t\t\t\t<\/div>\n\t\t<div class=\"elementor-element elementor-element-4986376 e-con-full e-flex wpr-particle-no wpr-jarallax-no wpr-parallax-no wpr-sticky-section-no e-con e-child\" data-id=\"4986376\" data-element_type=\"container\" data-e-type=\"container\">\n\t\t<div class=\"elementor-element elementor-element-c446aec e-con-full e-flex wpr-particle-no wpr-jarallax-no wpr-parallax-no wpr-sticky-section-no e-con e-child\" data-id=\"c446aec\" data-element_type=\"container\" data-e-type=\"container\">\n\t\t\t\t<div class=\"elementor-element elementor-element-e04ddd8 elementor-widget__width-initial elementor-widget elementor-widget-text-editor\" data-id=\"e04ddd8\" data-element_type=\"widget\" data-e-type=\"widget\" data-widget_type=\"text-editor.default\">\n\t\t\t\t\t\t\t\t\t<div class=\"rounded-lg border bg-card text-card-foreground shadow-sm text-center\"><div class=\"p-6 pt-6\"><p class=\"text-sm text-muted-foreground\">Najwy\u017csze standardy czyszczenia dla zastosowa\u0144 farmaceutycznych<\/p><\/div><\/div>\t\t\t\t\t\t\t\t<\/div>\n\t\t\t\t<div class=\"elementor-element elementor-element-ea96669 elementor-widget elementor-widget-heading\" data-id=\"ea96669\" data-element_type=\"widget\" data-e-type=\"widget\" data-widget_type=\"heading.default\">\n\t\t\t\t\t<h2 class=\"elementor-heading-title elementor-size-default\">Przemys\u0142 farmaceutyczny<\/h2>\t\t\t\t<\/div>\n\t\t\t\t<div class=\"elementor-element elementor-element-a9986ed elementor-view-default elementor-widget elementor-widget-icon\" data-id=\"a9986ed\" data-element_type=\"widget\" data-e-type=\"widget\" data-widget_type=\"icon.default\">\n\t\t\t\t\t\t\t<div class=\"elementor-icon-wrapper\">\n\t\t\t<div class=\"elementor-icon\">\n\t\t\t<i aria-hidden=\"true\" class=\"icon icon-medicine\"><\/i>\t\t\t<\/div>\n\t\t<\/div>\n\t\t\t\t\t\t<\/div>\n\t\t\t\t<\/div>\n\t\t\t\t<\/div>\n\t\t<div class=\"elementor-element elementor-element-d6bf789 e-con-full e-flex wpr-particle-no wpr-jarallax-no wpr-parallax-no wpr-sticky-section-no e-con e-child\" data-id=\"d6bf789\" data-element_type=\"container\" data-e-type=\"container\">\n\t\t<div class=\"elementor-element elementor-element-ce25c59 e-con-full e-flex wpr-particle-no wpr-jarallax-no wpr-parallax-no wpr-sticky-section-no e-con e-child\" data-id=\"ce25c59\" data-element_type=\"container\" data-e-type=\"container\">\n\t\t\t\t<div class=\"elementor-element elementor-element-79830eb elementor-widget__width-initial elementor-widget elementor-widget-text-editor\" data-id=\"79830eb\" data-element_type=\"widget\" data-e-type=\"widget\" data-widget_type=\"text-editor.default\">\n\t\t\t\t\t\t\t\t\t<div class=\"mb-16\"><div class=\"grid md:grid-cols-3 gap-8 max-w-4xl mx-auto\"><div class=\"rounded-lg border bg-card text-card-foreground shadow-sm text-center\"><div class=\"p-6 pt-6\"><p class=\"text-sm text-muted-foreground\">Specjalne procesy czyszczenia produkt\u00f3w kosmetycznych<\/p><\/div><\/div><\/div><\/div>\t\t\t\t\t\t\t\t<\/div>\n\t\t\t\t<div class=\"elementor-element elementor-element-4bf0a28 elementor-widget elementor-widget-heading\" data-id=\"4bf0a28\" data-element_type=\"widget\" data-e-type=\"widget\" data-widget_type=\"heading.default\">\n\t\t\t\t\t<h2 class=\"elementor-heading-title elementor-size-default\">Przemys\u0142 kosmetyczny<\/h2>\t\t\t\t<\/div>\n\t\t\t\t<div class=\"elementor-element elementor-element-b13216f elementor-view-default elementor-widget elementor-widget-icon\" data-id=\"b13216f\" data-element_type=\"widget\" data-e-type=\"widget\" data-widget_type=\"icon.default\">\n\t\t\t\t\t\t\t<div class=\"elementor-icon-wrapper\">\n\t\t\t<div class=\"elementor-icon\">\n\t\t\t<i aria-hidden=\"true\" class=\"icon icon-drop\"><\/i>\t\t\t<\/div>\n\t\t<\/div>\n\t\t\t\t\t\t<\/div>\n\t\t\t\t<\/div>\n\t\t\t\t<\/div>\n\t\t\t\t<\/div>\n\t\t\t\t\t<\/div>\n\t\t\t\t<\/div>\n\t\t<div class=\"elementor-element elementor-element-5ce2e52 e-flex e-con-boxed wpr-particle-no wpr-jarallax-no wpr-parallax-no wpr-sticky-section-no e-con e-parent\" data-id=\"5ce2e52\" data-element_type=\"container\" data-e-type=\"container\" data-settings=\"{&quot;background_background&quot;:&quot;classic&quot;}\">\n\t\t\t\t\t<div class=\"e-con-inner\">\n\t\t<div class=\"elementor-element elementor-element-97f6baf e-con-full e-flex wpr-particle-no wpr-jarallax-no wpr-parallax-no wpr-sticky-section-no e-con e-child\" data-id=\"97f6baf\" data-element_type=\"container\" data-e-type=\"container\">\n\t\t\t\t<div class=\"elementor-element elementor-element-ef96520 elementor-widget__width-auto elementor-widget-mobile__width-initial elementor-widget elementor-widget-heading\" data-id=\"ef96520\" data-element_type=\"widget\" data-e-type=\"widget\" data-widget_type=\"heading.default\">\n\t\t\t\t\t<h2 class=\"elementor-heading-title elementor-size-default\">Zam\u00f3w us\u0142ug\u0119 sprz\u0105tania  <\/h2>\t\t\t\t<\/div>\n\t\t\t\t<\/div>\n\t\t\t\t<div class=\"elementor-element elementor-element-d7d3431 elementor-widget__width-initial elementor-widget-mobile__width-inherit elementor-widget elementor-widget-text-editor\" data-id=\"d7d3431\" data-element_type=\"widget\" data-e-type=\"widget\" data-widget_type=\"text-editor.default\">\n\t\t\t\t\t\t\t\t\t<p class=\"text-lg mb-8 text-primary-foreground\/90 max-w-2xl mx-auto\">Skontaktuj si\u0119 z nami, aby uzyska\u0107 indywidualn\u0105 wycen\u0119 czyszczenia kontraktowego lub regeneracji.<\/p>\t\t\t\t\t\t\t\t<\/div>\n\t\t\t\t<div class=\"elementor-element elementor-element-86f82c6 elementor-widget elementor-widget-button\" data-id=\"86f82c6\" data-element_type=\"widget\" data-e-type=\"widget\" data-widget_type=\"button.default\">\n\t\t\t\t\t\t\t\t\t\t<a class=\"elementor-button elementor-button-link elementor-size-sm\" href=\"https:\/\/allpack-gmbh.eu\/pl\/formularz-zapytania\">\n\t\t\t\t\t\t<span class=\"elementor-button-content-wrapper\">\n\t\t\t\t\t\t<span class=\"elementor-button-icon\">\n\t\t\t\t<i aria-hidden=\"true\" class=\"icon icon-right-arrow1\"><\/i>\t\t\t<\/span>\n\t\t\t\t\t\t\t\t\t<span class=\"elementor-button-text\">Zapytaj teraz<\/span>\n\t\t\t\t\t<\/span>\n\t\t\t\t\t<\/a>\n\t\t\t\t\t\t\t\t<\/div>\n\t\t\t\t\t<\/div>\n\t\t\t\t<\/div>\n\t\t\t\t<\/div>\n\t\t","protected":false},"excerpt":{"rendered":"<p>Czyszczenie na zlecenie Najwy\u017csze standardy jako\u015bci w zakresie czyszczenia i regeneracji opakowa\u0144 zbiorczych IBC. Z dopuszczeniem i bez dopuszczenia dla towar\u00f3w niebezpiecznych &#8211; dla wszystkich ga\u0142\u0119zi przemys\u0142u. Czyszczenie opakowa\u0144 zbiorczych IBC Nasz\u0105 podstawow\u0105 dzia\u0142alno\u015bci\u0105 jest zakup, sprzeda\u017c, regeneracja i kontraktowe czyszczenie opakowa\u0144 zbiorczych IBC z zezwoleniem na obr\u00f3t materia\u0142ami niebezpiecznymi i bez takiego zezwolenia, pochodz\u0105cych z niemal wszystkich ga\u0142\u0119zi przemys\u0142u. Dzi\u0119ki kilku certyfikowanym lokalizacjom dostaw w ca\u0142ych Niemczech, opr\u00f3cz du\u017cego zapasu towar\u00f3w, mamy zazwyczaj kr\u00f3tkie trasy transportowe i dlatego mo\u017cemy zagwarantowa\u0107 dobry stosunek ceny do wydajno\u015bci. Czyszczenie pojemnik\u00f3w na substancje i roztwory chemiczne Przemys\u0142 chemiczny Najwy\u017csze standardy czyszczenia dla zastosowa\u0144 farmaceutycznych Przemys\u0142 farmaceutyczny Specjalne procesy czyszczenia produkt\u00f3w kosmetycznych Przemys\u0142 kosmetyczny Zam\u00f3w us\u0142ug\u0119 sprz\u0105tania Skontaktuj si\u0119 z nami, aby uzyska\u0107 indywidualn\u0105 wycen\u0119 czyszczenia kontraktowego lub regeneracji. Zapytaj teraz<\/p>\n","protected":false},"author":3,"featured_media":0,"parent":0,"menu_order":0,"comment_status":"closed","ping_status":"closed","template":"","meta":{"footnotes":""},"class_list":["post-4028","page","type-page","status-publish","hentry"],"yoast_head":"<!-- This site is optimized with the Yoast SEO plugin v27.2 - https:\/\/yoast.com\/product\/yoast-seo-wordpress\/ -->\n<title>Czyszczenie na zlecenie - Allpack GmbH<\/title>\n<meta name=\"description\" content=\"Ankauf und Verkauf von IBC-Containern, Paletten und Gitterboxen sowie professionelle Lohnreinigung und Rebottling.\" \/>\n<meta name=\"robots\" content=\"index, follow, max-snippet:-1, max-image-preview:large, max-video-preview:-1\" \/>\n<link rel=\"canonical\" href=\"https:\/\/allpack-gmbh.eu\/pl\/sprzatanie-na-zlecenie\" \/>\n<meta property=\"og:locale\" content=\"pl_PL\" \/>\n<meta property=\"og:type\" content=\"article\" \/>\n<meta property=\"og:title\" content=\"Czyszczenie na zlecenie - Allpack GmbH\" \/>\n<meta property=\"og:description\" content=\"Ankauf und Verkauf von IBC-Containern, Paletten und Gitterboxen sowie professionelle Lohnreinigung und Rebottling.\" \/>\n<meta property=\"og:url\" content=\"https:\/\/allpack-gmbh.eu\/pl\/sprzatanie-na-zlecenie\" \/>\n<meta property=\"og:site_name\" content=\"Allpack GmbH\" \/>\n<meta property=\"article:modified_time\" content=\"2026-01-26T15:43:06+00:00\" \/>\n<meta property=\"og:image\" content=\"https:\/\/allpack-gmbh.eu\/wp-content\/uploads\/2026\/01\/Banner-Allpack-GmbH.webp\" \/>\n\t<meta property=\"og:image:width\" content=\"1200\" \/>\n\t<meta property=\"og:image:height\" content=\"675\" \/>\n\t<meta property=\"og:image:type\" content=\"image\/webp\" \/>\n<meta name=\"twitter:card\" content=\"summary_large_image\" \/>\n<meta name=\"twitter:label1\" content=\"Szacowany czas czytania\" \/>\n\t<meta name=\"twitter:data1\" content=\"1 minuta\" \/>\n<script type=\"application\/ld+json\" class=\"yoast-schema-graph\">{\"@context\":\"https:\/\/schema.org\",\"@graph\":[{\"@type\":\"WebPage\",\"@id\":\"https:\/\/allpack-gmbh.eu\/pl\/sprzatanie-na-zlecenie\",\"url\":\"https:\/\/allpack-gmbh.eu\/pl\/sprzatanie-na-zlecenie\",\"name\":\"Czyszczenie na zlecenie - Allpack GmbH\",\"isPartOf\":{\"@id\":\"https:\/\/allpack-gmbh.eu\/pl#website\"},\"datePublished\":\"2026-01-18T17:01:29+00:00\",\"dateModified\":\"2026-01-26T15:43:06+00:00\",\"description\":\"Ankauf und Verkauf von IBC-Containern, Paletten und Gitterboxen sowie professionelle Lohnreinigung und Rebottling.\",\"breadcrumb\":{\"@id\":\"https:\/\/allpack-gmbh.eu\/pl\/sprzatanie-na-zlecenie#breadcrumb\"},\"inLanguage\":\"pl-PL\",\"potentialAction\":[{\"@type\":\"ReadAction\",\"target\":[\"https:\/\/allpack-gmbh.eu\/pl\/sprzatanie-na-zlecenie\"]}]},{\"@type\":\"BreadcrumbList\",\"@id\":\"https:\/\/allpack-gmbh.eu\/pl\/sprzatanie-na-zlecenie#breadcrumb\",\"itemListElement\":[{\"@type\":\"ListItem\",\"position\":1,\"name\":\"Startseite\",\"item\":\"https:\/\/allpack-gmbh.eu\/pl\/home-v4\"},{\"@type\":\"ListItem\",\"position\":2,\"name\":\"Czyszczenie na zlecenie\"}]},{\"@type\":\"WebSite\",\"@id\":\"https:\/\/allpack-gmbh.eu\/pl#website\",\"url\":\"https:\/\/allpack-gmbh.eu\/pl\",\"name\":\"Allpack GmbH\",\"description\":\"Ihr B2B Partner rund um IBC-Container, Paletten und Gitterboxen\",\"publisher\":{\"@id\":\"https:\/\/allpack-gmbh.eu\/pl#organization\"},\"potentialAction\":[{\"@type\":\"SearchAction\",\"target\":{\"@type\":\"EntryPoint\",\"urlTemplate\":\"https:\/\/allpack-gmbh.eu\/pl?s={search_term_string}\"},\"query-input\":{\"@type\":\"PropertyValueSpecification\",\"valueRequired\":true,\"valueName\":\"search_term_string\"}}],\"inLanguage\":\"pl-PL\"},{\"@type\":\"Organization\",\"@id\":\"https:\/\/allpack-gmbh.eu\/pl#organization\",\"name\":\"Allpack GmbH\",\"url\":\"https:\/\/allpack-gmbh.eu\/pl\",\"logo\":{\"@type\":\"ImageObject\",\"inLanguage\":\"pl-PL\",\"@id\":\"https:\/\/allpack-gmbh.eu\/pl#\/schema\/logo\/image\/\",\"url\":\"https:\/\/allpack-gmbh.eu\/wp-content\/uploads\/2021\/02\/allpack-gmbh-icon.png\",\"contentUrl\":\"https:\/\/allpack-gmbh.eu\/wp-content\/uploads\/2021\/02\/allpack-gmbh-icon.png\",\"width\":99,\"height\":119,\"caption\":\"Allpack GmbH\"},\"image\":{\"@id\":\"https:\/\/allpack-gmbh.eu\/pl#\/schema\/logo\/image\/\"}}]}<\/script>\n<!-- \/ Yoast SEO plugin. -->","yoast_head_json":{"title":"Czyszczenie na zlecenie - Allpack GmbH","description":"Ankauf und Verkauf von IBC-Containern, Paletten und Gitterboxen sowie professionelle Lohnreinigung und Rebottling.","robots":{"index":"index","follow":"follow","max-snippet":"max-snippet:-1","max-image-preview":"max-image-preview:large","max-video-preview":"max-video-preview:-1"},"canonical":"https:\/\/allpack-gmbh.eu\/pl\/sprzatanie-na-zlecenie","og_locale":"pl_PL","og_type":"article","og_title":"Czyszczenie na zlecenie - Allpack GmbH","og_description":"Ankauf und Verkauf von IBC-Containern, Paletten und Gitterboxen sowie professionelle Lohnreinigung und Rebottling.","og_url":"https:\/\/allpack-gmbh.eu\/pl\/sprzatanie-na-zlecenie","og_site_name":"Allpack GmbH","article_modified_time":"2026-01-26T15:43:06+00:00","og_image":[{"width":1200,"height":675,"url":"https:\/\/allpack-gmbh.eu\/wp-content\/uploads\/2026\/01\/Banner-Allpack-GmbH.webp","type":"image\/webp"}],"twitter_card":"summary_large_image","twitter_misc":{"Szacowany czas czytania":"1 minuta"},"schema":{"@context":"https:\/\/schema.org","@graph":[{"@type":"WebPage","@id":"https:\/\/allpack-gmbh.eu\/pl\/sprzatanie-na-zlecenie","url":"https:\/\/allpack-gmbh.eu\/pl\/sprzatanie-na-zlecenie","name":"Czyszczenie na zlecenie - Allpack GmbH","isPartOf":{"@id":"https:\/\/allpack-gmbh.eu\/pl#website"},"datePublished":"2026-01-18T17:01:29+00:00","dateModified":"2026-01-26T15:43:06+00:00","description":"Ankauf und Verkauf von IBC-Containern, Paletten und Gitterboxen sowie professionelle Lohnreinigung und Rebottling.","breadcrumb":{"@id":"https:\/\/allpack-gmbh.eu\/pl\/sprzatanie-na-zlecenie#breadcrumb"},"inLanguage":"pl-PL","potentialAction":[{"@type":"ReadAction","target":["https:\/\/allpack-gmbh.eu\/pl\/sprzatanie-na-zlecenie"]}]},{"@type":"BreadcrumbList","@id":"https:\/\/allpack-gmbh.eu\/pl\/sprzatanie-na-zlecenie#breadcrumb","itemListElement":[{"@type":"ListItem","position":1,"name":"Startseite","item":"https:\/\/allpack-gmbh.eu\/pl\/home-v4"},{"@type":"ListItem","position":2,"name":"Czyszczenie na zlecenie"}]},{"@type":"WebSite","@id":"https:\/\/allpack-gmbh.eu\/pl#website","url":"https:\/\/allpack-gmbh.eu\/pl","name":"Allpack GmbH","description":"Ihr B2B Partner rund um IBC-Container, Paletten und Gitterboxen","publisher":{"@id":"https:\/\/allpack-gmbh.eu\/pl#organization"},"potentialAction":[{"@type":"SearchAction","target":{"@type":"EntryPoint","urlTemplate":"https:\/\/allpack-gmbh.eu\/pl?s={search_term_string}"},"query-input":{"@type":"PropertyValueSpecification","valueRequired":true,"valueName":"search_term_string"}}],"inLanguage":"pl-PL"},{"@type":"Organization","@id":"https:\/\/allpack-gmbh.eu\/pl#organization","name":"Allpack GmbH","url":"https:\/\/allpack-gmbh.eu\/pl","logo":{"@type":"ImageObject","inLanguage":"pl-PL","@id":"https:\/\/allpack-gmbh.eu\/pl#\/schema\/logo\/image\/","url":"https:\/\/allpack-gmbh.eu\/wp-content\/uploads\/2021\/02\/allpack-gmbh-icon.png","contentUrl":"https:\/\/allpack-gmbh.eu\/wp-content\/uploads\/2021\/02\/allpack-gmbh-icon.png","width":99,"height":119,"caption":"Allpack GmbH"},"image":{"@id":"https:\/\/allpack-gmbh.eu\/pl#\/schema\/logo\/image\/"}}]}},"_links":{"self":[{"href":"https:\/\/allpack-gmbh.eu\/pl\/wp-json\/wp\/v2\/pages\/4028","targetHints":{"allow":["GET"]}}],"collection":[{"href":"https:\/\/allpack-gmbh.eu\/pl\/wp-json\/wp\/v2\/pages"}],"about":[{"href":"https:\/\/allpack-gmbh.eu\/pl\/wp-json\/wp\/v2\/types\/page"}],"author":[{"embeddable":true,"href":"https:\/\/allpack-gmbh.eu\/pl\/wp-json\/wp\/v2\/users\/3"}],"replies":[{"embeddable":true,"href":"https:\/\/allpack-gmbh.eu\/pl\/wp-json\/wp\/v2\/comments?post=4028"}],"version-history":[{"count":0,"href":"https:\/\/allpack-gmbh.eu\/pl\/wp-json\/wp\/v2\/pages\/4028\/revisions"}],"wp:attachment":[{"href":"https:\/\/allpack-gmbh.eu\/pl\/wp-json\/wp\/v2\/media?parent=4028"}],"curies":[{"name":"wp","href":"https:\/\/api.w.org\/{rel}","templated":true}]}}