{"id":4109,"date":"2026-01-18T17:01:38","date_gmt":"2026-01-18T17:01:38","guid":{"rendered":"https:\/\/allpack-gmbh.eu\/impressum"},"modified":"2026-01-26T15:43:06","modified_gmt":"2026-01-26T15:43:06","slug":"impressum","status":"publish","type":"page","link":"https:\/\/allpack-gmbh.eu\/cs\/impressum","title":{"rendered":"Impressum"},"content":{"rendered":"\t\t<div data-elementor-type=\"wp-page\" data-elementor-id=\"4109\" class=\"elementor elementor-4109 elementor-3537\" data-elementor-post-type=\"page\">\n\t\t\t\t<div class=\"elementor-element elementor-element-099e9f7 e-flex e-con-boxed wpr-particle-no wpr-jarallax-no wpr-parallax-no wpr-sticky-section-no e-con e-parent\" data-id=\"099e9f7\" data-element_type=\"container\" data-e-type=\"container\" data-settings=\"{&quot;background_background&quot;:&quot;classic&quot;}\">\n\t\t\t\t\t<div class=\"e-con-inner\">\n\t\t\t\t<div class=\"elementor-element elementor-element-4870ff9 elementor-widget__width-initial elementor-widget elementor-widget-heading\" data-id=\"4870ff9\" data-element_type=\"widget\" data-e-type=\"widget\" data-widget_type=\"heading.default\">\n\t\t\t\t\t<h1 class=\"elementor-heading-title elementor-size-default\">Impressum<\/h1>\t\t\t\t<\/div>\n\t\t\t\t\t<\/div>\n\t\t\t\t<\/div>\n\t\t<div class=\"elementor-element elementor-element-c40892a e-flex e-con-boxed wpr-particle-no wpr-jarallax-no wpr-parallax-no wpr-sticky-section-no e-con e-parent\" data-id=\"c40892a\" data-element_type=\"container\" data-e-type=\"container\" data-settings=\"{&quot;background_background&quot;:&quot;classic&quot;}\">\n\t\t\t\t\t<div class=\"e-con-inner\">\n\t\t\t\t<div class=\"elementor-element elementor-element-878a7de elementor-widget__width-initial elementor-widget-mobile__width-inherit elementor-widget-tablet__width-inherit elementor-widget elementor-widget-text-editor\" data-id=\"878a7de\" data-element_type=\"widget\" data-e-type=\"widget\" data-widget_type=\"text-editor.default\">\n\t\t\t\t\t\t\t\t\t<section class=\"l-section wpb_row height_medium\"><div class=\"l-section-h i-cf\"><div class=\"g-cols vc_row type_default valign_top\"><div class=\"vc_col-sm-12 wpb_column vc_column_container\"><div class=\"vc_column-inner\"><div class=\"wpb_wrapper\"><div class=\"wpb_text_column\"><div class=\"wpb_wrapper\"><h2>Impressum<\/h2><p><strong>S\u00eddlo spole\u010dnosti:<\/strong><br>Sophienstrasse 44<br>60487 Frankfurt.<\/p><p><strong>Po\u0161tovn\u00ed adresa:<\/strong><br>Sophienstrasse 44<br>60487 Frankfurt.<\/p><p>Jednatel: J\u00f6rg Bach und Stefanie Bach<\/p><p>Telefon: 069 &#8211; 13 82 81 46<br>Fax: 069 &#8211; 63 14 39 1<br>E-mail: info@allpack-gmbh.eu.<\/p><p>Obchodn\u00ed rejst\u0159\u00edk: HRB 126458 Frankfurt nad Mohanem<br>St.-Nr.: 014 228 22522<\/p><\/div><\/div><\/div><\/div><\/div><\/div><\/div><\/section><section class=\"l-section wpb_row height_medium\"><div class=\"l-section-h i-cf\"><div class=\"g-cols vc_row type_default valign_top\"><div class=\"vc_col-sm-12 wpb_column vc_column_container\"><div class=\"vc_column-inner\"><div class=\"wpb_wrapper\"><div class=\"wpb_text_column\"><div class=\"wpb_wrapper\"><h2>Z\u0159eknut\u00ed se odpov\u011bdnosti<\/h2><p><strong>1. Obsah online nab\u00eddky<\/strong><\/p><p>Autor nep\u0159eb\u00edr\u00e1 \u017e\u00e1dnou odpov\u011bdnost za aktu\u00e1lnost, spr\u00e1vnost, \u00faplnost nebo kvalitu poskytovan\u00fdch informac\u00ed. N\u00e1roky z odpov\u011bdnosti v\u016f\u010di autorovi t\u00fdkaj\u00edc\u00ed se hmotn\u00e9 nebo nehmotn\u00e9 \u0161kody zp\u016fsoben\u00e9 pou\u017eit\u00edm nebo nepou\u017eit\u00edm poskytnut\u00fdch informac\u00ed nebo pou\u017eit\u00edm nespr\u00e1vn\u00fdch nebo ne\u00fapln\u00fdch informac\u00ed jsou z\u00e1sadn\u011b vylou\u010deny, pokud nen\u00ed prok\u00e1z\u00e1n \u00famysl nebo hrub\u00e1 nedbalost na stran\u011b autora.<br>V\u0161echny nab\u00eddky se mohou zm\u011bnit a nejsou z\u00e1vazn\u00e9. Autor si v\u00fdslovn\u011b vyhrazuje pr\u00e1vo m\u011bnit, dopl\u0148ovat nebo mazat \u010d\u00e1sti str\u00e1nek nebo celou nab\u00eddku nebo do\u010dasn\u011b nebo trvale ukon\u010dit publikov\u00e1n\u00ed bez p\u0159edchoz\u00edho upozorn\u011bn\u00ed.  <\/p><p><strong>2. Odkazy a propojen\u00ed<\/strong><br>V p\u0159\u00edpad\u011b p\u0159\u00edm\u00fdch nebo nep\u0159\u00edm\u00fdch odkaz\u016f na extern\u00ed webov\u00e9 str\u00e1nky (&#8222;hypertextov\u00e9 odkazy&#8220;), kter\u00e9 le\u017e\u00ed mimo oblast odpov\u011bdnosti autora, by povinnost odpov\u011bdnosti vznikla pouze v p\u0159\u00edpad\u011b, \u017ee by si autor byl v\u011bdom obsahu a bylo by pro n\u011bj technicky mo\u017en\u00e9 a p\u0159im\u011b\u0159en\u00e9 zabr\u00e1nit pou\u017eit\u00ed v p\u0159\u00edpad\u011b nez\u00e1konn\u00e9ho obsahu.<br>Autor t\u00edmto v\u00fdslovn\u011b prohla\u0161uje, \u017ee v dob\u011b vytvo\u0159en\u00ed odkaz\u016f nebyl na odkazovan\u00fdch str\u00e1nk\u00e1ch rozpoznateln\u00fd \u017e\u00e1dn\u00fd nez\u00e1konn\u00fd obsah. Autor nem\u00e1 \u017e\u00e1dn\u00fd vliv na aktu\u00e1ln\u00ed a budouc\u00ed podobu, obsah nebo autorstv\u00ed odkazovan\u00fdch \/ propojen\u00fdch str\u00e1nek. Proto se t\u00edmto v\u00fdslovn\u011b distancuje od ve\u0161ker\u00e9ho obsahu na v\u0161ech odkazovan\u00fdch \/ p\u0159ipojen\u00fdch str\u00e1nk\u00e1ch, kter\u00e9 byly zm\u011bn\u011bny po nastaven\u00ed odkazu. Toto prohl\u00e1\u0161en\u00ed se vztahuje na v\u0161echny odkazy a odkazy uveden\u00e9 v r\u00e1mci vlastn\u00edch webov\u00fdch str\u00e1nek autora, jako\u017e i na z\u00e1znamy t\u0159et\u00edch stran v n\u00e1v\u0161t\u011bvn\u00edch knih\u00e1ch, diskusn\u00edch f\u00f3rech, adres\u00e1\u0159\u00edch odkaz\u016f, seznamech adres\u00e1t\u016f a v\u0161ech dal\u0161\u00edch form\u00e1ch datab\u00e1z\u00ed, k jejich\u017e obsahu je mo\u017en\u00fd extern\u00ed p\u0159\u00edstup pro z\u00e1pis. Za nez\u00e1konn\u00fd, nespr\u00e1vn\u00fd nebo ne\u00fapln\u00fd obsah a zejm\u00e9na za \u0161kody vznikl\u00e9 v d\u016fsledku pou\u017eit\u00ed nebo nevyu\u017eit\u00ed takto prezentovan\u00fdch informac\u00ed je odpov\u011bdn\u00fd v\u00fdhradn\u011b poskytovatel str\u00e1nky, na kterou bylo odkazov\u00e1no, nikoli osoba, kter\u00e1 se pouze odk\u00e1\u017ee na p\u0159\u00edslu\u0161n\u00e9 zve\u0159ejn\u011bn\u00ed prost\u0159ednictv\u00edm odkaz\u016f.    <\/p><p><strong>3. Autorsk\u00e9 pr\u00e1vo a pr\u00e1vo ochrann\u00fdch zn\u00e1mek<\/strong><br>Autor se sna\u017e\u00ed dodr\u017eovat autorsk\u00e1 pr\u00e1va k obr\u00e1zk\u016fm, grafice, zvukov\u00fdm dokument\u016fm, videosekvenc\u00edm a text\u016fm pou\u017eit\u00fdm ve v\u0161ech publikac\u00edch, pou\u017e\u00edvat obr\u00e1zky, grafiku, zvukov\u00e9 dokumenty, videosekvence a texty, kter\u00e9 s\u00e1m vytvo\u0159il, nebo pou\u017e\u00edvat grafiku, zvukov\u00e9 dokumenty, videosekvence a texty bez licence.<br>V\u0161echny zna\u010dky a ochrann\u00e9 zn\u00e1mky uveden\u00e9 v r\u00e1mci internetov\u00e9 nab\u00eddky a p\u0159\u00edpadn\u011b chr\u00e1n\u011bn\u00e9 t\u0159et\u00edmi stranami podl\u00e9haj\u00ed bez omezen\u00ed ustanoven\u00edm platn\u00e9ho z\u00e1kona o ochrann\u00fdch zn\u00e1mk\u00e1ch a vlastnick\u00fdm pr\u00e1v\u016fm p\u0159\u00edslu\u0161n\u00fdch registrovan\u00fdch vlastn\u00edk\u016f. Z\u00e1v\u011br, \u017ee ochrann\u00e9 zn\u00e1mky nejsou chr\u00e1n\u011bny pr\u00e1vy t\u0159et\u00edch osob, by nem\u011bl b\u00fdt vyvozov\u00e1n jen proto, \u017ee jsou zm\u00edn\u011bny! <br>Autorsk\u00e1 pr\u00e1va na publikovan\u00e9 objekty vytvo\u0159en\u00e9 autorem z\u016fst\u00e1vaj\u00ed v\u00fdhradn\u011b autorovi str\u00e1nek. Jak\u00e9koli rozmno\u017eov\u00e1n\u00ed nebo pou\u017eit\u00ed takov\u00e9 grafiky, zvukov\u00fdch soubor\u016f, videosekvenc\u00ed a text\u016f v jin\u00fdch elektronick\u00fdch nebo ti\u0161t\u011bn\u00fdch publikac\u00edch nen\u00ed bez v\u00fdslovn\u00e9ho souhlasu autora povoleno. <\/p><p><strong>4. ochrana osobn\u00edch \u00fadaj\u016f<\/strong><br>Pokud je d\u00e1na mo\u017enost zadat osobn\u00ed nebo obchodn\u00ed \u00fadaje (e-mailov\u00e9 adresy, jm\u00e9no, adresy), zad\u00e1n\u00ed t\u011bchto \u00fadaj\u016f prob\u00edh\u00e1 dobrovoln\u011b. U\u017e\u00edv\u00e1n\u00ed a placen\u00ed v\u0161ech nab\u00edzen\u00fdch slu\u017eeb je povoleno &#8211; je-li to zat\u00edm technicky mo\u017en\u00e9 a p\u0159im\u011b\u0159en\u00e9 &#8211; bez uveden\u00ed t\u011bchto \u00fadaj\u016f nebo pod uveden\u00edm anonymizovan\u00fdch \u00fadaj\u016f nebo pseudonymu. Pou\u017eit\u00ed kontaktn\u00edch \u00fadaj\u016f zve\u0159ejn\u011bn\u00fdch v tir\u00e1\u017ei nebo srovnateln\u00fdch informac\u00ed, jako jsou po\u0161tovn\u00ed adresy, telefonn\u00ed a faxov\u00e1 \u010d\u00edsla a e-mailov\u00e9 adresy, t\u0159et\u00edmi stranami k zas\u00edl\u00e1n\u00ed informac\u00ed, kter\u00e9 nebyly v\u00fdslovn\u011b vy\u017e\u00e1d\u00e1ny, nen\u00ed povoleno. V\u00fdslovn\u011b si vyhrazujeme pr\u00e1vo podniknout pr\u00e1vn\u00ed kroky proti odes\u00edlatel\u016fm tzv. spamov\u00fdch e-mail\u016f, kte\u0159\u00ed tento z\u00e1kaz poru\u0161uj\u00ed.   <\/p><p><strong>5. pr\u00e1vn\u00ed platnost tohoto prohl\u00e1\u0161en\u00ed o vylou\u010den\u00ed odpov\u011bdnosti<\/strong><br>Toto prohl\u00e1\u0161en\u00ed o vylou\u010den\u00ed odpov\u011bdnosti je t\u0159eba pova\u017eovat za sou\u010d\u00e1st internetov\u00e9 publikace, z n\u00ed\u017e jste byli odk\u00e1z\u00e1ni. Pokud \u010d\u00e1sti nebo jednotliv\u00e9 formulace tohoto textu neodpov\u00eddaj\u00ed, ji\u017e nebo zcela neodpov\u00eddaj\u00ed aktu\u00e1ln\u00edmu pr\u00e1vn\u00edmu stavu, z\u016fst\u00e1vaj\u00ed zb\u00fdvaj\u00edc\u00ed \u010d\u00e1sti dokumentu sv\u00fdm obsahem a platnost\u00ed nedot\u010deny. <\/p><\/div><\/div><\/div><\/div><\/div><\/div><\/div><\/section>\t\t\t\t\t\t\t\t<\/div>\n\t\t\t\t\t<\/div>\n\t\t\t\t<\/div>\n\t\t\t\t<\/div>\n\t\t","protected":false},"excerpt":{"rendered":"<p>Impressum Impressum S\u00eddlo spole\u010dnosti:Sophienstrasse 4460487 Frankfurt. Po\u0161tovn\u00ed adresa:Sophienstrasse 4460487 Frankfurt. Jednatel: J\u00f6rg Bach und Stefanie Bach Telefon: 069 &#8211; 13 82 81 46Fax: 069 &#8211; 63 14 39 1E-mail: info@allpack-gmbh.eu. Obchodn\u00ed rejst\u0159\u00edk: HRB 126458 Frankfurt nad MohanemSt.-Nr.: 014 228 22522 Z\u0159eknut\u00ed se odpov\u011bdnosti 1. Obsah online nab\u00eddky Autor nep\u0159eb\u00edr\u00e1 \u017e\u00e1dnou odpov\u011bdnost za aktu\u00e1lnost, spr\u00e1vnost, \u00faplnost nebo kvalitu poskytovan\u00fdch informac\u00ed. N\u00e1roky z odpov\u011bdnosti v\u016f\u010di autorovi t\u00fdkaj\u00edc\u00ed se hmotn\u00e9 nebo nehmotn\u00e9 \u0161kody zp\u016fsoben\u00e9 pou\u017eit\u00edm nebo nepou\u017eit\u00edm poskytnut\u00fdch informac\u00ed nebo pou\u017eit\u00edm nespr\u00e1vn\u00fdch nebo ne\u00fapln\u00fdch informac\u00ed jsou z\u00e1sadn\u011b vylou\u010deny, pokud nen\u00ed prok\u00e1z\u00e1n \u00famysl nebo hrub\u00e1 nedbalost na stran\u011b autora.V\u0161echny nab\u00eddky se mohou zm\u011bnit a nejsou z\u00e1vazn\u00e9. Autor si v\u00fdslovn\u011b vyhrazuje pr\u00e1vo m\u011bnit, dopl\u0148ovat nebo mazat \u010d\u00e1sti str\u00e1nek nebo celou nab\u00eddku nebo do\u010dasn\u011b nebo trvale ukon\u010dit publikov\u00e1n\u00ed bez p\u0159edchoz\u00edho upozorn\u011bn\u00ed. 2. Odkazy a propojen\u00edV p\u0159\u00edpad\u011b p\u0159\u00edm\u00fdch nebo nep\u0159\u00edm\u00fdch odkaz\u016f na extern\u00ed webov\u00e9 str\u00e1nky (&#8222;hypertextov\u00e9 odkazy&#8220;), kter\u00e9 le\u017e\u00ed mimo oblast odpov\u011bdnosti autora, by povinnost odpov\u011bdnosti vznikla pouze v p\u0159\u00edpad\u011b, \u017ee by si autor byl v\u011bdom obsahu a bylo by pro n\u011bj technicky mo\u017en\u00e9 a p\u0159im\u011b\u0159en\u00e9 zabr\u00e1nit pou\u017eit\u00ed v p\u0159\u00edpad\u011b nez\u00e1konn\u00e9ho obsahu.Autor t\u00edmto v\u00fdslovn\u011b prohla\u0161uje, \u017ee v dob\u011b vytvo\u0159en\u00ed odkaz\u016f nebyl na odkazovan\u00fdch str\u00e1nk\u00e1ch rozpoznateln\u00fd \u017e\u00e1dn\u00fd nez\u00e1konn\u00fd obsah. Autor nem\u00e1 \u017e\u00e1dn\u00fd vliv na aktu\u00e1ln\u00ed a budouc\u00ed podobu, obsah nebo autorstv\u00ed odkazovan\u00fdch \/ propojen\u00fdch str\u00e1nek. Proto se t\u00edmto v\u00fdslovn\u011b distancuje od ve\u0161ker\u00e9ho obsahu na v\u0161ech odkazovan\u00fdch \/ p\u0159ipojen\u00fdch str\u00e1nk\u00e1ch, kter\u00e9 byly zm\u011bn\u011bny po nastaven\u00ed odkazu. Toto prohl\u00e1\u0161en\u00ed se vztahuje na v\u0161echny odkazy a odkazy uveden\u00e9 v r\u00e1mci vlastn\u00edch webov\u00fdch str\u00e1nek autora, jako\u017e i na z\u00e1znamy t\u0159et\u00edch stran v n\u00e1v\u0161t\u011bvn\u00edch knih\u00e1ch, diskusn\u00edch f\u00f3rech, adres\u00e1\u0159\u00edch odkaz\u016f, seznamech adres\u00e1t\u016f a v\u0161ech dal\u0161\u00edch form\u00e1ch datab\u00e1z\u00ed, k jejich\u017e obsahu je mo\u017en\u00fd extern\u00ed p\u0159\u00edstup pro z\u00e1pis. Za nez\u00e1konn\u00fd, nespr\u00e1vn\u00fd nebo ne\u00fapln\u00fd obsah a zejm\u00e9na za \u0161kody vznikl\u00e9 v d\u016fsledku pou\u017eit\u00ed nebo nevyu\u017eit\u00ed takto prezentovan\u00fdch informac\u00ed je odpov\u011bdn\u00fd v\u00fdhradn\u011b poskytovatel str\u00e1nky, na kterou bylo odkazov\u00e1no, nikoli osoba, kter\u00e1 se pouze odk\u00e1\u017ee na p\u0159\u00edslu\u0161n\u00e9 zve\u0159ejn\u011bn\u00ed prost\u0159ednictv\u00edm odkaz\u016f. 3. Autorsk\u00e9 pr\u00e1vo a pr\u00e1vo ochrann\u00fdch zn\u00e1mekAutor se sna\u017e\u00ed dodr\u017eovat autorsk\u00e1 pr\u00e1va k obr\u00e1zk\u016fm, grafice, zvukov\u00fdm dokument\u016fm, videosekvenc\u00edm a text\u016fm pou\u017eit\u00fdm ve v\u0161ech publikac\u00edch, pou\u017e\u00edvat obr\u00e1zky, grafiku, zvukov\u00e9 dokumenty, videosekvence a texty, kter\u00e9 s\u00e1m vytvo\u0159il, nebo pou\u017e\u00edvat grafiku, zvukov\u00e9 dokumenty, videosekvence a texty bez licence.V\u0161echny zna\u010dky a ochrann\u00e9 zn\u00e1mky uveden\u00e9 v r\u00e1mci internetov\u00e9 nab\u00eddky a p\u0159\u00edpadn\u011b chr\u00e1n\u011bn\u00e9 t\u0159et\u00edmi stranami podl\u00e9haj\u00ed bez omezen\u00ed ustanoven\u00edm platn\u00e9ho z\u00e1kona o ochrann\u00fdch zn\u00e1mk\u00e1ch a vlastnick\u00fdm pr\u00e1v\u016fm p\u0159\u00edslu\u0161n\u00fdch registrovan\u00fdch vlastn\u00edk\u016f. Z\u00e1v\u011br, \u017ee ochrann\u00e9 zn\u00e1mky nejsou chr\u00e1n\u011bny pr\u00e1vy t\u0159et\u00edch osob, by nem\u011bl b\u00fdt vyvozov\u00e1n jen proto, \u017ee jsou zm\u00edn\u011bny! Autorsk\u00e1 pr\u00e1va na publikovan\u00e9 objekty vytvo\u0159en\u00e9 autorem z\u016fst\u00e1vaj\u00ed v\u00fdhradn\u011b autorovi str\u00e1nek. Jak\u00e9koli rozmno\u017eov\u00e1n\u00ed nebo pou\u017eit\u00ed takov\u00e9 grafiky, zvukov\u00fdch soubor\u016f, videosekvenc\u00ed a text\u016f v jin\u00fdch elektronick\u00fdch nebo ti\u0161t\u011bn\u00fdch publikac\u00edch nen\u00ed bez v\u00fdslovn\u00e9ho souhlasu autora povoleno. 4. ochrana osobn\u00edch \u00fadaj\u016fPokud je d\u00e1na mo\u017enost zadat osobn\u00ed nebo obchodn\u00ed \u00fadaje (e-mailov\u00e9 adresy, jm\u00e9no, adresy), zad\u00e1n\u00ed t\u011bchto \u00fadaj\u016f prob\u00edh\u00e1 dobrovoln\u011b. U\u017e\u00edv\u00e1n\u00ed a placen\u00ed v\u0161ech nab\u00edzen\u00fdch slu\u017eeb je povoleno &#8211; je-li to zat\u00edm technicky mo\u017en\u00e9 a p\u0159im\u011b\u0159en\u00e9 &#8211; bez uveden\u00ed t\u011bchto \u00fadaj\u016f nebo pod uveden\u00edm anonymizovan\u00fdch \u00fadaj\u016f nebo pseudonymu. Pou\u017eit\u00ed kontaktn\u00edch \u00fadaj\u016f zve\u0159ejn\u011bn\u00fdch v tir\u00e1\u017ei nebo srovnateln\u00fdch informac\u00ed, jako jsou po\u0161tovn\u00ed adresy, telefonn\u00ed a faxov\u00e1 \u010d\u00edsla a e-mailov\u00e9 adresy, t\u0159et\u00edmi stranami k zas\u00edl\u00e1n\u00ed informac\u00ed, kter\u00e9 nebyly v\u00fdslovn\u011b vy\u017e\u00e1d\u00e1ny, nen\u00ed povoleno. V\u00fdslovn\u011b si vyhrazujeme pr\u00e1vo podniknout pr\u00e1vn\u00ed kroky proti odes\u00edlatel\u016fm tzv. spamov\u00fdch e-mail\u016f, kte\u0159\u00ed tento z\u00e1kaz poru\u0161uj\u00ed. 5. pr\u00e1vn\u00ed platnost tohoto prohl\u00e1\u0161en\u00ed o vylou\u010den\u00ed odpov\u011bdnostiToto prohl\u00e1\u0161en\u00ed o vylou\u010den\u00ed odpov\u011bdnosti je t\u0159eba pova\u017eovat za sou\u010d\u00e1st internetov\u00e9 publikace, z n\u00ed\u017e jste byli odk\u00e1z\u00e1ni. Pokud \u010d\u00e1sti nebo jednotliv\u00e9 formulace tohoto textu neodpov\u00eddaj\u00ed, ji\u017e nebo zcela neodpov\u00eddaj\u00ed aktu\u00e1ln\u00edmu pr\u00e1vn\u00edmu stavu, z\u016fst\u00e1vaj\u00ed zb\u00fdvaj\u00edc\u00ed \u010d\u00e1sti dokumentu sv\u00fdm obsahem a platnost\u00ed nedot\u010deny.<\/p>\n","protected":false},"author":3,"featured_media":0,"parent":0,"menu_order":0,"comment_status":"closed","ping_status":"closed","template":"","meta":{"footnotes":""},"class_list":["post-4109","page","type-page","status-publish","hentry"],"yoast_head":"<!-- This site is optimized with the Yoast SEO plugin v27.2 - https:\/\/yoast.com\/product\/yoast-seo-wordpress\/ -->\n<title>Impressum - Allpack GmbH<\/title>\n<meta name=\"description\" content=\"Ankauf und Verkauf von IBC-Containern, Paletten und Gitterboxen sowie professionelle Lohnreinigung und Rebottling.\" \/>\n<meta name=\"robots\" content=\"index, follow, max-snippet:-1, max-image-preview:large, max-video-preview:-1\" \/>\n<link rel=\"canonical\" href=\"https:\/\/allpack-gmbh.eu\/cs\/impressum\" \/>\n<meta property=\"og:locale\" content=\"cs_CZ\" \/>\n<meta property=\"og:type\" content=\"article\" \/>\n<meta property=\"og:title\" content=\"Impressum - Allpack GmbH\" \/>\n<meta property=\"og:description\" content=\"Ankauf und Verkauf von IBC-Containern, Paletten und Gitterboxen sowie professionelle Lohnreinigung und Rebottling.\" \/>\n<meta property=\"og:url\" content=\"https:\/\/allpack-gmbh.eu\/cs\/impressum\" \/>\n<meta property=\"og:site_name\" content=\"Allpack GmbH\" \/>\n<meta property=\"article:modified_time\" content=\"2026-01-26T15:43:06+00:00\" \/>\n<meta property=\"og:image\" content=\"https:\/\/allpack-gmbh.eu\/wp-content\/uploads\/2026\/01\/Banner-Allpack-GmbH.webp\" \/>\n\t<meta property=\"og:image:width\" content=\"1200\" \/>\n\t<meta property=\"og:image:height\" content=\"675\" \/>\n\t<meta property=\"og:image:type\" content=\"image\/webp\" \/>\n<meta name=\"twitter:card\" content=\"summary_large_image\" \/>\n<meta name=\"twitter:label1\" content=\"Odhadovan\u00e1 doba \u010dten\u00ed\" \/>\n\t<meta name=\"twitter:data1\" content=\"4 minuty\" \/>\n<script type=\"application\/ld+json\" class=\"yoast-schema-graph\">{\"@context\":\"https:\/\/schema.org\",\"@graph\":[{\"@type\":\"WebPage\",\"@id\":\"https:\/\/allpack-gmbh.eu\/cs\/impressum\",\"url\":\"https:\/\/allpack-gmbh.eu\/cs\/impressum\",\"name\":\"Impressum - Allpack GmbH\",\"isPartOf\":{\"@id\":\"https:\/\/allpack-gmbh.eu\/cs#website\"},\"datePublished\":\"2026-01-18T17:01:38+00:00\",\"dateModified\":\"2026-01-26T15:43:06+00:00\",\"description\":\"Ankauf und Verkauf von IBC-Containern, Paletten und Gitterboxen sowie professionelle Lohnreinigung und Rebottling.\",\"breadcrumb\":{\"@id\":\"https:\/\/allpack-gmbh.eu\/cs\/impressum#breadcrumb\"},\"inLanguage\":\"cs\",\"potentialAction\":[{\"@type\":\"ReadAction\",\"target\":[\"https:\/\/allpack-gmbh.eu\/cs\/impressum\"]}]},{\"@type\":\"BreadcrumbList\",\"@id\":\"https:\/\/allpack-gmbh.eu\/cs\/impressum#breadcrumb\",\"itemListElement\":[{\"@type\":\"ListItem\",\"position\":1,\"name\":\"Startseite\",\"item\":\"https:\/\/allpack-gmbh.eu\/cs\/home-v4\"},{\"@type\":\"ListItem\",\"position\":2,\"name\":\"Impressum\"}]},{\"@type\":\"WebSite\",\"@id\":\"https:\/\/allpack-gmbh.eu\/cs#website\",\"url\":\"https:\/\/allpack-gmbh.eu\/cs\",\"name\":\"Allpack GmbH\",\"description\":\"Ihr B2B Partner rund um IBC-Container, Paletten und Gitterboxen\",\"publisher\":{\"@id\":\"https:\/\/allpack-gmbh.eu\/cs#organization\"},\"potentialAction\":[{\"@type\":\"SearchAction\",\"target\":{\"@type\":\"EntryPoint\",\"urlTemplate\":\"https:\/\/allpack-gmbh.eu\/cs?s={search_term_string}\"},\"query-input\":{\"@type\":\"PropertyValueSpecification\",\"valueRequired\":true,\"valueName\":\"search_term_string\"}}],\"inLanguage\":\"cs\"},{\"@type\":\"Organization\",\"@id\":\"https:\/\/allpack-gmbh.eu\/cs#organization\",\"name\":\"Allpack GmbH\",\"url\":\"https:\/\/allpack-gmbh.eu\/cs\",\"logo\":{\"@type\":\"ImageObject\",\"inLanguage\":\"cs\",\"@id\":\"https:\/\/allpack-gmbh.eu\/cs#\/schema\/logo\/image\/\",\"url\":\"https:\/\/allpack-gmbh.eu\/wp-content\/uploads\/2021\/02\/allpack-gmbh-icon.png\",\"contentUrl\":\"https:\/\/allpack-gmbh.eu\/wp-content\/uploads\/2021\/02\/allpack-gmbh-icon.png\",\"width\":99,\"height\":119,\"caption\":\"Allpack GmbH\"},\"image\":{\"@id\":\"https:\/\/allpack-gmbh.eu\/cs#\/schema\/logo\/image\/\"}}]}<\/script>\n<!-- \/ Yoast SEO plugin. -->","yoast_head_json":{"title":"Impressum - Allpack GmbH","description":"Ankauf und Verkauf von IBC-Containern, Paletten und Gitterboxen sowie professionelle Lohnreinigung und Rebottling.","robots":{"index":"index","follow":"follow","max-snippet":"max-snippet:-1","max-image-preview":"max-image-preview:large","max-video-preview":"max-video-preview:-1"},"canonical":"https:\/\/allpack-gmbh.eu\/cs\/impressum","og_locale":"cs_CZ","og_type":"article","og_title":"Impressum - Allpack GmbH","og_description":"Ankauf und Verkauf von IBC-Containern, Paletten und Gitterboxen sowie professionelle Lohnreinigung und Rebottling.","og_url":"https:\/\/allpack-gmbh.eu\/cs\/impressum","og_site_name":"Allpack GmbH","article_modified_time":"2026-01-26T15:43:06+00:00","og_image":[{"width":1200,"height":675,"url":"https:\/\/allpack-gmbh.eu\/wp-content\/uploads\/2026\/01\/Banner-Allpack-GmbH.webp","type":"image\/webp"}],"twitter_card":"summary_large_image","twitter_misc":{"Odhadovan\u00e1 doba \u010dten\u00ed":"4 minuty"},"schema":{"@context":"https:\/\/schema.org","@graph":[{"@type":"WebPage","@id":"https:\/\/allpack-gmbh.eu\/cs\/impressum","url":"https:\/\/allpack-gmbh.eu\/cs\/impressum","name":"Impressum - Allpack GmbH","isPartOf":{"@id":"https:\/\/allpack-gmbh.eu\/cs#website"},"datePublished":"2026-01-18T17:01:38+00:00","dateModified":"2026-01-26T15:43:06+00:00","description":"Ankauf und Verkauf von IBC-Containern, Paletten und Gitterboxen sowie professionelle Lohnreinigung und Rebottling.","breadcrumb":{"@id":"https:\/\/allpack-gmbh.eu\/cs\/impressum#breadcrumb"},"inLanguage":"cs","potentialAction":[{"@type":"ReadAction","target":["https:\/\/allpack-gmbh.eu\/cs\/impressum"]}]},{"@type":"BreadcrumbList","@id":"https:\/\/allpack-gmbh.eu\/cs\/impressum#breadcrumb","itemListElement":[{"@type":"ListItem","position":1,"name":"Startseite","item":"https:\/\/allpack-gmbh.eu\/cs\/home-v4"},{"@type":"ListItem","position":2,"name":"Impressum"}]},{"@type":"WebSite","@id":"https:\/\/allpack-gmbh.eu\/cs#website","url":"https:\/\/allpack-gmbh.eu\/cs","name":"Allpack GmbH","description":"Ihr B2B Partner rund um IBC-Container, Paletten und Gitterboxen","publisher":{"@id":"https:\/\/allpack-gmbh.eu\/cs#organization"},"potentialAction":[{"@type":"SearchAction","target":{"@type":"EntryPoint","urlTemplate":"https:\/\/allpack-gmbh.eu\/cs?s={search_term_string}"},"query-input":{"@type":"PropertyValueSpecification","valueRequired":true,"valueName":"search_term_string"}}],"inLanguage":"cs"},{"@type":"Organization","@id":"https:\/\/allpack-gmbh.eu\/cs#organization","name":"Allpack GmbH","url":"https:\/\/allpack-gmbh.eu\/cs","logo":{"@type":"ImageObject","inLanguage":"cs","@id":"https:\/\/allpack-gmbh.eu\/cs#\/schema\/logo\/image\/","url":"https:\/\/allpack-gmbh.eu\/wp-content\/uploads\/2021\/02\/allpack-gmbh-icon.png","contentUrl":"https:\/\/allpack-gmbh.eu\/wp-content\/uploads\/2021\/02\/allpack-gmbh-icon.png","width":99,"height":119,"caption":"Allpack GmbH"},"image":{"@id":"https:\/\/allpack-gmbh.eu\/cs#\/schema\/logo\/image\/"}}]}},"_links":{"self":[{"href":"https:\/\/allpack-gmbh.eu\/cs\/wp-json\/wp\/v2\/pages\/4109","targetHints":{"allow":["GET"]}}],"collection":[{"href":"https:\/\/allpack-gmbh.eu\/cs\/wp-json\/wp\/v2\/pages"}],"about":[{"href":"https:\/\/allpack-gmbh.eu\/cs\/wp-json\/wp\/v2\/types\/page"}],"author":[{"embeddable":true,"href":"https:\/\/allpack-gmbh.eu\/cs\/wp-json\/wp\/v2\/users\/3"}],"replies":[{"embeddable":true,"href":"https:\/\/allpack-gmbh.eu\/cs\/wp-json\/wp\/v2\/comments?post=4109"}],"version-history":[{"count":0,"href":"https:\/\/allpack-gmbh.eu\/cs\/wp-json\/wp\/v2\/pages\/4109\/revisions"}],"wp:attachment":[{"href":"https:\/\/allpack-gmbh.eu\/cs\/wp-json\/wp\/v2\/media?parent=4109"}],"curies":[{"name":"wp","href":"https:\/\/api.w.org\/{rel}","templated":true}]}}