{"id":4056,"date":"2026-01-18T17:01:31","date_gmt":"2026-01-18T17:01:31","guid":{"rendered":"https:\/\/allpack-gmbh.eu\/vymena-vnitrni-nadoby"},"modified":"2026-01-26T15:39:13","modified_gmt":"2026-01-26T15:39:13","slug":"vymena-vnitrni-nadoby","status":"publish","type":"page","link":"https:\/\/allpack-gmbh.eu\/cs\/vymena-vnitrni-nadoby","title":{"rendered":"V\u00fdm\u011bna vnit\u0159n\u00ed n\u00e1doby"},"content":{"rendered":"\t\t<div data-elementor-type=\"wp-page\" data-elementor-id=\"4056\" class=\"elementor elementor-4056 elementor-2874\" data-elementor-post-type=\"page\">\n\t\t\t\t<div class=\"elementor-element elementor-element-7a6506d e-flex e-con-boxed wpr-particle-no wpr-jarallax-no wpr-parallax-no wpr-sticky-section-no e-con e-parent\" data-id=\"7a6506d\" data-element_type=\"container\" data-e-type=\"container\" data-settings=\"{&quot;background_background&quot;:&quot;classic&quot;}\">\n\t\t\t\t\t<div class=\"e-con-inner\">\n\t\t\t\t<div class=\"elementor-element elementor-element-fcb0b76 elementor-widget__width-initial elementor-widget elementor-widget-heading\" data-id=\"fcb0b76\" data-element_type=\"widget\" data-e-type=\"widget\" data-widget_type=\"heading.default\">\n\t\t\t\t\t<h1 class=\"elementor-heading-title elementor-size-default\">V\u00fdm\u011bna vnit\u0159n\u00ed n\u00e1doby<\/h1>\t\t\t\t<\/div>\n\t\t\t\t<div class=\"elementor-element elementor-element-a257d62 elementor-widget__width-initial elementor-widget elementor-widget-text-editor\" data-id=\"a257d62\" data-element_type=\"widget\" data-e-type=\"widget\" data-widget_type=\"text-editor.default\">\n\t\t\t\t\t\t\t\t\t<p>Odborn\u00e1 renovace a v\u00fdm\u011bna vnit\u0159n\u00ed vlo\u017eky \u2013 s certifikac\u00ed pro nebezpe\u010dn\u00e9 l\u00e1tky i bez n\u00ed, pro v\u0161echna pr\u016fmyslov\u00e1 odv\u011btv\u00ed.<\/p>\t\t\t\t\t\t\t\t<\/div>\n\t\t\t\t\t<\/div>\n\t\t\t\t<\/div>\n\t\t<div class=\"elementor-element elementor-element-fa842d4 e-flex e-con-boxed wpr-particle-no wpr-jarallax-no wpr-parallax-no wpr-sticky-section-no e-con e-parent\" data-id=\"fa842d4\" data-element_type=\"container\" data-e-type=\"container\">\n\t\t\t\t\t<div class=\"e-con-inner\">\n\t\t<div class=\"elementor-element elementor-element-baa909b e-con-full e-flex wpr-particle-no wpr-jarallax-no wpr-parallax-no wpr-sticky-section-no e-con e-child\" data-id=\"baa909b\" data-element_type=\"container\" data-e-type=\"container\">\n\t\t<div class=\"elementor-element elementor-element-dd5cfb3 e-con-full e-flex wpr-particle-no wpr-jarallax-no wpr-parallax-no wpr-sticky-section-no e-con e-child\" data-id=\"dd5cfb3\" data-element_type=\"container\" data-e-type=\"container\">\n\t\t\t\t<div class=\"elementor-element elementor-element-0c7cd2d elementor-widget__width-inherit elementor-widget-mobile__width-initial elementor-widget elementor-widget-heading\" data-id=\"0c7cd2d\" data-element_type=\"widget\" data-e-type=\"widget\" data-widget_type=\"heading.default\">\n\t\t\t\t\t<h4 class=\"elementor-heading-title elementor-size-default\">Udr\u017eiteln\u00e9. Efektivn\u00ed. Zaji\u0161t\u011bn\u00e1 kvalita.  <\/h4>\t\t\t\t<\/div>\n\t\t\t\t<div class=\"elementor-element elementor-element-20245be elementor-widget__width-initial elementor-widget elementor-widget-text-editor\" data-id=\"20245be\" data-element_type=\"widget\" data-e-type=\"widget\" data-widget_type=\"text-editor.default\">\n\t\t\t\t\t\t\t\t\t<p>Pou\u017eit\u00fdm IBC kontejner\u016fm d\u00e1v\u00e1me nov\u00fd \u017eivot \u2013 prost\u0159ednictv\u00edm profesion\u00e1ln\u00edho rebottlingu (v\u00fdm\u011bny vlo\u017eky) a d\u016fkladn\u00e9ho \u010di\u0161t\u011bn\u00ed.<br data-start=\"536\" data-end=\"539\">Na\u0161i z\u00e1kazn\u00edci tak \u0161et\u0159\u00ed n\u00e1klady i zdroje, ani\u017e by museli d\u011blat kompromisy v oblasti bezpe\u010dnosti a kvality.<\/p>\t\t\t\t\t\t\t\t<\/div>\n\t\t\t\t<\/div>\n\t\t<div class=\"elementor-element elementor-element-b12c193 e-con-full e-flex wpr-particle-no wpr-jarallax-no wpr-parallax-no wpr-sticky-section-no e-con e-child\" data-id=\"b12c193\" data-element_type=\"container\" data-e-type=\"container\" data-settings=\"{&quot;background_background&quot;:&quot;classic&quot;}\">\n\t\t\t\t<\/div>\n\t\t\t\t<\/div>\n\t\t<div class=\"elementor-element elementor-element-8168621 e-con-full e-flex wpr-particle-no wpr-jarallax-no wpr-parallax-no wpr-sticky-section-no e-con e-child\" data-id=\"8168621\" data-element_type=\"container\" data-e-type=\"container\">\n\t\t<div class=\"elementor-element elementor-element-9c9e374 e-con-full e-flex wpr-particle-no wpr-jarallax-no wpr-parallax-no wpr-sticky-section-no e-con e-child\" data-id=\"9c9e374\" data-element_type=\"container\" data-e-type=\"container\" data-settings=\"{&quot;background_background&quot;:&quot;classic&quot;}\">\n\t\t\t\t<\/div>\n\t\t<div class=\"elementor-element elementor-element-8305eb7 e-con-full e-flex wpr-particle-no wpr-jarallax-no wpr-parallax-no wpr-sticky-section-no e-con e-child\" data-id=\"8305eb7\" data-element_type=\"container\" data-e-type=\"container\">\n\t\t\t\t<div class=\"elementor-element elementor-element-7247bae elementor-widget__width-inherit elementor-widget-mobile__width-initial elementor-widget elementor-widget-heading\" data-id=\"7247bae\" data-element_type=\"widget\" data-e-type=\"widget\" data-widget_type=\"heading.default\">\n\t\t\t\t\t<h4 class=\"elementor-heading-title elementor-size-default\">V\u00fdm\u011bna vnit\u0159n\u00ed n\u00e1doby<\/h4>\t\t\t\t<\/div>\n\t\t\t\t<div class=\"elementor-element elementor-element-9ccd66a elementor-icon-list--layout-traditional elementor-list-item-link-full_width elementor-widget elementor-widget-icon-list\" data-id=\"9ccd66a\" data-element_type=\"widget\" data-e-type=\"widget\" data-widget_type=\"icon-list.default\">\n\t\t\t\t\t\t\t<ul class=\"elementor-icon-list-items\">\n\t\t\t\t\t\t\t<li class=\"elementor-icon-list-item\">\n\t\t\t\t\t\t\t\t\t\t\t<span class=\"elementor-icon-list-icon\">\n\t\t\t\t\t\t\t<svg xmlns=\"http:\/\/www.w3.org\/2000\/svg\" width=\"24\" height=\"24\" viewBox=\"0 0 24 24\" fill=\"none\" stroke=\"#0C8E37\" stroke-width=\"2\" stroke-linecap=\"round\" stroke-linejoin=\"round\" class=\"lucide lucide-badge-check-icon lucide-badge-check\"><path d=\"M3.85 8.62a4 4 0 0 1 4.78-4.77 4 4 0 0 1 6.74 0 4 4 0 0 1 4.78 4.78 4 4 0 0 1 0 6.74 4 4 0 0 1-4.77 4.78 4 4 0 0 1-6.75 0 4 4 0 0 1-4.78-4.77 4 4 0 0 1 0-6.76Z\"><\/path><path d=\"m9 12 2 2 4-4\"><\/path><\/svg>\t\t\t\t\t\t<\/span>\n\t\t\t\t\t\t\t\t\t\t<span class=\"elementor-icon-list-text\">V\u00fdm\u011bna vnit\u0159n\u00edho m\u011bch\u00fd\u0159e u IBC kontejner\u016f na nebezpe\u010dn\u00e9 a jin\u00e9 ne\u017e nebezpe\u010dn\u00e9 l\u00e1tky<\/span>\n\t\t\t\t\t\t\t\t\t<\/li>\n\t\t\t\t\t\t\t\t<li class=\"elementor-icon-list-item\">\n\t\t\t\t\t\t\t\t\t\t\t<span class=\"elementor-icon-list-icon\">\n\t\t\t\t\t\t\t<svg xmlns=\"http:\/\/www.w3.org\/2000\/svg\" width=\"24\" height=\"24\" viewBox=\"0 0 24 24\" fill=\"none\" stroke=\"#0C8E37\" stroke-width=\"2\" stroke-linecap=\"round\" stroke-linejoin=\"round\" class=\"lucide lucide-badge-check-icon lucide-badge-check\"><path d=\"M3.85 8.62a4 4 0 0 1 4.78-4.77 4 4 0 0 1 6.74 0 4 4 0 0 1 4.78 4.78 4 4 0 0 1 0 6.74 4 4 0 0 1-4.77 4.78 4 4 0 0 1-6.75 0 4 4 0 0 1-4.78-4.77 4 4 0 0 1 0-6.76Z\"><\/path><path d=\"m9 12 2 2 4-4\"><\/path><\/svg>\t\t\t\t\t\t<\/span>\n\t\t\t\t\t\t\t\t\t\t<span class=\"elementor-icon-list-text\">Pou\u017eit\u00ed origin\u00e1ln\u00edch nebo univerz\u00e1ln\u00edch m\u011bch\u00fd\u0159\u016f (unibottles)<\/span>\n\t\t\t\t\t\t\t\t\t<\/li>\n\t\t\t\t\t\t\t\t<li class=\"elementor-icon-list-item\">\n\t\t\t\t\t\t\t\t\t\t\t<span class=\"elementor-icon-list-icon\">\n\t\t\t\t\t\t\t<svg xmlns=\"http:\/\/www.w3.org\/2000\/svg\" width=\"24\" height=\"24\" viewBox=\"0 0 24 24\" fill=\"none\" stroke=\"#0C8E37\" stroke-width=\"2\" stroke-linecap=\"round\" stroke-linejoin=\"round\" class=\"lucide lucide-badge-check-icon lucide-badge-check\"><path d=\"M3.85 8.62a4 4 0 0 1 4.78-4.77 4 4 0 0 1 6.74 0 4 4 0 0 1 4.78 4.78 4 4 0 0 1 0 6.74 4 4 0 0 1-4.77 4.78 4 4 0 0 1-6.75 0 4 4 0 0 1-4.78-4.77 4 4 0 0 1 0-6.76Z\"><\/path><path d=\"m9 12 2 2 4-4\"><\/path><\/svg>\t\t\t\t\t\t<\/span>\n\t\t\t\t\t\t\t\t\t\t<span class=\"elementor-icon-list-text\">Opravy a repase dr\u00e1t\u011bn\u00fdch ko\u0161\u016f a palet<\/span>\n\t\t\t\t\t\t\t\t\t<\/li>\n\t\t\t\t\t\t\t\t<li class=\"elementor-icon-list-item\">\n\t\t\t\t\t\t\t\t\t\t\t<span class=\"elementor-icon-list-icon\">\n\t\t\t\t\t\t\t<svg xmlns=\"http:\/\/www.w3.org\/2000\/svg\" width=\"24\" height=\"24\" viewBox=\"0 0 24 24\" fill=\"none\" stroke=\"#0C8E37\" stroke-width=\"2\" stroke-linecap=\"round\" stroke-linejoin=\"round\" class=\"lucide lucide-badge-check-icon lucide-badge-check\"><path d=\"M3.85 8.62a4 4 0 0 1 4.78-4.77 4 4 0 0 1 6.74 0 4 4 0 0 1 4.78 4.78 4 4 0 0 1 0 6.74 4 4 0 0 1-4.77 4.78 4 4 0 0 1-6.75 0 4 4 0 0 1-4.78-4.77 4 4 0 0 1 0-6.76Z\"><\/path><path d=\"m9 12 2 2 4-4\"><\/path><\/svg>\t\t\t\t\t\t<\/span>\n\t\t\t\t\t\t\t\t\t\t<span class=\"elementor-icon-list-text\">\u010ci\u0161t\u011bn\u00ed, testov\u00e1n\u00ed a op\u011btovn\u00e9 pou\u017eit\u00ed podle nejvy\u0161\u0161\u00edch standard\u016f<\/span>\n\t\t\t\t\t\t\t\t\t<\/li>\n\t\t\t\t\t\t<\/ul>\n\t\t\t\t\t\t<\/div>\n\t\t\t\t<\/div>\n\t\t\t\t<\/div>\n\t\t\t\t<div class=\"elementor-element elementor-element-a058136 elementor-align-justify elementor-widget__width-inherit elementor-widget elementor-widget-button\" data-id=\"a058136\" data-element_type=\"widget\" data-e-type=\"widget\" data-widget_type=\"button.default\">\n\t\t\t\t\t\t\t\t\t\t<a class=\"elementor-button elementor-button-link elementor-size-sm\" href=\"https:\/\/allpack-gmbh.eu\/cs\/anfrageformular\">\n\t\t\t\t\t\t<span class=\"elementor-button-content-wrapper\">\n\t\t\t\t\t\t<span class=\"elementor-button-icon\">\n\t\t\t\t<i aria-hidden=\"true\" class=\"icon icon-chevron-right\"><\/i>\t\t\t<\/span>\n\t\t\t\t\t\t\t\t\t<span class=\"elementor-button-text\">K popt\u00e1vkov\u00e9mu formul\u00e1\u0159i<\/span>\n\t\t\t\t\t<\/span>\n\t\t\t\t\t<\/a>\n\t\t\t\t\t\t\t\t<\/div>\n\t\t\t\t\t<\/div>\n\t\t\t\t<\/div>\n\t\t\t\t<\/div>\n\t\t","protected":false},"excerpt":{"rendered":"<p>V\u00fdm\u011bna vnit\u0159n\u00ed n\u00e1doby Odborn\u00e1 renovace a v\u00fdm\u011bna vnit\u0159n\u00ed vlo\u017eky \u2013 s certifikac\u00ed pro nebezpe\u010dn\u00e9 l\u00e1tky i bez n\u00ed, pro v\u0161echna pr\u016fmyslov\u00e1 odv\u011btv\u00ed. Udr\u017eiteln\u00e9. Efektivn\u00ed. Zaji\u0161t\u011bn\u00e1 kvalita. Pou\u017eit\u00fdm IBC kontejner\u016fm d\u00e1v\u00e1me nov\u00fd \u017eivot \u2013 prost\u0159ednictv\u00edm profesion\u00e1ln\u00edho rebottlingu (v\u00fdm\u011bny vlo\u017eky) a d\u016fkladn\u00e9ho \u010di\u0161t\u011bn\u00ed.Na\u0161i z\u00e1kazn\u00edci tak \u0161et\u0159\u00ed n\u00e1klady i zdroje, ani\u017e by museli d\u011blat kompromisy v oblasti bezpe\u010dnosti a kvality. V\u00fdm\u011bna vnit\u0159n\u00ed n\u00e1doby V\u00fdm\u011bna vnit\u0159n\u00edho m\u011bch\u00fd\u0159e u IBC kontejner\u016f na nebezpe\u010dn\u00e9 a jin\u00e9 ne\u017e nebezpe\u010dn\u00e9 l\u00e1tky Pou\u017eit\u00ed origin\u00e1ln\u00edch nebo univerz\u00e1ln\u00edch m\u011bch\u00fd\u0159\u016f (unibottles) Opravy a repase dr\u00e1t\u011bn\u00fdch ko\u0161\u016f a palet \u010ci\u0161t\u011bn\u00ed, testov\u00e1n\u00ed a op\u011btovn\u00e9 pou\u017eit\u00ed podle nejvy\u0161\u0161\u00edch standard\u016f K popt\u00e1vkov\u00e9mu formul\u00e1\u0159i<\/p>\n","protected":false},"author":3,"featured_media":0,"parent":0,"menu_order":0,"comment_status":"closed","ping_status":"closed","template":"","meta":{"footnotes":""},"class_list":["post-4056","page","type-page","status-publish","hentry"],"yoast_head":"<!-- This site is optimized with the Yoast SEO plugin v27.2 - https:\/\/yoast.com\/product\/yoast-seo-wordpress\/ -->\n<title>V\u00fdm\u011bna vnit\u0159n\u00ed n\u00e1doby - Allpack GmbH<\/title>\n<meta name=\"description\" content=\"Ankauf und Verkauf von IBC-Containern, Paletten und Gitterboxen sowie professionelle Lohnreinigung und Rebottling.\" \/>\n<meta name=\"robots\" content=\"index, follow, max-snippet:-1, max-image-preview:large, max-video-preview:-1\" \/>\n<link rel=\"canonical\" href=\"https:\/\/allpack-gmbh.eu\/cs\/vymena-vnitrni-nadoby\" \/>\n<meta property=\"og:locale\" content=\"cs_CZ\" \/>\n<meta property=\"og:type\" content=\"article\" \/>\n<meta property=\"og:title\" content=\"V\u00fdm\u011bna vnit\u0159n\u00ed n\u00e1doby - Allpack GmbH\" \/>\n<meta property=\"og:description\" content=\"Ankauf und Verkauf von IBC-Containern, Paletten und Gitterboxen sowie professionelle Lohnreinigung und Rebottling.\" \/>\n<meta property=\"og:url\" content=\"https:\/\/allpack-gmbh.eu\/cs\/vymena-vnitrni-nadoby\" \/>\n<meta property=\"og:site_name\" content=\"Allpack GmbH\" \/>\n<meta property=\"article:modified_time\" content=\"2026-01-26T15:39:13+00:00\" \/>\n<meta property=\"og:image\" content=\"https:\/\/allpack-gmbh.eu\/wp-content\/uploads\/2026\/01\/Banner-Allpack-GmbH.webp\" \/>\n\t<meta property=\"og:image:width\" content=\"1200\" \/>\n\t<meta property=\"og:image:height\" content=\"675\" \/>\n\t<meta property=\"og:image:type\" content=\"image\/webp\" \/>\n<meta name=\"twitter:card\" content=\"summary_large_image\" \/>\n<meta name=\"twitter:label1\" content=\"Odhadovan\u00e1 doba \u010dten\u00ed\" \/>\n\t<meta name=\"twitter:data1\" content=\"1 minuta\" \/>\n<script type=\"application\/ld+json\" class=\"yoast-schema-graph\">{\"@context\":\"https:\/\/schema.org\",\"@graph\":[{\"@type\":\"WebPage\",\"@id\":\"https:\/\/allpack-gmbh.eu\/cs\/vymena-vnitrni-nadoby\",\"url\":\"https:\/\/allpack-gmbh.eu\/cs\/vymena-vnitrni-nadoby\",\"name\":\"V\u00fdm\u011bna vnit\u0159n\u00ed n\u00e1doby - Allpack GmbH\",\"isPartOf\":{\"@id\":\"https:\/\/allpack-gmbh.eu\/cs#website\"},\"datePublished\":\"2026-01-18T17:01:31+00:00\",\"dateModified\":\"2026-01-26T15:39:13+00:00\",\"description\":\"Ankauf und Verkauf von IBC-Containern, Paletten und Gitterboxen sowie professionelle Lohnreinigung und Rebottling.\",\"breadcrumb\":{\"@id\":\"https:\/\/allpack-gmbh.eu\/cs\/vymena-vnitrni-nadoby#breadcrumb\"},\"inLanguage\":\"cs\",\"potentialAction\":[{\"@type\":\"ReadAction\",\"target\":[\"https:\/\/allpack-gmbh.eu\/cs\/vymena-vnitrni-nadoby\"]}]},{\"@type\":\"BreadcrumbList\",\"@id\":\"https:\/\/allpack-gmbh.eu\/cs\/vymena-vnitrni-nadoby#breadcrumb\",\"itemListElement\":[{\"@type\":\"ListItem\",\"position\":1,\"name\":\"Startseite\",\"item\":\"https:\/\/allpack-gmbh.eu\/cs\/home-v4\"},{\"@type\":\"ListItem\",\"position\":2,\"name\":\"V\u00fdm\u011bna vnit\u0159n\u00ed n\u00e1doby\"}]},{\"@type\":\"WebSite\",\"@id\":\"https:\/\/allpack-gmbh.eu\/cs#website\",\"url\":\"https:\/\/allpack-gmbh.eu\/cs\",\"name\":\"Allpack GmbH\",\"description\":\"Ihr B2B Partner rund um IBC-Container, Paletten und Gitterboxen\",\"publisher\":{\"@id\":\"https:\/\/allpack-gmbh.eu\/cs#organization\"},\"potentialAction\":[{\"@type\":\"SearchAction\",\"target\":{\"@type\":\"EntryPoint\",\"urlTemplate\":\"https:\/\/allpack-gmbh.eu\/cs?s={search_term_string}\"},\"query-input\":{\"@type\":\"PropertyValueSpecification\",\"valueRequired\":true,\"valueName\":\"search_term_string\"}}],\"inLanguage\":\"cs\"},{\"@type\":\"Organization\",\"@id\":\"https:\/\/allpack-gmbh.eu\/cs#organization\",\"name\":\"Allpack GmbH\",\"url\":\"https:\/\/allpack-gmbh.eu\/cs\",\"logo\":{\"@type\":\"ImageObject\",\"inLanguage\":\"cs\",\"@id\":\"https:\/\/allpack-gmbh.eu\/cs#\/schema\/logo\/image\/\",\"url\":\"https:\/\/allpack-gmbh.eu\/wp-content\/uploads\/2021\/02\/allpack-gmbh-icon.png\",\"contentUrl\":\"https:\/\/allpack-gmbh.eu\/wp-content\/uploads\/2021\/02\/allpack-gmbh-icon.png\",\"width\":99,\"height\":119,\"caption\":\"Allpack GmbH\"},\"image\":{\"@id\":\"https:\/\/allpack-gmbh.eu\/cs#\/schema\/logo\/image\/\"}}]}<\/script>\n<!-- \/ Yoast SEO plugin. -->","yoast_head_json":{"title":"V\u00fdm\u011bna vnit\u0159n\u00ed n\u00e1doby - Allpack GmbH","description":"Ankauf und Verkauf von IBC-Containern, Paletten und Gitterboxen sowie professionelle Lohnreinigung und Rebottling.","robots":{"index":"index","follow":"follow","max-snippet":"max-snippet:-1","max-image-preview":"max-image-preview:large","max-video-preview":"max-video-preview:-1"},"canonical":"https:\/\/allpack-gmbh.eu\/cs\/vymena-vnitrni-nadoby","og_locale":"cs_CZ","og_type":"article","og_title":"V\u00fdm\u011bna vnit\u0159n\u00ed n\u00e1doby - Allpack GmbH","og_description":"Ankauf und Verkauf von IBC-Containern, Paletten und Gitterboxen sowie professionelle Lohnreinigung und Rebottling.","og_url":"https:\/\/allpack-gmbh.eu\/cs\/vymena-vnitrni-nadoby","og_site_name":"Allpack GmbH","article_modified_time":"2026-01-26T15:39:13+00:00","og_image":[{"width":1200,"height":675,"url":"https:\/\/allpack-gmbh.eu\/wp-content\/uploads\/2026\/01\/Banner-Allpack-GmbH.webp","type":"image\/webp"}],"twitter_card":"summary_large_image","twitter_misc":{"Odhadovan\u00e1 doba \u010dten\u00ed":"1 minuta"},"schema":{"@context":"https:\/\/schema.org","@graph":[{"@type":"WebPage","@id":"https:\/\/allpack-gmbh.eu\/cs\/vymena-vnitrni-nadoby","url":"https:\/\/allpack-gmbh.eu\/cs\/vymena-vnitrni-nadoby","name":"V\u00fdm\u011bna vnit\u0159n\u00ed n\u00e1doby - Allpack GmbH","isPartOf":{"@id":"https:\/\/allpack-gmbh.eu\/cs#website"},"datePublished":"2026-01-18T17:01:31+00:00","dateModified":"2026-01-26T15:39:13+00:00","description":"Ankauf und Verkauf von IBC-Containern, Paletten und Gitterboxen sowie professionelle Lohnreinigung und Rebottling.","breadcrumb":{"@id":"https:\/\/allpack-gmbh.eu\/cs\/vymena-vnitrni-nadoby#breadcrumb"},"inLanguage":"cs","potentialAction":[{"@type":"ReadAction","target":["https:\/\/allpack-gmbh.eu\/cs\/vymena-vnitrni-nadoby"]}]},{"@type":"BreadcrumbList","@id":"https:\/\/allpack-gmbh.eu\/cs\/vymena-vnitrni-nadoby#breadcrumb","itemListElement":[{"@type":"ListItem","position":1,"name":"Startseite","item":"https:\/\/allpack-gmbh.eu\/cs\/home-v4"},{"@type":"ListItem","position":2,"name":"V\u00fdm\u011bna vnit\u0159n\u00ed n\u00e1doby"}]},{"@type":"WebSite","@id":"https:\/\/allpack-gmbh.eu\/cs#website","url":"https:\/\/allpack-gmbh.eu\/cs","name":"Allpack GmbH","description":"Ihr B2B Partner rund um IBC-Container, Paletten und Gitterboxen","publisher":{"@id":"https:\/\/allpack-gmbh.eu\/cs#organization"},"potentialAction":[{"@type":"SearchAction","target":{"@type":"EntryPoint","urlTemplate":"https:\/\/allpack-gmbh.eu\/cs?s={search_term_string}"},"query-input":{"@type":"PropertyValueSpecification","valueRequired":true,"valueName":"search_term_string"}}],"inLanguage":"cs"},{"@type":"Organization","@id":"https:\/\/allpack-gmbh.eu\/cs#organization","name":"Allpack GmbH","url":"https:\/\/allpack-gmbh.eu\/cs","logo":{"@type":"ImageObject","inLanguage":"cs","@id":"https:\/\/allpack-gmbh.eu\/cs#\/schema\/logo\/image\/","url":"https:\/\/allpack-gmbh.eu\/wp-content\/uploads\/2021\/02\/allpack-gmbh-icon.png","contentUrl":"https:\/\/allpack-gmbh.eu\/wp-content\/uploads\/2021\/02\/allpack-gmbh-icon.png","width":99,"height":119,"caption":"Allpack GmbH"},"image":{"@id":"https:\/\/allpack-gmbh.eu\/cs#\/schema\/logo\/image\/"}}]}},"_links":{"self":[{"href":"https:\/\/allpack-gmbh.eu\/cs\/wp-json\/wp\/v2\/pages\/4056","targetHints":{"allow":["GET"]}}],"collection":[{"href":"https:\/\/allpack-gmbh.eu\/cs\/wp-json\/wp\/v2\/pages"}],"about":[{"href":"https:\/\/allpack-gmbh.eu\/cs\/wp-json\/wp\/v2\/types\/page"}],"author":[{"embeddable":true,"href":"https:\/\/allpack-gmbh.eu\/cs\/wp-json\/wp\/v2\/users\/3"}],"replies":[{"embeddable":true,"href":"https:\/\/allpack-gmbh.eu\/cs\/wp-json\/wp\/v2\/comments?post=4056"}],"version-history":[{"count":0,"href":"https:\/\/allpack-gmbh.eu\/cs\/wp-json\/wp\/v2\/pages\/4056\/revisions"}],"wp:attachment":[{"href":"https:\/\/allpack-gmbh.eu\/cs\/wp-json\/wp\/v2\/media?parent=4056"}],"curies":[{"name":"wp","href":"https:\/\/api.w.org\/{rel}","templated":true}]}}