{"id":4044,"date":"2026-01-18T17:01:30","date_gmt":"2026-01-18T17:01:30","guid":{"rendered":"https:\/\/allpack-gmbh.eu\/kompletni-cisteni-ibc-kontejneru"},"modified":"2026-01-26T15:41:46","modified_gmt":"2026-01-26T15:41:46","slug":"kompletni-cisteni-ibc-kontejneru","status":"publish","type":"page","link":"https:\/\/allpack-gmbh.eu\/cs\/kompletni-cisteni-ibc-kontejneru","title":{"rendered":"Kompletn\u00ed \u010di\u0161t\u011bn\u00ed IBC kontejner\u016f"},"content":{"rendered":"\t\t<div data-elementor-type=\"wp-page\" data-elementor-id=\"4044\" class=\"elementor elementor-4044 elementor-2785\" data-elementor-post-type=\"page\">\n\t\t\t\t<div class=\"elementor-element elementor-element-099e9f7 e-flex e-con-boxed wpr-particle-no wpr-jarallax-no wpr-parallax-no wpr-sticky-section-no e-con e-parent\" data-id=\"099e9f7\" data-element_type=\"container\" data-e-type=\"container\" data-settings=\"{&quot;background_background&quot;:&quot;classic&quot;}\">\n\t\t\t\t\t<div class=\"e-con-inner\">\n\t\t\t\t<div class=\"elementor-element elementor-element-4870ff9 elementor-widget__width-initial elementor-widget elementor-widget-heading\" data-id=\"4870ff9\" data-element_type=\"widget\" data-e-type=\"widget\" data-widget_type=\"heading.default\">\n\t\t\t\t\t<h1 class=\"elementor-heading-title elementor-size-default\">Kompletn\u00ed \u010di\u0161t\u011bn\u00ed IBC kontejner\u016f<\/h1>\t\t\t\t<\/div>\n\t\t\t\t<div class=\"elementor-element elementor-element-cfc2d11 elementor-widget__width-initial elementor-widget elementor-widget-text-editor\" data-id=\"cfc2d11\" data-element_type=\"widget\" data-e-type=\"widget\" data-widget_type=\"text-editor.default\">\n\t\t\t\t\t\t\t\t\t<p>Nejvy\u0161\u0161\u00ed standardy kvality pro \u010di\u0161t\u011bn\u00ed a obnovu obal\u016f IBC pro voln\u011b lo\u017een\u00e9 l\u00e1tky. Se schv\u00e1len\u00edm pro nebezpe\u010dn\u00e9 l\u00e1tky i bez n\u011bj &#8211; pro v\u0161echna pr\u016fmyslov\u00e1 odv\u011btv\u00ed. <\/p>\t\t\t\t\t\t\t\t<\/div>\n\t\t\t\t\t<\/div>\n\t\t\t\t<\/div>\n\t\t<div class=\"elementor-element elementor-element-c40892a e-flex e-con-boxed wpr-particle-no wpr-jarallax-no wpr-parallax-no wpr-sticky-section-no e-con e-parent\" data-id=\"c40892a\" data-element_type=\"container\" data-e-type=\"container\" data-settings=\"{&quot;background_background&quot;:&quot;classic&quot;}\">\n\t\t\t\t\t<div class=\"e-con-inner\">\n\t\t\t\t<div class=\"elementor-element elementor-element-b1a54e5 elementor-widget__width-inherit elementor-widget-mobile__width-initial elementor-widget elementor-widget-heading\" data-id=\"b1a54e5\" data-element_type=\"widget\" data-e-type=\"widget\" data-widget_type=\"heading.default\">\n\t\t\t\t\t<h2 class=\"elementor-heading-title elementor-size-default\">\u010ci\u0161t\u011bn\u00ed voln\u011b lo\u017een\u00fdch obal\u016f IBC  <\/h2>\t\t\t\t<\/div>\n\t\t\t\t<div class=\"elementor-element elementor-element-878a7de elementor-widget__width-initial elementor-widget-mobile__width-inherit elementor-widget-tablet__width-inherit elementor-widget elementor-widget-text-editor\" data-id=\"878a7de\" data-element_type=\"widget\" data-e-type=\"widget\" data-widget_type=\"text-editor.default\">\n\t\t\t\t\t\t\t\t\t<p class=\"p1\">Na\u0161\u00ed hlavn\u00ed \u010dinnost\u00ed je n\u00e1kup, prodej, renovace a smluvn\u00ed \u010di\u0161t\u011bn\u00ed velkoobjemov\u00fdch obal\u016f IBC s povolen\u00edm i bez povolen\u00ed k p\u0159eprav\u011b nebezpe\u010dn\u00e9ho zbo\u017e\u00ed t\u00e9m\u011b\u0159 ze v\u0161ech pr\u016fmyslov\u00fdch odv\u011btv\u00ed.<span class=\"Apple-converted-space\"> <\/span><\/p><p class=\"p1\">D\u00edky n\u011bkolika certifikovan\u00fdm m\u00edst\u016fm dod\u00e1n\u00ed po cel\u00e9m N\u011bmecku m\u00e1me krom\u011b velk\u00fdch z\u00e1sob zbo\u017e\u00ed zpravidla kr\u00e1tk\u00e9 p\u0159epravn\u00ed trasy, a proto m\u016f\u017eeme zaru\u010dit dobr\u00fd pom\u011br ceny a v\u00fdkonu.<\/p>\t\t\t\t\t\t\t\t<\/div>\n\t\t<div class=\"elementor-element elementor-element-9180e14 e-grid e-con-full wpr-particle-no wpr-jarallax-no wpr-parallax-no wpr-sticky-section-no e-con e-child\" data-id=\"9180e14\" data-element_type=\"container\" data-e-type=\"container\">\n\t\t<div class=\"elementor-element elementor-element-95e4fb0 e-con-full e-flex wpr-particle-no wpr-jarallax-no wpr-parallax-no wpr-sticky-section-no e-con e-child\" data-id=\"95e4fb0\" data-element_type=\"container\" data-e-type=\"container\">\n\t\t<div class=\"elementor-element elementor-element-c3b0b0c e-con-full e-flex wpr-particle-no wpr-jarallax-no wpr-parallax-no wpr-sticky-section-no e-con e-child\" data-id=\"c3b0b0c\" data-element_type=\"container\" data-e-type=\"container\">\n\t\t\t\t<div class=\"elementor-element elementor-element-8083fc4 elementor-widget__width-initial elementor-widget elementor-widget-text-editor\" data-id=\"8083fc4\" data-element_type=\"widget\" data-e-type=\"widget\" data-widget_type=\"text-editor.default\">\n\t\t\t\t\t\t\t\t\t<div class=\"rounded-lg border bg-card text-card-foreground shadow-sm text-center\"><div class=\"p-6 pt-6\"><p class=\"text-sm text-muted-foreground\">\u010ci\u0161t\u011bn\u00ed n\u00e1dob na chemick\u00e9 l\u00e1tky a roztoky<\/p><\/div><\/div>\t\t\t\t\t\t\t\t<\/div>\n\t\t\t\t<div class=\"elementor-element elementor-element-ebc630f elementor-widget elementor-widget-heading\" data-id=\"ebc630f\" data-element_type=\"widget\" data-e-type=\"widget\" data-widget_type=\"heading.default\">\n\t\t\t\t\t<h2 class=\"elementor-heading-title elementor-size-default\">Chemick\u00fd pr\u016fmysl<\/h2>\t\t\t\t<\/div>\n\t\t\t\t<div class=\"elementor-element elementor-element-0f7e936 elementor-view-default elementor-widget elementor-widget-icon\" data-id=\"0f7e936\" data-element_type=\"widget\" data-e-type=\"widget\" data-widget_type=\"icon.default\">\n\t\t\t\t\t\t\t<div class=\"elementor-icon-wrapper\">\n\t\t\t<div class=\"elementor-icon\">\n\t\t\t<i aria-hidden=\"true\" class=\"icon icon-atomic\"><\/i>\t\t\t<\/div>\n\t\t<\/div>\n\t\t\t\t\t\t<\/div>\n\t\t\t\t<\/div>\n\t\t\t\t<\/div>\n\t\t<div class=\"elementor-element elementor-element-4986376 e-con-full e-flex wpr-particle-no wpr-jarallax-no wpr-parallax-no wpr-sticky-section-no e-con e-child\" data-id=\"4986376\" data-element_type=\"container\" data-e-type=\"container\">\n\t\t<div class=\"elementor-element elementor-element-c446aec e-con-full e-flex wpr-particle-no wpr-jarallax-no wpr-parallax-no wpr-sticky-section-no e-con e-child\" data-id=\"c446aec\" data-element_type=\"container\" data-e-type=\"container\">\n\t\t\t\t<div class=\"elementor-element elementor-element-e04ddd8 elementor-widget__width-initial elementor-widget elementor-widget-text-editor\" data-id=\"e04ddd8\" data-element_type=\"widget\" data-e-type=\"widget\" data-widget_type=\"text-editor.default\">\n\t\t\t\t\t\t\t\t\t<div class=\"rounded-lg border bg-card text-card-foreground shadow-sm text-center\"><div class=\"p-6 pt-6\"><p class=\"text-sm text-muted-foreground\">Nejvy\u0161\u0161\u00ed standardy \u010di\u0161t\u011bn\u00ed pro farmaceutick\u00e9 aplikace<\/p><\/div><\/div>\t\t\t\t\t\t\t\t<\/div>\n\t\t\t\t<div class=\"elementor-element elementor-element-ea96669 elementor-widget elementor-widget-heading\" data-id=\"ea96669\" data-element_type=\"widget\" data-e-type=\"widget\" data-widget_type=\"heading.default\">\n\t\t\t\t\t<h2 class=\"elementor-heading-title elementor-size-default\">Farmaceutick\u00fd pr\u016fmysl<\/h2>\t\t\t\t<\/div>\n\t\t\t\t<div class=\"elementor-element elementor-element-a9986ed elementor-view-default elementor-widget elementor-widget-icon\" data-id=\"a9986ed\" data-element_type=\"widget\" data-e-type=\"widget\" data-widget_type=\"icon.default\">\n\t\t\t\t\t\t\t<div class=\"elementor-icon-wrapper\">\n\t\t\t<div class=\"elementor-icon\">\n\t\t\t<i aria-hidden=\"true\" class=\"icon icon-medicine\"><\/i>\t\t\t<\/div>\n\t\t<\/div>\n\t\t\t\t\t\t<\/div>\n\t\t\t\t<\/div>\n\t\t\t\t<\/div>\n\t\t<div class=\"elementor-element elementor-element-d6bf789 e-con-full e-flex wpr-particle-no wpr-jarallax-no wpr-parallax-no wpr-sticky-section-no e-con e-child\" data-id=\"d6bf789\" data-element_type=\"container\" data-e-type=\"container\">\n\t\t<div class=\"elementor-element elementor-element-ce25c59 e-con-full e-flex wpr-particle-no wpr-jarallax-no wpr-parallax-no wpr-sticky-section-no e-con e-child\" data-id=\"ce25c59\" data-element_type=\"container\" data-e-type=\"container\">\n\t\t\t\t<div class=\"elementor-element elementor-element-79830eb elementor-widget__width-initial elementor-widget elementor-widget-text-editor\" data-id=\"79830eb\" data-element_type=\"widget\" data-e-type=\"widget\" data-widget_type=\"text-editor.default\">\n\t\t\t\t\t\t\t\t\t<div class=\"mb-16\"><div class=\"grid md:grid-cols-3 gap-8 max-w-4xl mx-auto\"><div class=\"rounded-lg border bg-card text-card-foreground shadow-sm text-center\"><div class=\"p-6 pt-6\"><p class=\"text-sm text-muted-foreground\">Speci\u00e1ln\u00ed postupy \u010di\u0161t\u011bn\u00ed kosmetick\u00fdch v\u00fdrobk\u016f<\/p><\/div><\/div><\/div><\/div>\t\t\t\t\t\t\t\t<\/div>\n\t\t\t\t<div class=\"elementor-element elementor-element-4bf0a28 elementor-widget elementor-widget-heading\" data-id=\"4bf0a28\" data-element_type=\"widget\" data-e-type=\"widget\" data-widget_type=\"heading.default\">\n\t\t\t\t\t<h2 class=\"elementor-heading-title elementor-size-default\">Kosmetick\u00fd pr\u016fmysl<\/h2>\t\t\t\t<\/div>\n\t\t\t\t<div class=\"elementor-element elementor-element-b13216f elementor-view-default elementor-widget elementor-widget-icon\" data-id=\"b13216f\" data-element_type=\"widget\" data-e-type=\"widget\" data-widget_type=\"icon.default\">\n\t\t\t\t\t\t\t<div class=\"elementor-icon-wrapper\">\n\t\t\t<div class=\"elementor-icon\">\n\t\t\t<i aria-hidden=\"true\" class=\"icon icon-drop\"><\/i>\t\t\t<\/div>\n\t\t<\/div>\n\t\t\t\t\t\t<\/div>\n\t\t\t\t<\/div>\n\t\t\t\t<\/div>\n\t\t\t\t<\/div>\n\t\t\t\t\t<\/div>\n\t\t\t\t<\/div>\n\t\t<div class=\"elementor-element elementor-element-5ce2e52 e-flex e-con-boxed wpr-particle-no wpr-jarallax-no wpr-parallax-no wpr-sticky-section-no e-con e-parent\" data-id=\"5ce2e52\" data-element_type=\"container\" data-e-type=\"container\" data-settings=\"{&quot;background_background&quot;:&quot;classic&quot;}\">\n\t\t\t\t\t<div class=\"e-con-inner\">\n\t\t<div class=\"elementor-element elementor-element-97f6baf e-con-full e-flex wpr-particle-no wpr-jarallax-no wpr-parallax-no wpr-sticky-section-no e-con e-child\" data-id=\"97f6baf\" data-element_type=\"container\" data-e-type=\"container\">\n\t\t\t\t<div class=\"elementor-element elementor-element-ef96520 elementor-widget__width-auto elementor-widget-mobile__width-initial elementor-widget elementor-widget-heading\" data-id=\"ef96520\" data-element_type=\"widget\" data-e-type=\"widget\" data-widget_type=\"heading.default\">\n\t\t\t\t\t<h2 class=\"elementor-heading-title elementor-size-default\">\u017d\u00e1dost o \u00faklidov\u00e9 slu\u017eby  <\/h2>\t\t\t\t<\/div>\n\t\t\t\t<\/div>\n\t\t\t\t<div class=\"elementor-element elementor-element-d7d3431 elementor-widget__width-initial elementor-widget-mobile__width-inherit elementor-widget elementor-widget-text-editor\" data-id=\"d7d3431\" data-element_type=\"widget\" data-e-type=\"widget\" data-widget_type=\"text-editor.default\">\n\t\t\t\t\t\t\t\t\t<p class=\"text-lg mb-8 text-primary-foreground\/90 max-w-2xl mx-auto\">Kontaktujte n\u00e1s a z\u00edskejte individu\u00e1ln\u00ed nab\u00eddku na smluvn\u00ed \u010di\u0161t\u011bn\u00ed nebo renovaci.<\/p>\t\t\t\t\t\t\t\t<\/div>\n\t\t\t\t<div class=\"elementor-element elementor-element-86f82c6 elementor-widget elementor-widget-button\" data-id=\"86f82c6\" data-element_type=\"widget\" data-e-type=\"widget\" data-widget_type=\"button.default\">\n\t\t\t\t\t\t\t\t\t\t<a class=\"elementor-button elementor-button-link elementor-size-sm\" href=\"https:\/\/allpack-gmbh.eu\/cs\/anfrageformular\">\n\t\t\t\t\t\t<span class=\"elementor-button-content-wrapper\">\n\t\t\t\t\t\t<span class=\"elementor-button-icon\">\n\t\t\t\t<i aria-hidden=\"true\" class=\"icon icon-right-arrow1\"><\/i>\t\t\t<\/span>\n\t\t\t\t\t\t\t\t\t<span class=\"elementor-button-text\">Odeslat popt\u00e1vku<\/span>\n\t\t\t\t\t<\/span>\n\t\t\t\t\t<\/a>\n\t\t\t\t\t\t\t\t<\/div>\n\t\t\t\t\t<\/div>\n\t\t\t\t<\/div>\n\t\t\t\t<\/div>\n\t\t","protected":false},"excerpt":{"rendered":"<p>Kompletn\u00ed \u010di\u0161t\u011bn\u00ed IBC kontejner\u016f Nejvy\u0161\u0161\u00ed standardy kvality pro \u010di\u0161t\u011bn\u00ed a obnovu obal\u016f IBC pro voln\u011b lo\u017een\u00e9 l\u00e1tky. Se schv\u00e1len\u00edm pro nebezpe\u010dn\u00e9 l\u00e1tky i bez n\u011bj &#8211; pro v\u0161echna pr\u016fmyslov\u00e1 odv\u011btv\u00ed. \u010ci\u0161t\u011bn\u00ed voln\u011b lo\u017een\u00fdch obal\u016f IBC Na\u0161\u00ed hlavn\u00ed \u010dinnost\u00ed je n\u00e1kup, prodej, renovace a smluvn\u00ed \u010di\u0161t\u011bn\u00ed velkoobjemov\u00fdch obal\u016f IBC s povolen\u00edm i bez povolen\u00ed k p\u0159eprav\u011b nebezpe\u010dn\u00e9ho zbo\u017e\u00ed t\u00e9m\u011b\u0159 ze v\u0161ech pr\u016fmyslov\u00fdch odv\u011btv\u00ed. D\u00edky n\u011bkolika certifikovan\u00fdm m\u00edst\u016fm dod\u00e1n\u00ed po cel\u00e9m N\u011bmecku m\u00e1me krom\u011b velk\u00fdch z\u00e1sob zbo\u017e\u00ed zpravidla kr\u00e1tk\u00e9 p\u0159epravn\u00ed trasy, a proto m\u016f\u017eeme zaru\u010dit dobr\u00fd pom\u011br ceny a v\u00fdkonu. \u010ci\u0161t\u011bn\u00ed n\u00e1dob na chemick\u00e9 l\u00e1tky a roztoky Chemick\u00fd pr\u016fmysl Nejvy\u0161\u0161\u00ed standardy \u010di\u0161t\u011bn\u00ed pro farmaceutick\u00e9 aplikace Farmaceutick\u00fd pr\u016fmysl Speci\u00e1ln\u00ed postupy \u010di\u0161t\u011bn\u00ed kosmetick\u00fdch v\u00fdrobk\u016f Kosmetick\u00fd pr\u016fmysl \u017d\u00e1dost o \u00faklidov\u00e9 slu\u017eby Kontaktujte n\u00e1s a z\u00edskejte individu\u00e1ln\u00ed nab\u00eddku na smluvn\u00ed \u010di\u0161t\u011bn\u00ed nebo renovaci. Odeslat popt\u00e1vku<\/p>\n","protected":false},"author":3,"featured_media":0,"parent":0,"menu_order":0,"comment_status":"closed","ping_status":"closed","template":"","meta":{"footnotes":""},"class_list":["post-4044","page","type-page","status-publish","hentry"],"yoast_head":"<!-- This site is optimized with the Yoast SEO plugin v27.2 - https:\/\/yoast.com\/product\/yoast-seo-wordpress\/ -->\n<title>Kompletn\u00ed \u010di\u0161t\u011bn\u00ed IBC kontejner\u016f - Allpack GmbH<\/title>\n<meta name=\"description\" content=\"Ankauf und Verkauf von IBC-Containern, Paletten und Gitterboxen sowie professionelle Lohnreinigung und Rebottling.\" \/>\n<meta name=\"robots\" content=\"index, follow, max-snippet:-1, max-image-preview:large, max-video-preview:-1\" \/>\n<link rel=\"canonical\" href=\"https:\/\/allpack-gmbh.eu\/cs\/kompletni-cisteni-ibc-kontejneru\" \/>\n<meta property=\"og:locale\" content=\"cs_CZ\" \/>\n<meta property=\"og:type\" content=\"article\" \/>\n<meta property=\"og:title\" content=\"Kompletn\u00ed \u010di\u0161t\u011bn\u00ed IBC kontejner\u016f - Allpack GmbH\" \/>\n<meta property=\"og:description\" content=\"Ankauf und Verkauf von IBC-Containern, Paletten und Gitterboxen sowie professionelle Lohnreinigung und Rebottling.\" \/>\n<meta property=\"og:url\" content=\"https:\/\/allpack-gmbh.eu\/cs\/kompletni-cisteni-ibc-kontejneru\" \/>\n<meta property=\"og:site_name\" content=\"Allpack GmbH\" \/>\n<meta property=\"article:modified_time\" content=\"2026-01-26T15:41:46+00:00\" \/>\n<meta property=\"og:image\" content=\"https:\/\/allpack-gmbh.eu\/wp-content\/uploads\/2026\/01\/Banner-Allpack-GmbH.webp\" \/>\n\t<meta property=\"og:image:width\" content=\"1200\" \/>\n\t<meta property=\"og:image:height\" content=\"675\" \/>\n\t<meta property=\"og:image:type\" content=\"image\/webp\" \/>\n<meta name=\"twitter:card\" content=\"summary_large_image\" \/>\n<meta name=\"twitter:label1\" content=\"Odhadovan\u00e1 doba \u010dten\u00ed\" \/>\n\t<meta name=\"twitter:data1\" content=\"1 minuta\" \/>\n<script type=\"application\/ld+json\" class=\"yoast-schema-graph\">{\"@context\":\"https:\/\/schema.org\",\"@graph\":[{\"@type\":\"WebPage\",\"@id\":\"https:\/\/allpack-gmbh.eu\/cs\/kompletni-cisteni-ibc-kontejneru\",\"url\":\"https:\/\/allpack-gmbh.eu\/cs\/kompletni-cisteni-ibc-kontejneru\",\"name\":\"Kompletn\u00ed \u010di\u0161t\u011bn\u00ed IBC kontejner\u016f - Allpack GmbH\",\"isPartOf\":{\"@id\":\"https:\/\/allpack-gmbh.eu\/cs#website\"},\"datePublished\":\"2026-01-18T17:01:30+00:00\",\"dateModified\":\"2026-01-26T15:41:46+00:00\",\"description\":\"Ankauf und Verkauf von IBC-Containern, Paletten und Gitterboxen sowie professionelle Lohnreinigung und Rebottling.\",\"breadcrumb\":{\"@id\":\"https:\/\/allpack-gmbh.eu\/cs\/kompletni-cisteni-ibc-kontejneru#breadcrumb\"},\"inLanguage\":\"cs\",\"potentialAction\":[{\"@type\":\"ReadAction\",\"target\":[\"https:\/\/allpack-gmbh.eu\/cs\/kompletni-cisteni-ibc-kontejneru\"]}]},{\"@type\":\"BreadcrumbList\",\"@id\":\"https:\/\/allpack-gmbh.eu\/cs\/kompletni-cisteni-ibc-kontejneru#breadcrumb\",\"itemListElement\":[{\"@type\":\"ListItem\",\"position\":1,\"name\":\"Startseite\",\"item\":\"https:\/\/allpack-gmbh.eu\/cs\/home-v4\"},{\"@type\":\"ListItem\",\"position\":2,\"name\":\"Kompletn\u00ed \u010di\u0161t\u011bn\u00ed IBC kontejner\u016f\"}]},{\"@type\":\"WebSite\",\"@id\":\"https:\/\/allpack-gmbh.eu\/cs#website\",\"url\":\"https:\/\/allpack-gmbh.eu\/cs\",\"name\":\"Allpack GmbH\",\"description\":\"Ihr B2B Partner rund um IBC-Container, Paletten und Gitterboxen\",\"publisher\":{\"@id\":\"https:\/\/allpack-gmbh.eu\/cs#organization\"},\"potentialAction\":[{\"@type\":\"SearchAction\",\"target\":{\"@type\":\"EntryPoint\",\"urlTemplate\":\"https:\/\/allpack-gmbh.eu\/cs?s={search_term_string}\"},\"query-input\":{\"@type\":\"PropertyValueSpecification\",\"valueRequired\":true,\"valueName\":\"search_term_string\"}}],\"inLanguage\":\"cs\"},{\"@type\":\"Organization\",\"@id\":\"https:\/\/allpack-gmbh.eu\/cs#organization\",\"name\":\"Allpack GmbH\",\"url\":\"https:\/\/allpack-gmbh.eu\/cs\",\"logo\":{\"@type\":\"ImageObject\",\"inLanguage\":\"cs\",\"@id\":\"https:\/\/allpack-gmbh.eu\/cs#\/schema\/logo\/image\/\",\"url\":\"https:\/\/allpack-gmbh.eu\/wp-content\/uploads\/2021\/02\/allpack-gmbh-icon.png\",\"contentUrl\":\"https:\/\/allpack-gmbh.eu\/wp-content\/uploads\/2021\/02\/allpack-gmbh-icon.png\",\"width\":99,\"height\":119,\"caption\":\"Allpack GmbH\"},\"image\":{\"@id\":\"https:\/\/allpack-gmbh.eu\/cs#\/schema\/logo\/image\/\"}}]}<\/script>\n<!-- \/ Yoast SEO plugin. -->","yoast_head_json":{"title":"Kompletn\u00ed \u010di\u0161t\u011bn\u00ed IBC kontejner\u016f - Allpack GmbH","description":"Ankauf und Verkauf von IBC-Containern, Paletten und Gitterboxen sowie professionelle Lohnreinigung und Rebottling.","robots":{"index":"index","follow":"follow","max-snippet":"max-snippet:-1","max-image-preview":"max-image-preview:large","max-video-preview":"max-video-preview:-1"},"canonical":"https:\/\/allpack-gmbh.eu\/cs\/kompletni-cisteni-ibc-kontejneru","og_locale":"cs_CZ","og_type":"article","og_title":"Kompletn\u00ed \u010di\u0161t\u011bn\u00ed IBC kontejner\u016f - Allpack GmbH","og_description":"Ankauf und Verkauf von IBC-Containern, Paletten und Gitterboxen sowie professionelle Lohnreinigung und Rebottling.","og_url":"https:\/\/allpack-gmbh.eu\/cs\/kompletni-cisteni-ibc-kontejneru","og_site_name":"Allpack GmbH","article_modified_time":"2026-01-26T15:41:46+00:00","og_image":[{"width":1200,"height":675,"url":"https:\/\/allpack-gmbh.eu\/wp-content\/uploads\/2026\/01\/Banner-Allpack-GmbH.webp","type":"image\/webp"}],"twitter_card":"summary_large_image","twitter_misc":{"Odhadovan\u00e1 doba \u010dten\u00ed":"1 minuta"},"schema":{"@context":"https:\/\/schema.org","@graph":[{"@type":"WebPage","@id":"https:\/\/allpack-gmbh.eu\/cs\/kompletni-cisteni-ibc-kontejneru","url":"https:\/\/allpack-gmbh.eu\/cs\/kompletni-cisteni-ibc-kontejneru","name":"Kompletn\u00ed \u010di\u0161t\u011bn\u00ed IBC kontejner\u016f - Allpack GmbH","isPartOf":{"@id":"https:\/\/allpack-gmbh.eu\/cs#website"},"datePublished":"2026-01-18T17:01:30+00:00","dateModified":"2026-01-26T15:41:46+00:00","description":"Ankauf und Verkauf von IBC-Containern, Paletten und Gitterboxen sowie professionelle Lohnreinigung und Rebottling.","breadcrumb":{"@id":"https:\/\/allpack-gmbh.eu\/cs\/kompletni-cisteni-ibc-kontejneru#breadcrumb"},"inLanguage":"cs","potentialAction":[{"@type":"ReadAction","target":["https:\/\/allpack-gmbh.eu\/cs\/kompletni-cisteni-ibc-kontejneru"]}]},{"@type":"BreadcrumbList","@id":"https:\/\/allpack-gmbh.eu\/cs\/kompletni-cisteni-ibc-kontejneru#breadcrumb","itemListElement":[{"@type":"ListItem","position":1,"name":"Startseite","item":"https:\/\/allpack-gmbh.eu\/cs\/home-v4"},{"@type":"ListItem","position":2,"name":"Kompletn\u00ed \u010di\u0161t\u011bn\u00ed IBC kontejner\u016f"}]},{"@type":"WebSite","@id":"https:\/\/allpack-gmbh.eu\/cs#website","url":"https:\/\/allpack-gmbh.eu\/cs","name":"Allpack GmbH","description":"Ihr B2B Partner rund um IBC-Container, Paletten und Gitterboxen","publisher":{"@id":"https:\/\/allpack-gmbh.eu\/cs#organization"},"potentialAction":[{"@type":"SearchAction","target":{"@type":"EntryPoint","urlTemplate":"https:\/\/allpack-gmbh.eu\/cs?s={search_term_string}"},"query-input":{"@type":"PropertyValueSpecification","valueRequired":true,"valueName":"search_term_string"}}],"inLanguage":"cs"},{"@type":"Organization","@id":"https:\/\/allpack-gmbh.eu\/cs#organization","name":"Allpack GmbH","url":"https:\/\/allpack-gmbh.eu\/cs","logo":{"@type":"ImageObject","inLanguage":"cs","@id":"https:\/\/allpack-gmbh.eu\/cs#\/schema\/logo\/image\/","url":"https:\/\/allpack-gmbh.eu\/wp-content\/uploads\/2021\/02\/allpack-gmbh-icon.png","contentUrl":"https:\/\/allpack-gmbh.eu\/wp-content\/uploads\/2021\/02\/allpack-gmbh-icon.png","width":99,"height":119,"caption":"Allpack GmbH"},"image":{"@id":"https:\/\/allpack-gmbh.eu\/cs#\/schema\/logo\/image\/"}}]}},"_links":{"self":[{"href":"https:\/\/allpack-gmbh.eu\/cs\/wp-json\/wp\/v2\/pages\/4044","targetHints":{"allow":["GET"]}}],"collection":[{"href":"https:\/\/allpack-gmbh.eu\/cs\/wp-json\/wp\/v2\/pages"}],"about":[{"href":"https:\/\/allpack-gmbh.eu\/cs\/wp-json\/wp\/v2\/types\/page"}],"author":[{"embeddable":true,"href":"https:\/\/allpack-gmbh.eu\/cs\/wp-json\/wp\/v2\/users\/3"}],"replies":[{"embeddable":true,"href":"https:\/\/allpack-gmbh.eu\/cs\/wp-json\/wp\/v2\/comments?post=4044"}],"version-history":[{"count":0,"href":"https:\/\/allpack-gmbh.eu\/cs\/wp-json\/wp\/v2\/pages\/4044\/revisions"}],"wp:attachment":[{"href":"https:\/\/allpack-gmbh.eu\/cs\/wp-json\/wp\/v2\/media?parent=4044"}],"curies":[{"name":"wp","href":"https:\/\/api.w.org\/{rel}","templated":true}]}}