{"id":4037,"date":"2026-01-18T17:01:30","date_gmt":"2026-01-18T17:01:30","guid":{"rendered":"https:\/\/allpack-gmbh.eu\/palety"},"modified":"2026-01-18T21:20:41","modified_gmt":"2026-01-18T21:20:41","slug":"palety","status":"publish","type":"page","link":"https:\/\/allpack-gmbh.eu\/cs\/palety","title":{"rendered":"Palety"},"content":{"rendered":"\t\t<div data-elementor-type=\"wp-page\" data-elementor-id=\"4037\" class=\"elementor elementor-4037 elementor-2839\" data-elementor-post-type=\"page\">\n\t\t\t\t<div class=\"elementor-element elementor-element-7a6506d e-flex e-con-boxed wpr-particle-no wpr-jarallax-no wpr-parallax-no wpr-sticky-section-no e-con e-parent\" data-id=\"7a6506d\" data-element_type=\"container\" data-e-type=\"container\" data-settings=\"{&quot;background_background&quot;:&quot;classic&quot;}\">\n\t\t\t\t\t<div class=\"e-con-inner\">\n\t\t\t\t<div class=\"elementor-element elementor-element-fcb0b76 elementor-widget__width-initial elementor-widget elementor-widget-heading\" data-id=\"fcb0b76\" data-element_type=\"widget\" data-e-type=\"widget\" data-widget_type=\"heading.default\">\n\t\t\t\t\t<h1 class=\"elementor-heading-title elementor-size-default\">Palety<\/h1>\t\t\t\t<\/div>\n\t\t\t\t<div class=\"elementor-element elementor-element-7da5645 elementor-widget__width-initial elementor-widget elementor-widget-text-editor\" data-id=\"7da5645\" data-element_type=\"widget\" data-e-type=\"widget\" data-widget_type=\"text-editor.default\">\n\t\t\t\t\t\t\t\t\t<p>Vykupujeme a prod\u00e1v\u00e1me v\u0161echny b\u011b\u017en\u00e9 konstrukce palet.<\/p>\t\t\t\t\t\t\t\t<\/div>\n\t\t\t\t\t<\/div>\n\t\t\t\t<\/div>\n\t\t<div class=\"elementor-element elementor-element-20e341a e-flex e-con-boxed wpr-particle-no wpr-jarallax-no wpr-parallax-no wpr-sticky-section-no e-con e-parent\" data-id=\"20e341a\" data-element_type=\"container\" data-e-type=\"container\">\n\t\t\t\t\t<div class=\"e-con-inner\">\n\t\t<div class=\"elementor-element elementor-element-9ec380e e-con-full e-flex wpr-particle-no wpr-jarallax-no wpr-parallax-no wpr-sticky-section-no e-con e-child\" data-id=\"9ec380e\" data-element_type=\"container\" data-e-type=\"container\">\n\t\t<div class=\"elementor-element elementor-element-ec3c0bc e-con-full e-flex wpr-particle-no wpr-jarallax-no wpr-parallax-no wpr-sticky-section-no e-con e-child\" data-id=\"ec3c0bc\" data-element_type=\"container\" data-e-type=\"container\">\n\t\t<div class=\"elementor-element elementor-element-3991338 e-con-full e-flex wpr-particle-no wpr-jarallax-no wpr-parallax-no wpr-sticky-section-no e-con e-child\" data-id=\"3991338\" data-element_type=\"container\" data-e-type=\"container\" data-settings=\"{&quot;background_background&quot;:&quot;classic&quot;}\">\n\t\t\t\t<\/div>\n\t\t<div class=\"elementor-element elementor-element-0a82b27 e-con-full e-flex wpr-particle-no wpr-jarallax-no wpr-parallax-no wpr-sticky-section-no e-con e-child\" data-id=\"0a82b27\" data-element_type=\"container\" data-e-type=\"container\">\n\t\t\t\t<div class=\"elementor-element elementor-element-54b3e30 elementor-widget elementor-widget-heading\" data-id=\"54b3e30\" data-element_type=\"widget\" data-e-type=\"widget\" data-widget_type=\"heading.default\">\n\t\t\t\t\t<h2 class=\"elementor-heading-title elementor-size-default\">Euro palety<\/h2>\t\t\t\t<\/div>\n\t\t\t\t<div class=\"elementor-element elementor-element-9aacfd0 elementor-widget elementor-widget-text-editor\" data-id=\"9aacfd0\" data-element_type=\"widget\" data-e-type=\"widget\" data-widget_type=\"text-editor.default\">\n\t\t\t\t\t\t\t\t\t<p>Stabiln\u00ed europalety lze exportovat do cel\u00e9ho sv\u011bta, maj\u00ed certifikaci EPAL a lze je tedy mezin\u00e1rodn\u011b vym\u011b\u0148ovat. Stabiln\u00ed, robustn\u00ed, odoln\u00e9, p\u0159\u00edstupn\u00e9 ze 4 stran, odpov\u00eddaj\u00edc\u00ed sm\u011brnic\u00edm IPPC \/ ISPM15.<\/p>\t\t\t\t\t\t\t\t<\/div>\n\t\t\t\t<\/div>\n\t\t\t\t<\/div>\n\t\t<div class=\"elementor-element elementor-element-42ef9ec e-con-full e-flex wpr-particle-no wpr-jarallax-no wpr-parallax-no wpr-sticky-section-no e-con e-child\" data-id=\"42ef9ec\" data-element_type=\"container\" data-e-type=\"container\">\n\t\t<div class=\"elementor-element elementor-element-182b174 e-con-full e-flex wpr-particle-no wpr-jarallax-no wpr-parallax-no wpr-sticky-section-no e-con e-child\" data-id=\"182b174\" data-element_type=\"container\" data-e-type=\"container\" data-settings=\"{&quot;background_background&quot;:&quot;classic&quot;}\">\n\t\t\t\t<\/div>\n\t\t<div class=\"elementor-element elementor-element-58573e0 e-con-full e-flex wpr-particle-no wpr-jarallax-no wpr-parallax-no wpr-sticky-section-no e-con e-child\" data-id=\"58573e0\" data-element_type=\"container\" data-e-type=\"container\">\n\t\t\t\t<div class=\"elementor-element elementor-element-44c90a0 elementor-widget elementor-widget-heading\" data-id=\"44c90a0\" data-element_type=\"widget\" data-e-type=\"widget\" data-widget_type=\"heading.default\">\n\t\t\t\t\t<h2 class=\"elementor-heading-title elementor-size-default\">Jednor\u00e1zov\u00e9 palety<\/h2>\t\t\t\t<\/div>\n\t\t\t\t<div class=\"elementor-element elementor-element-1926d60 elementor-widget elementor-widget-text-editor\" data-id=\"1926d60\" data-element_type=\"widget\" data-e-type=\"widget\" data-widget_type=\"text-editor.default\">\n\t\t\t\t\t\t\t\t\t<p>Skute\u010dn\u00e1 alternativa k europalet\u00e1m z odoln\u00e9ho masivn\u00edho d\u0159eva v kvalit\u011b dle standardu IPPC.<\/p>\t\t\t\t\t\t\t\t<\/div>\n\t\t\t\t<\/div>\n\t\t\t\t<\/div>\n\t\t<div class=\"elementor-element elementor-element-90c8433 e-con-full e-flex wpr-particle-no wpr-jarallax-no wpr-parallax-no wpr-sticky-section-no e-con e-child\" data-id=\"90c8433\" data-element_type=\"container\" data-e-type=\"container\">\n\t\t<div class=\"elementor-element elementor-element-d228f62 e-con-full e-flex wpr-particle-no wpr-jarallax-no wpr-parallax-no wpr-sticky-section-no e-con e-child\" data-id=\"d228f62\" data-element_type=\"container\" data-e-type=\"container\" data-settings=\"{&quot;background_background&quot;:&quot;classic&quot;}\">\n\t\t\t\t<\/div>\n\t\t<div class=\"elementor-element elementor-element-5771d22 e-con-full e-flex wpr-particle-no wpr-jarallax-no wpr-parallax-no wpr-sticky-section-no e-con e-child\" data-id=\"5771d22\" data-element_type=\"container\" data-e-type=\"container\">\n\t\t\t\t<div class=\"elementor-element elementor-element-35010d6 elementor-widget elementor-widget-heading\" data-id=\"35010d6\" data-element_type=\"widget\" data-e-type=\"widget\" data-widget_type=\"heading.default\">\n\t\t\t\t\t<h2 class=\"elementor-heading-title elementor-size-default\">Plastov\u00e9 palety<\/h2>\t\t\t\t<\/div>\n\t\t\t\t<div class=\"elementor-element elementor-element-8d5ffdd elementor-widget elementor-widget-text-editor\" data-id=\"8d5ffdd\" data-element_type=\"widget\" data-e-type=\"widget\" data-widget_type=\"text-editor.default\">\n\t\t\t\t\t\t\t\t\t<p>Ide\u00e1ln\u00ed pro mezin\u00e1rodn\u00ed p\u0159epravu ve v\u0161ech standardn\u00edch velikostech, lze pod n\u011bj zajet ze 4 stran.<\/p>\t\t\t\t\t\t\t\t<\/div>\n\t\t\t\t<\/div>\n\t\t\t\t<\/div>\n\t\t<div class=\"elementor-element elementor-element-5038e50 e-con-full e-flex wpr-particle-no wpr-jarallax-no wpr-parallax-no wpr-sticky-section-no e-con e-child\" data-id=\"5038e50\" data-element_type=\"container\" data-e-type=\"container\">\n\t\t<div class=\"elementor-element elementor-element-1bbba82 e-con-full e-flex wpr-particle-no wpr-jarallax-no wpr-parallax-no wpr-sticky-section-no e-con e-child\" data-id=\"1bbba82\" data-element_type=\"container\" data-e-type=\"container\" data-settings=\"{&quot;background_background&quot;:&quot;classic&quot;}\">\n\t\t\t\t<\/div>\n\t\t<div class=\"elementor-element elementor-element-4f715c0 e-con-full e-flex wpr-particle-no wpr-jarallax-no wpr-parallax-no wpr-sticky-section-no e-con e-child\" data-id=\"4f715c0\" data-element_type=\"container\" data-e-type=\"container\">\n\t\t\t\t<div class=\"elementor-element elementor-element-b17259c elementor-widget elementor-widget-heading\" data-id=\"b17259c\" data-element_type=\"widget\" data-e-type=\"widget\" data-widget_type=\"heading.default\">\n\t\t\t\t\t<h2 class=\"elementor-heading-title elementor-size-default\">Chemick\u00e9 palety<\/h2>\t\t\t\t<\/div>\n\t\t\t\t<div class=\"elementor-element elementor-element-4655397 elementor-widget elementor-widget-text-editor\" data-id=\"4655397\" data-element_type=\"widget\" data-e-type=\"widget\" data-widget_type=\"text-editor.default\">\n\t\t\t\t\t\t\t\t\t<p>Pro po\u017eadavky chemick\u00e9ho pr\u016fmyslu, vyrobeno ze d\u0159eva, se 3 pojezdy, konstruk\u010dn\u00ed norma VCI\/APME.<\/p>\t\t\t\t\t\t\t\t<\/div>\n\t\t\t\t<\/div>\n\t\t\t\t<\/div>\n\t\t\t\t<\/div>\n\t\t\t\t\t<\/div>\n\t\t\t\t<\/div>\n\t\t<div class=\"elementor-element elementor-element-8547094 e-flex e-con-boxed wpr-particle-no wpr-jarallax-no wpr-parallax-no wpr-sticky-section-no e-con e-parent\" data-id=\"8547094\" data-element_type=\"container\" data-e-type=\"container\">\n\t\t\t\t\t<div class=\"e-con-inner\">\n\t\t<div class=\"elementor-element elementor-element-79878c7 e-con-full e-flex wpr-particle-no wpr-jarallax-no wpr-parallax-no wpr-sticky-section-no e-con e-child\" data-id=\"79878c7\" data-element_type=\"container\" data-e-type=\"container\">\n\t\t\t\t<div class=\"elementor-element elementor-element-67f9a3f elementor-view-default elementor-widget elementor-widget-icon\" data-id=\"67f9a3f\" data-element_type=\"widget\" data-e-type=\"widget\" data-widget_type=\"icon.default\">\n\t\t\t\t\t\t\t<div class=\"elementor-icon-wrapper\">\n\t\t\t<div class=\"elementor-icon\">\n\t\t\t<svg xmlns=\"http:\/\/www.w3.org\/2000\/svg\" id=\"Layer_2\" data-name=\"Layer 2\" viewBox=\"0 0 551.68 356.85\"><defs><style>      .cls-1 {        stroke-width: 0px;      }    <\/style><\/defs><g id=\"Layer_1-2\" data-name=\"Layer 1\"><path class=\"cls-1\" d=\"m439.08,301.98H111.79c0,11.9-.43,23.54.13,35.13.52,10.84-6.69,20.06-19.63,19.73-24.81-.64-49.66-.19-74.49-.18-11.1,0-17.71-6.1-17.73-17.05-.1-45.16-.09-90.32.03-135.48,0-2.72.95-5.59,2.07-8.12C28.5,136.58,54.93,77.19,81.32,17.79,86.69,5.7,95.66-.02,109.15,0c111.49.17,222.97.14,334.46.05,12.71-.01,21.08,5.86,26.13,17.16,18.98,42.5,37.97,84.99,56.95,127.49,7.53,16.85,15.17,33.65,22.46,50.6,1.53,3.55,2.41,7.66,2.43,11.52.16,43.66.11,87.32.09,130.98,0,12.71-6.28,18.86-19.08,18.85-24.66-.01-49.33,0-73.99.01-12.36,0-18.71-6.25-18.83-18.7-.11-11.5-.11-22.99-.18-34.49,0-.31-.2-.62-.49-1.5ZM30.31,196.15h491c-6.19-13.75-12.33-26.83-17.93-40.15-1.77-4.2-3.87-5.52-8.42-5.52-117.12.14-234.24.1-351.37.09-29.49,0-58.98-.03-88.47.12-1.79,0-4.59.95-5.2,2.26-6.65,14.11-12.96,28.38-19.62,43.19Zm458.86-72.27c-5.61-12.52-10.94-24.64-16.59-36.61-.49-1.04-3.13-1.5-4.77-1.5-127.93-.07-255.86-.05-383.8-.11-2.86,0-4.44.74-5.63,3.5-4.48,10.37-9.24,20.62-13.86,30.94-.5,1.12-.77,2.34-1.24,3.78h425.88ZM90.98,59.66h369.07c-.45-1.43-.68-2.53-1.12-3.53-3.71-8.35-7.66-16.61-11.12-25.07-1.51-3.69-3.56-4.68-7.45-4.68-78.15.13-156.3.1-234.45.1-31.83,0-63.65-.03-95.48.1-1.82,0-4.65.87-5.29,2.17-4.87,9.96-9.3,20.14-14.17,30.9ZM25.83,222.95v52.55h195.74v-52.55H25.83Zm304.68-.06v52.47h195.45v-52.47h-195.45Zm-26.08,52.65v-52.51h-56.57v52.51h56.57Zm160.56,26.42v28.49h60.73v-28.49h-60.73Zm-379.23.09H25.67v28.73h60.09v-28.73Z\"><\/path><\/g><\/svg>\t\t\t<\/div>\n\t\t<\/div>\n\t\t\t\t\t\t<\/div>\n\t\t\t\t<div class=\"elementor-element elementor-element-14857e3 elementor-widget elementor-widget-heading\" data-id=\"14857e3\" data-element_type=\"widget\" data-e-type=\"widget\" data-widget_type=\"heading.default\">\n\t\t\t\t\t<h2 class=\"elementor-heading-title elementor-size-default\">Palety nejvy\u0161\u0161\u00ed kvality - nov\u00e9, pou\u017eit\u00e9 nebo na v\u00fdm\u011bnu<\/h2>\t\t\t\t<\/div>\n\t\t\t\t<div class=\"elementor-element elementor-element-9408a74 elementor-widget elementor-widget-text-editor\" data-id=\"9408a74\" data-element_type=\"widget\" data-e-type=\"widget\" data-widget_type=\"text-editor.default\">\n\t\t\t\t\t\t\t\t\t<p>A\u0165 u\u017e se jedn\u00e1 o d\u0159ev\u011bn\u00e9, plastov\u00e9 nebo ocelov\u00e9 palety &#8211; nab\u00edz\u00edme v\u00e1m robustn\u00ed a prov\u011b\u0159en\u00e9 palety pro skladov\u00e1n\u00ed, p\u0159epravu a pr\u016fmyslov\u00e9 pou\u017eit\u00ed.<br data-start=\"201\" data-end=\"204\">Vyu\u017eijte v\u00fdhod f\u00e9rov\u00fdch podm\u00ednek, rychl\u00e9 dostupnosti a trval\u00e9 n\u00e1vratnosti pou\u017eit\u00fdch palet.<\/p>\t\t\t\t\t\t\t\t<\/div>\n\t\t\t\t<\/div>\n\t\t\t\t<div class=\"elementor-element elementor-element-0ed12d8 elementor-align-justify elementor-widget elementor-widget-button\" data-id=\"0ed12d8\" data-element_type=\"widget\" data-e-type=\"widget\" data-widget_type=\"button.default\">\n\t\t\t\t\t\t\t\t\t\t<a class=\"elementor-button elementor-button-link elementor-size-sm\" href=\"https:\/\/allpack-gmbh.eu\/cs\/anfrageformular\">\n\t\t\t\t\t\t<span class=\"elementor-button-content-wrapper\">\n\t\t\t\t\t\t<span class=\"elementor-button-icon\">\n\t\t\t\t<i aria-hidden=\"true\" class=\"icon icon-chevron-right\"><\/i>\t\t\t<\/span>\n\t\t\t\t\t\t\t\t\t<span class=\"elementor-button-text\">K popt\u00e1vkov\u00e9mu formul\u00e1\u0159i<\/span>\n\t\t\t\t\t<\/span>\n\t\t\t\t\t<\/a>\n\t\t\t\t\t\t\t\t<\/div>\n\t\t\t\t\t<\/div>\n\t\t\t\t<\/div>\n\t\t\t\t<\/div>\n\t\t","protected":false},"excerpt":{"rendered":"<p>Palety Vykupujeme a prod\u00e1v\u00e1me v\u0161echny b\u011b\u017en\u00e9 konstrukce palet. Euro palety Stabiln\u00ed europalety lze exportovat do cel\u00e9ho sv\u011bta, maj\u00ed certifikaci EPAL a lze je tedy mezin\u00e1rodn\u011b vym\u011b\u0148ovat. Stabiln\u00ed, robustn\u00ed, odoln\u00e9, p\u0159\u00edstupn\u00e9 ze 4 stran, odpov\u00eddaj\u00edc\u00ed sm\u011brnic\u00edm IPPC \/ ISPM15. Jednor\u00e1zov\u00e9 palety Skute\u010dn\u00e1 alternativa k europalet\u00e1m z odoln\u00e9ho masivn\u00edho d\u0159eva v kvalit\u011b dle standardu IPPC. Plastov\u00e9 palety Ide\u00e1ln\u00ed pro mezin\u00e1rodn\u00ed p\u0159epravu ve v\u0161ech standardn\u00edch velikostech, lze pod n\u011bj zajet ze 4 stran. Chemick\u00e9 palety Pro po\u017eadavky chemick\u00e9ho pr\u016fmyslu, vyrobeno ze d\u0159eva, se 3 pojezdy, konstruk\u010dn\u00ed norma VCI\/APME. Palety nejvy\u0161\u0161\u00ed kvality &#8211; nov\u00e9, pou\u017eit\u00e9 nebo na v\u00fdm\u011bnu A\u0165 u\u017e se jedn\u00e1 o d\u0159ev\u011bn\u00e9, plastov\u00e9 nebo ocelov\u00e9 palety &#8211; nab\u00edz\u00edme v\u00e1m robustn\u00ed a prov\u011b\u0159en\u00e9 palety pro skladov\u00e1n\u00ed, p\u0159epravu a pr\u016fmyslov\u00e9 pou\u017eit\u00ed.Vyu\u017eijte v\u00fdhod f\u00e9rov\u00fdch podm\u00ednek, rychl\u00e9 dostupnosti a trval\u00e9 n\u00e1vratnosti pou\u017eit\u00fdch palet. K popt\u00e1vkov\u00e9mu formul\u00e1\u0159i<\/p>\n","protected":false},"author":3,"featured_media":4038,"parent":0,"menu_order":0,"comment_status":"closed","ping_status":"closed","template":"","meta":{"footnotes":""},"class_list":["post-4037","page","type-page","status-publish","has-post-thumbnail","hentry"],"yoast_head":"<!-- This site is optimized with the Yoast SEO plugin v27.2 - https:\/\/yoast.com\/product\/yoast-seo-wordpress\/ -->\n<title>Palety - Allpack GmbH<\/title>\n<meta name=\"description\" content=\"Ankauf und Verkauf von IBC-Containern, Paletten und Gitterboxen sowie professionelle Lohnreinigung und Rebottling.\" \/>\n<meta name=\"robots\" content=\"index, follow, max-snippet:-1, max-image-preview:large, max-video-preview:-1\" \/>\n<link rel=\"canonical\" href=\"https:\/\/allpack-gmbh.eu\/cs\/palety\" \/>\n<meta property=\"og:locale\" content=\"cs_CZ\" \/>\n<meta property=\"og:type\" content=\"article\" \/>\n<meta property=\"og:title\" content=\"Palety - Allpack GmbH\" \/>\n<meta property=\"og:description\" content=\"Ankauf und Verkauf von IBC-Containern, Paletten und Gitterboxen sowie professionelle Lohnreinigung und Rebottling.\" \/>\n<meta property=\"og:url\" content=\"https:\/\/allpack-gmbh.eu\/cs\/palety\" \/>\n<meta property=\"og:site_name\" content=\"Allpack GmbH\" \/>\n<meta property=\"article:modified_time\" content=\"2026-01-18T21:20:41+00:00\" \/>\n<meta property=\"og:image\" content=\"https:\/\/allpack-gmbh.eu\/wp-content\/uploads\/2026\/01\/Banner-Allpack-GmbH.webp\" \/>\n\t<meta property=\"og:image:width\" content=\"1200\" \/>\n\t<meta property=\"og:image:height\" content=\"675\" \/>\n\t<meta property=\"og:image:type\" content=\"image\/webp\" \/>\n<meta name=\"twitter:card\" content=\"summary_large_image\" \/>\n<meta name=\"twitter:label1\" content=\"Odhadovan\u00e1 doba \u010dten\u00ed\" \/>\n\t<meta name=\"twitter:data1\" content=\"1 minuta\" \/>\n<script type=\"application\/ld+json\" class=\"yoast-schema-graph\">{\"@context\":\"https:\/\/schema.org\",\"@graph\":[{\"@type\":\"WebPage\",\"@id\":\"https:\/\/allpack-gmbh.eu\/cs\/palety\",\"url\":\"https:\/\/allpack-gmbh.eu\/cs\/palety\",\"name\":\"Palety - Allpack GmbH\",\"isPartOf\":{\"@id\":\"https:\/\/allpack-gmbh.eu\/cs#website\"},\"primaryImageOfPage\":{\"@id\":\"https:\/\/allpack-gmbh.eu\/cs\/palety#primaryimage\"},\"image\":{\"@id\":\"https:\/\/allpack-gmbh.eu\/cs\/palety#primaryimage\"},\"thumbnailUrl\":\"https:\/\/allpack-gmbh.eu\/wp-content\/uploads\/2025\/11\/Euro-Paletten.webp\",\"datePublished\":\"2026-01-18T17:01:30+00:00\",\"dateModified\":\"2026-01-18T21:20:41+00:00\",\"description\":\"Ankauf und Verkauf von IBC-Containern, Paletten und Gitterboxen sowie professionelle Lohnreinigung und Rebottling.\",\"breadcrumb\":{\"@id\":\"https:\/\/allpack-gmbh.eu\/cs\/palety#breadcrumb\"},\"inLanguage\":\"cs\",\"potentialAction\":[{\"@type\":\"ReadAction\",\"target\":[\"https:\/\/allpack-gmbh.eu\/cs\/palety\"]}]},{\"@type\":\"ImageObject\",\"inLanguage\":\"cs\",\"@id\":\"https:\/\/allpack-gmbh.eu\/cs\/palety#primaryimage\",\"url\":\"https:\/\/allpack-gmbh.eu\/wp-content\/uploads\/2025\/11\/Euro-Paletten.webp\",\"contentUrl\":\"https:\/\/allpack-gmbh.eu\/wp-content\/uploads\/2025\/11\/Euro-Paletten.webp\",\"width\":1034,\"height\":424},{\"@type\":\"BreadcrumbList\",\"@id\":\"https:\/\/allpack-gmbh.eu\/cs\/palety#breadcrumb\",\"itemListElement\":[{\"@type\":\"ListItem\",\"position\":1,\"name\":\"Startseite\",\"item\":\"https:\/\/allpack-gmbh.eu\/cs\/home-v4\"},{\"@type\":\"ListItem\",\"position\":2,\"name\":\"Palety\"}]},{\"@type\":\"WebSite\",\"@id\":\"https:\/\/allpack-gmbh.eu\/cs#website\",\"url\":\"https:\/\/allpack-gmbh.eu\/cs\",\"name\":\"Allpack GmbH\",\"description\":\"Ihr B2B Partner rund um IBC-Container, Paletten und Gitterboxen\",\"publisher\":{\"@id\":\"https:\/\/allpack-gmbh.eu\/cs#organization\"},\"potentialAction\":[{\"@type\":\"SearchAction\",\"target\":{\"@type\":\"EntryPoint\",\"urlTemplate\":\"https:\/\/allpack-gmbh.eu\/cs?s={search_term_string}\"},\"query-input\":{\"@type\":\"PropertyValueSpecification\",\"valueRequired\":true,\"valueName\":\"search_term_string\"}}],\"inLanguage\":\"cs\"},{\"@type\":\"Organization\",\"@id\":\"https:\/\/allpack-gmbh.eu\/cs#organization\",\"name\":\"Allpack GmbH\",\"url\":\"https:\/\/allpack-gmbh.eu\/cs\",\"logo\":{\"@type\":\"ImageObject\",\"inLanguage\":\"cs\",\"@id\":\"https:\/\/allpack-gmbh.eu\/cs#\/schema\/logo\/image\/\",\"url\":\"https:\/\/allpack-gmbh.eu\/wp-content\/uploads\/2021\/02\/allpack-gmbh-icon.png\",\"contentUrl\":\"https:\/\/allpack-gmbh.eu\/wp-content\/uploads\/2021\/02\/allpack-gmbh-icon.png\",\"width\":99,\"height\":119,\"caption\":\"Allpack GmbH\"},\"image\":{\"@id\":\"https:\/\/allpack-gmbh.eu\/cs#\/schema\/logo\/image\/\"}}]}<\/script>\n<!-- \/ Yoast SEO plugin. -->","yoast_head_json":{"title":"Palety - Allpack GmbH","description":"Ankauf und Verkauf von IBC-Containern, Paletten und Gitterboxen sowie professionelle Lohnreinigung und Rebottling.","robots":{"index":"index","follow":"follow","max-snippet":"max-snippet:-1","max-image-preview":"max-image-preview:large","max-video-preview":"max-video-preview:-1"},"canonical":"https:\/\/allpack-gmbh.eu\/cs\/palety","og_locale":"cs_CZ","og_type":"article","og_title":"Palety - Allpack GmbH","og_description":"Ankauf und Verkauf von IBC-Containern, Paletten und Gitterboxen sowie professionelle Lohnreinigung und Rebottling.","og_url":"https:\/\/allpack-gmbh.eu\/cs\/palety","og_site_name":"Allpack GmbH","article_modified_time":"2026-01-18T21:20:41+00:00","og_image":[{"width":1200,"height":675,"url":"https:\/\/allpack-gmbh.eu\/wp-content\/uploads\/2026\/01\/Banner-Allpack-GmbH.webp","type":"image\/webp"}],"twitter_card":"summary_large_image","twitter_misc":{"Odhadovan\u00e1 doba \u010dten\u00ed":"1 minuta"},"schema":{"@context":"https:\/\/schema.org","@graph":[{"@type":"WebPage","@id":"https:\/\/allpack-gmbh.eu\/cs\/palety","url":"https:\/\/allpack-gmbh.eu\/cs\/palety","name":"Palety - Allpack GmbH","isPartOf":{"@id":"https:\/\/allpack-gmbh.eu\/cs#website"},"primaryImageOfPage":{"@id":"https:\/\/allpack-gmbh.eu\/cs\/palety#primaryimage"},"image":{"@id":"https:\/\/allpack-gmbh.eu\/cs\/palety#primaryimage"},"thumbnailUrl":"https:\/\/allpack-gmbh.eu\/wp-content\/uploads\/2025\/11\/Euro-Paletten.webp","datePublished":"2026-01-18T17:01:30+00:00","dateModified":"2026-01-18T21:20:41+00:00","description":"Ankauf und Verkauf von IBC-Containern, Paletten und Gitterboxen sowie professionelle Lohnreinigung und Rebottling.","breadcrumb":{"@id":"https:\/\/allpack-gmbh.eu\/cs\/palety#breadcrumb"},"inLanguage":"cs","potentialAction":[{"@type":"ReadAction","target":["https:\/\/allpack-gmbh.eu\/cs\/palety"]}]},{"@type":"ImageObject","inLanguage":"cs","@id":"https:\/\/allpack-gmbh.eu\/cs\/palety#primaryimage","url":"https:\/\/allpack-gmbh.eu\/wp-content\/uploads\/2025\/11\/Euro-Paletten.webp","contentUrl":"https:\/\/allpack-gmbh.eu\/wp-content\/uploads\/2025\/11\/Euro-Paletten.webp","width":1034,"height":424},{"@type":"BreadcrumbList","@id":"https:\/\/allpack-gmbh.eu\/cs\/palety#breadcrumb","itemListElement":[{"@type":"ListItem","position":1,"name":"Startseite","item":"https:\/\/allpack-gmbh.eu\/cs\/home-v4"},{"@type":"ListItem","position":2,"name":"Palety"}]},{"@type":"WebSite","@id":"https:\/\/allpack-gmbh.eu\/cs#website","url":"https:\/\/allpack-gmbh.eu\/cs","name":"Allpack GmbH","description":"Ihr B2B Partner rund um IBC-Container, Paletten und Gitterboxen","publisher":{"@id":"https:\/\/allpack-gmbh.eu\/cs#organization"},"potentialAction":[{"@type":"SearchAction","target":{"@type":"EntryPoint","urlTemplate":"https:\/\/allpack-gmbh.eu\/cs?s={search_term_string}"},"query-input":{"@type":"PropertyValueSpecification","valueRequired":true,"valueName":"search_term_string"}}],"inLanguage":"cs"},{"@type":"Organization","@id":"https:\/\/allpack-gmbh.eu\/cs#organization","name":"Allpack GmbH","url":"https:\/\/allpack-gmbh.eu\/cs","logo":{"@type":"ImageObject","inLanguage":"cs","@id":"https:\/\/allpack-gmbh.eu\/cs#\/schema\/logo\/image\/","url":"https:\/\/allpack-gmbh.eu\/wp-content\/uploads\/2021\/02\/allpack-gmbh-icon.png","contentUrl":"https:\/\/allpack-gmbh.eu\/wp-content\/uploads\/2021\/02\/allpack-gmbh-icon.png","width":99,"height":119,"caption":"Allpack GmbH"},"image":{"@id":"https:\/\/allpack-gmbh.eu\/cs#\/schema\/logo\/image\/"}}]}},"_links":{"self":[{"href":"https:\/\/allpack-gmbh.eu\/cs\/wp-json\/wp\/v2\/pages\/4037","targetHints":{"allow":["GET"]}}],"collection":[{"href":"https:\/\/allpack-gmbh.eu\/cs\/wp-json\/wp\/v2\/pages"}],"about":[{"href":"https:\/\/allpack-gmbh.eu\/cs\/wp-json\/wp\/v2\/types\/page"}],"author":[{"embeddable":true,"href":"https:\/\/allpack-gmbh.eu\/cs\/wp-json\/wp\/v2\/users\/3"}],"replies":[{"embeddable":true,"href":"https:\/\/allpack-gmbh.eu\/cs\/wp-json\/wp\/v2\/comments?post=4037"}],"version-history":[{"count":0,"href":"https:\/\/allpack-gmbh.eu\/cs\/wp-json\/wp\/v2\/pages\/4037\/revisions"}],"wp:featuredmedia":[{"embeddable":true,"href":"https:\/\/allpack-gmbh.eu\/cs\/wp-json\/wp\/v2\/media\/4038"}],"wp:attachment":[{"href":"https:\/\/allpack-gmbh.eu\/cs\/wp-json\/wp\/v2\/media?parent=4037"}],"curies":[{"name":"wp","href":"https:\/\/api.w.org\/{rel}","templated":true}]}}